{"id":8018,"date":"2026-03-03T10:42:55","date_gmt":"2026-03-03T02:42:55","guid":{"rendered":"https:\/\/conshongkong.esteri.it\/?page_id=8018"},"modified":"2026-03-03T10:42:55","modified_gmt":"2026-03-03T02:42:55","slug":"in-corso-la-spedizione-delle-schede-elettorali","status":"publish","type":"page","link":"https:\/\/conshongkong.esteri.it\/it\/servizi-consolari-e-visti\/servizi-per-il-cittadino-italiano\/voto-allestero\/referendum-costituzionale-confermativo-dei-giorni-22-e-23-marzo-2026\/in-corso-la-spedizione-delle-schede-elettorali\/","title":{"rendered":"In corso la spedizione delle schede elettorali"},"content":{"rendered":"<p style=\"text-align: justify;\"><img loading=\"lazy\" decoding=\"async\" class=\"alignnone size-full wp-image-7786 img-fluid\" src=\"https:\/\/conshongkong.esteri.it\/wp-content\/uploads\/2026\/02\/CARD-8-ORIZZONTALE.jpg\" alt=\"\" width=\"1920\" height=\"1080\" srcset=\"https:\/\/conshongkong.esteri.it\/wp-content\/uploads\/2026\/02\/CARD-8-ORIZZONTALE.jpg 1920w, https:\/\/conshongkong.esteri.it\/wp-content\/uploads\/2026\/02\/CARD-8-ORIZZONTALE-300x169.jpg 300w, https:\/\/conshongkong.esteri.it\/wp-content\/uploads\/2026\/02\/CARD-8-ORIZZONTALE-1024x576.jpg 1024w, https:\/\/conshongkong.esteri.it\/wp-content\/uploads\/2026\/02\/CARD-8-ORIZZONTALE-768x432.jpg 768w\" sizes=\"auto, (max-width: 1920px) 100vw, 1920px\" \/><\/p>\n<p style=\"text-align: justify;\">\u00c8 in corso la spedizione delle schede elettorali. La busta preaffrancata contenente le schede elettorali dovr\u00e0 pervenire al Consolato Generale entro le ore 16.00 di gioved\u00ec 19 marzo. Nel foglio informativo si trovano tutte le indicazioni per votare e restituire le schede al Consolato Generale d&#8217;Italia Hong Kong.<\/p>\n","protected":false},"excerpt":{"rendered":"\u00c8 in corso la spedizione delle schede elettorali. La busta preaffrancata contenente le schede elettorali dovr\u00e0 pervenire al Consolato Generale entro le ore 16.00 di gioved\u00ec 19 marzo. Nel foglio informativo si trovano tutte le indicazioni per votare e restituire le schede al Consolato Generale d&#8217;Italia Hong Kong.","protected":false},"author":6,"featured_media":7786,"parent":7470,"menu_order":0,"comment_status":"closed","ping_status":"closed","template":"","meta":{"footnotes":""},"class_list":["post-8018","page","type-page","status-publish","has-post-thumbnail","hentry"],"_links":{"self":[{"href":"https:\/\/conshongkong.esteri.it\/it\/wp-json\/wp\/v2\/pages\/8018","targetHints":{"allow":["GET"]}}],"collection":[{"href":"https:\/\/conshongkong.esteri.it\/it\/wp-json\/wp\/v2\/pages"}],"about":[{"href":"https:\/\/conshongkong.esteri.it\/it\/wp-json\/wp\/v2\/types\/page"}],"author":[{"embeddable":true,"href":"https:\/\/conshongkong.esteri.it\/it\/wp-json\/wp\/v2\/users\/6"}],"replies":[{"embeddable":true,"href":"https:\/\/conshongkong.esteri.it\/it\/wp-json\/wp\/v2\/comments?post=8018"}],"version-history":[{"count":1,"href":"https:\/\/conshongkong.esteri.it\/it\/wp-json\/wp\/v2\/pages\/8018\/revisions"}],"predecessor-version":[{"id":8020,"href":"https:\/\/conshongkong.esteri.it\/it\/wp-json\/wp\/v2\/pages\/8018\/revisions\/8020"}],"up":[{"embeddable":true,"href":"https:\/\/conshongkong.esteri.it\/it\/wp-json\/wp\/v2\/pages\/7470"}],"wp:featuredmedia":[{"embeddable":true,"href":"https:\/\/conshongkong.esteri.it\/it\/wp-json\/wp\/v2\/media\/7786"}],"wp:attachment":[{"href":"https:\/\/conshongkong.esteri.it\/it\/wp-json\/wp\/v2\/media?parent=8018"}],"curies":[{"name":"wp","href":"https:\/\/api.w.org\/{rel}","templated":true}]}}