{"id":80,"date":"2022-12-16T16:38:41","date_gmt":"2022-12-16T15:38:41","guid":{"rendered":"https:\/\/conshongkong.esteri.it\/?page_id=80"},"modified":"2026-04-20T23:07:20","modified_gmt":"2026-04-20T15:07:20","slug":"visti","status":"publish","type":"page","link":"https:\/\/conshongkong.esteri.it\/it\/servizi-consolari-e-visti\/servizi-per-il-cittadino-straniero\/visti\/","title":{"rendered":"Visti"},"content":{"rendered":"<p>L\u2019Ufficio Visti riceve le richieste di visto solo su appuntamento\u00a0<strong>dal luned\u00ec al venerd\u00ec dalle 9.00 alle 12.30, il marted\u00ec e il gioved\u00ec dalle 14.15 alle 15.40 solo per i visti di tipo D (visto nazionale).<\/strong><\/p>\n<p>Le domande di visto vanno sempre e solo presentate di persona. Il Consolato Generale d\u2019Italia a Hong Kong non autorizza terzi o agenzie intermediarie alla presentazione di domande di visto.<\/p>\n<hr \/>\n<ul>\n<li>Per richiedere un visto \u00e8 necessario prendere<strong> appuntamento tramite il nostro sistema di prenotazione online &#8211; <\/strong><a href=\"https:\/\/prenotami.esteri.it\/\"><strong>https:\/\/prenotami.esteri.it\/<\/strong><\/a> . Il servizio di prenotazione \u00e8 totalmente gratuito.<\/li>\n<li><strong><u>Visti Schengen (fino a 90 giorni)<\/u><\/strong><strong>: <\/strong>Dopo aver prenotato un appuntamento, \u00e8 necessario <strong>compilare la domanda di visto online dal sito:<br \/>\n<\/strong><a href=\"https:\/\/e-applicationvisa.esteri.it\/index.html\"><strong>https:\/\/e-applicationvisa.esteri.it\/index.html<\/strong><\/a><br \/>\nIl formulario compilato deve essere stampato insieme al codice a barre (NB \u00e8 importante che il codice a barre sia stampato in modo chiaro!), e consegnato allo sportello il giorno dell\u2019appuntamento. <strong>Visa Fee<\/strong>: 90 EURO<\/li>\n<li><strong><u>Visti Nazionali (pi\u00f9 di 90 giorni)<\/u><\/strong><strong>: <\/strong>Per i visti nazionali, di durata superiore a 90 giorni, occorre scaricare il modulo di domanda per\u00a0<a href=\"https:\/\/conshongkong.esteri.it\/wp-content\/uploads\/2023\/03\/VISTO-NAZIONALE-FORM.pdf\">Visto Nazionale<\/a> dal nostro sito (senza codice a barre). <strong>Visa Fee<\/strong>: 116 EURO (visto per studio: 50 EURO)<\/li>\n<\/ul>\n<hr \/>\n<p><strong>PER LE LISTE DEI DOCUMENTI DA PRESENTARE PER LE VARIE TIPOLOGIE DI VISTO, CLICCARE\u00a0<\/strong><a href=\"https:\/\/conshongkong.esteri.it\/it\/servizi-consolari-e-visti\/servizi-per-il-cittadino-straniero\/visti\/modulistica\/\"><strong>QUI<\/strong><\/a><strong>\u00a0<\/strong><\/p>\n<p>Per informazioni e quesiti generali:\u00a0<a href=\"https:\/\/vistoperitalia.esteri.it\/\">https:\/\/vistoperitalia.esteri.it\/<\/a><\/p>\n<p><a href=\"https:\/\/vistoperitalia.esteri.it\/#questionario\">https:\/\/vistoperitalia.esteri.it\/#questionario<\/a><\/p>\n<p><strong>Il visto pu\u00f2 essere ritirato dal diretto interessato su presentazione della ricevuta di pagamento il luned\u00ec, mercoled\u00ec e venerd\u00ec dalle ore 14:30 alle 15:30.<\/strong><\/p>\n<p><strong>Si consiglia di presentare la domanda di visto con congruo anticipo prima della data di partenza.\u00a0<\/strong><\/p>\n<hr \/>\n<p>Per ogni ulteriore chiarimento, \u00e8 possibile contattare direttamente l\u2019Ufficio inviando un email al seguente indirizzo:\u00a0<a href=\"mailto:visti.hongkong@esteri.it.\">visti.hongkong@esteri.it.<\/a> Per quesiti telefonici chiamare il numero dedicato (+852) 24471846 dal luned\u00ec al venerd\u00ec dalle 15.00 alle 16.00.<\/p>\n<hr \/>\n<p><strong>SI RICORDA CHE<\/strong>: I titolari dei passaporti HKSAR (emessi dal Governo della Regione Amministrativa Speciale di Hong Kong) e MSAR (emessi dal Governo della Regione Amministrativa Speciale di Macao) sono esenti dall&#8217;obbligo del visto per l&#8217;ingresso nell&#8217;area Schengen per soggiorni di durata non superiore a 3 mesi. Anche i titolari di passaporto BNO non hanno bisogno di visto di ingresso nell\u2019area Schengen per soggiorni di durata non superiore a 3 mesi.<\/p>\n","protected":false},"excerpt":{"rendered":"L\u2019Ufficio Visti riceve le richieste di visto solo su appuntamento\u00a0dal luned\u00ec al venerd\u00ec dalle 9.00 alle 12.30, il marted\u00ec e il gioved\u00ec dalle 14.15 alle 15.40 solo per i visti di tipo D (visto nazionale). Le domande di visto vanno sempre e solo presentate di persona. Il Consolato Generale d\u2019Italia a Hong Kong non autorizza [&hellip;]","protected":false},"author":3,"featured_media":0,"parent":74,"menu_order":45,"comment_status":"closed","ping_status":"closed","template":"","meta":{"footnotes":""},"class_list":["post-80","page","type-page","status-publish","hentry"],"_links":{"self":[{"href":"https:\/\/conshongkong.esteri.it\/it\/wp-json\/wp\/v2\/pages\/80","targetHints":{"allow":["GET"]}}],"collection":[{"href":"https:\/\/conshongkong.esteri.it\/it\/wp-json\/wp\/v2\/pages"}],"about":[{"href":"https:\/\/conshongkong.esteri.it\/it\/wp-json\/wp\/v2\/types\/page"}],"author":[{"embeddable":true,"href":"https:\/\/conshongkong.esteri.it\/it\/wp-json\/wp\/v2\/users\/3"}],"replies":[{"embeddable":true,"href":"https:\/\/conshongkong.esteri.it\/it\/wp-json\/wp\/v2\/comments?post=80"}],"version-history":[{"count":7,"href":"https:\/\/conshongkong.esteri.it\/it\/wp-json\/wp\/v2\/pages\/80\/revisions"}],"predecessor-version":[{"id":8498,"href":"https:\/\/conshongkong.esteri.it\/it\/wp-json\/wp\/v2\/pages\/80\/revisions\/8498"}],"up":[{"embeddable":true,"href":"https:\/\/conshongkong.esteri.it\/it\/wp-json\/wp\/v2\/pages\/74"}],"wp:attachment":[{"href":"https:\/\/conshongkong.esteri.it\/it\/wp-json\/wp\/v2\/media?parent=80"}],"curies":[{"name":"wp","href":"https:\/\/api.w.org\/{rel}","templated":true}]}}