{"id":7064,"date":"2025-11-13T17:25:44","date_gmt":"2025-11-13T09:25:44","guid":{"rendered":"https:\/\/conshongkong.esteri.it\/?page_id=7064"},"modified":"2025-11-25T11:16:01","modified_gmt":"2025-11-25T03:16:01","slug":"le-piu-recenti-opportunita-di-borse-di-studio-offerte-dalle-universita-a-hong-kong","status":"publish","type":"page","link":"https:\/\/conshongkong.esteri.it\/it\/italia-e-hong-kong\/diplomazia-culturale\/opportunita-di-borse-di-studio-in-italia-e-hong-kong\/scholarship-opportunities-in-hong-kong-for-international-students\/le-piu-recenti-opportunita-di-borse-di-studio-offerte-dalle-universita-a-hong-kong\/","title":{"rendered":"Le pi\u00f9 recenti opportunit\u00e0 di studio offerte dalle Universit\u00e0 a Hong Kong"},"content":{"rendered":"<p style=\"text-align: justify;\"><span style=\"text-decoration: underline;\"><strong>Lingnan University<\/strong><\/span><\/p>\n<ul>\n<li style=\"text-align: justify;\"><a href=\"https:\/\/conshongkong.esteri.it\/it\/italia-e-hong-kong\/diplomazia-culturale\/opportunita-di-borse-di-studio-in-italia-e-hong-kong\/scholarship-opportunities-in-hong-kong-for-international-students\/le-piu-recenti-opportunita-di-borse-di-studio-offerte-dalle-universita-a-hong-kong\/pursuing-mphil-phd-programmes-at-lingnan-university\/\">Pursuing MPhil\/PhD Programmes at Lingnan University &#8211; <em>pubblicato il 13 nov 2025<\/em><\/a><\/li>\n<\/ul>\n<p style=\"text-align: justify;\"><span style=\"text-decoration: underline;\"><strong>Chinese University of Hong Kong<\/strong><\/span><\/p>\n<ul>\n<li><a href=\"https:\/\/conshongkong.esteri.it\/it\/italia-e-hong-kong\/diplomazia-culturale\/opportunita-di-borse-di-studio-in-italia-e-hong-kong\/scholarship-opportunities-in-hong-kong-for-international-students\/le-piu-recenti-opportunita-di-borse-di-studio-offerte-dalle-universita-a-hong-kong\/cuhk-undergraduate-admissions-for-2026-entry-full-tuition-admission-scholarships-available-for-outstanding-students\/\">Undergraduate admissions for 2026 entry | Full tuition admission scholarships available for outstanding students &#8211; <em>pubblicato il 25 nov 2025<\/em><\/a><\/li>\n<\/ul>\n","protected":false},"excerpt":{"rendered":"Lingnan University Pursuing MPhil\/PhD Programmes at Lingnan University &#8211; pubblicato il 13 nov 2025 Chinese University of Hong Kong Undergraduate admissions for 2026 entry | Full tuition admission scholarships available for outstanding students &#8211; pubblicato il 25 nov 2025","protected":false},"author":6,"featured_media":0,"parent":6136,"menu_order":0,"comment_status":"closed","ping_status":"closed","template":"","meta":{"footnotes":""},"class_list":["post-7064","page","type-page","status-publish","hentry"],"_links":{"self":[{"href":"https:\/\/conshongkong.esteri.it\/it\/wp-json\/wp\/v2\/pages\/7064","targetHints":{"allow":["GET"]}}],"collection":[{"href":"https:\/\/conshongkong.esteri.it\/it\/wp-json\/wp\/v2\/pages"}],"about":[{"href":"https:\/\/conshongkong.esteri.it\/it\/wp-json\/wp\/v2\/types\/page"}],"author":[{"embeddable":true,"href":"https:\/\/conshongkong.esteri.it\/it\/wp-json\/wp\/v2\/users\/6"}],"replies":[{"embeddable":true,"href":"https:\/\/conshongkong.esteri.it\/it\/wp-json\/wp\/v2\/comments?post=7064"}],"version-history":[{"count":6,"href":"https:\/\/conshongkong.esteri.it\/it\/wp-json\/wp\/v2\/pages\/7064\/revisions"}],"predecessor-version":[{"id":7241,"href":"https:\/\/conshongkong.esteri.it\/it\/wp-json\/wp\/v2\/pages\/7064\/revisions\/7241"}],"up":[{"embeddable":true,"href":"https:\/\/conshongkong.esteri.it\/it\/wp-json\/wp\/v2\/pages\/6136"}],"wp:attachment":[{"href":"https:\/\/conshongkong.esteri.it\/it\/wp-json\/wp\/v2\/media?parent=7064"}],"curies":[{"name":"wp","href":"https:\/\/api.w.org\/{rel}","templated":true}]}}