{"id":68,"date":"2023-03-20T16:27:47","date_gmt":"2023-03-20T15:27:47","guid":{"rendered":"https:\/\/conshongkong.esteri.it\/?page_id=68"},"modified":"2026-03-18T10:51:48","modified_gmt":"2026-03-18T02:51:48","slug":"gli-uffici","status":"publish","type":"page","link":"https:\/\/conshongkong.esteri.it\/it\/chi-siamo\/gli-uffici\/","title":{"rendered":"Gli Uffici"},"content":{"rendered":"<p style=\"text-align: center;\"><strong>CONSOLATO GENERALE D&#8217;ITALIA A HONG KONG<\/strong><\/p>\n<p style=\"text-align: center;\">Suite 3201, 32\/F, Central Plaza Building, 18 Harbour Road, Wan Chai, Hong Kong<\/p>\n<p style=\"text-align: center;\">Telefono: +852 2522 0033\/4\/5<br \/>\nFax: +852 2845 9678<\/p>\n<hr \/>\n<p style=\"text-align: justify;\"><strong>ORGANIGRAMMA<\/strong><\/p>\n<p style=\"text-align: justify;\"><a href=\"https:\/\/conshongkong.esteri.it\/it\/chi-siamo\/il-console-generale\/\"><strong>Console Generale<\/strong><\/a><\/p>\n<p style=\"text-align: justify;\">Carmelo FICARRA<\/p>\n<p style=\"text-align: justify; padding-left: 40px;\"><strong>Segreteria del Console Generale<\/strong><\/p>\n<ul>\n<li style=\"list-style-type: none;\">\n<ul>\n<li style=\"text-align: justify;\">Telefono: +852 2522 7835<\/li>\n<li style=\"text-align: justify;\">email (per contatti istituzionali): <a href=\"mailto:segreteria.hongkong@esteri.it\">segreteria.hongkong@esteri.it<\/a><\/li>\n<\/ul>\n<\/li>\n<\/ul>\n<hr \/>\n<p style=\"text-align: justify;\"><a href=\"https:\/\/conshongkong.esteri.it\/it\/servizi-consolari-e-visti\/servizi-per-il-cittadino-italiano\/\"><strong>Ufficio Consolare<\/strong><\/a><\/p>\n<p style=\"text-align: justify;\">Francesco PARODI<\/p>\n<p>Servizi per i cittadini italiani esclusivamente\u00a0<a href=\"https:\/\/prenotami.esteri.it\/\"><strong>previo appuntamento<\/strong><\/a><\/p>\n<ul>\n<li>dal luned\u00ec al venerd\u00ec dalle 9.00 alle 12.00;<\/li>\n<li>luned\u00ec e mercoled\u00ec anche dalle 14:00 alle 15:30<\/li>\n<\/ul>\n<p style=\"padding-left: 40px;\"><span style=\"text-decoration: underline;\">Contatti<\/span><\/p>\n<ul>\n<li style=\"text-align: justify;\">Email (consolare): <a href=\"mailto:consolare.hongkong@esteri.it\">consolare.hongkong@esteri.it<\/a><br \/>\nEmail (notarile): <a href=\"mailto:notarile.hongkong@esteri.it\">notarile.hongkong@esteri.it<\/a><\/li>\n<li style=\"text-align: justify;\">Telefono:\u00a0 +852 2521 9790 &#8211; dal luned\u00ec al venerd\u00ec dalle 12 alle 13, per quesiti telefonici di natura consolare<\/li>\n<li style=\"text-align: justify;\">PEC:\u00a0<a href=\"mailto:con.hongkong@cert.esteri.it\">con.hongkong@cert.esteri.it<\/a><\/li>\n<li style=\"text-align: justify;\">PEC: <a href=\"mailto:con.hongkong.pass@cert.esteri.it\">con.hongkong.pass@cert.esteri.it<\/a>\u00a0(ufficio passaporti)<\/li>\n<\/ul>\n<p>&nbsp;<\/p>\n<p style=\"text-align: justify;\"><a href=\"https:\/\/conshongkong.esteri.it\/it\/servizi-consolari-e-visti\/servizi-per-il-cittadino-straniero\/visti\/\"><strong>Ufficio Visti<\/strong><\/a><\/p>\n<p>Andrea ZAMPOLLI<\/p>\n<p>Aperto al pubblico esclusivamente <a href=\"https:\/\/prenotami.esteri.it\/\"><strong>previo appuntamento:<\/strong><\/a><\/p>\n<ul>\n<li>dal luned\u00ec al venerd\u00ec dalle ore 9.00 alle 12.30<\/li>\n<li>il luned\u00ec, il mercoled\u00ec e il venerd\u00ec dalle ore 14.30 alle ore 15.30, solo per il ritiro dei visti<\/li>\n<li>il marted\u00ec e il gioved\u00ec dalle ore 14.15 alle ore 15.40, solo per i visti di tipo D (visto nazionale)<\/li>\n<\/ul>\n<p style=\"padding-left: 40px;\"><span style=\"text-decoration: underline;\">Contatti<\/span><\/p>\n<ul>\n<li>Telefono: +852 2522 7166\/ +852 2447 1846 per quesiti telefonici dal luned\u00ec al venerd\u00ec dalle 15.00 alle 16.00<\/li>\n<li>Email: <a href=\"mailto:visti.hongkong@esteri.it\">visti.hongkong@esteri.it<\/a><\/li>\n<\/ul>\n<p>&nbsp;<\/p>\n<p style=\"text-align: justify;\"><span style=\"text-decoration: underline;\"><strong>Ufficio Amministrativo &#8211; Contabile<\/strong><\/span><\/p>\n<p style=\"text-align: justify;\">Francesco TIRABOSCHI<\/p>\n<p style=\"padding-left: 40px;\"><span style=\"text-decoration: underline;\">Contatti<\/span><\/p>\n<ul>\n<li>Telefono: +852 2522 0211<\/li>\n<li>Email:\u00a0<a href=\"mailto:amministrazione.hongkong@esteri.it\">amm.hongkong@esteri.it<\/a><\/li>\n<\/ul>\n<p>&nbsp;<\/p>\n<p style=\"text-align: justify;\"><span style=\"text-decoration: underline;\"><strong>Ufficio Commericale<\/strong><\/span><\/p>\n<p style=\"text-align: justify;\">Marila VELARDI<\/p>\n<p style=\"padding-left: 40px;\"><span style=\"text-decoration: underline;\">Contatti<\/span><\/p>\n<ul>\n<li style=\"text-align: justify;\">Telefono: +852 2522 7167<\/li>\n<li style=\"text-align: justify;\">Email:\u00a0<a href=\"mailto:commerciale.hongkong@esteri.it\">commerciale.hongkong@esteri.it<\/a><\/li>\n<\/ul>\n<p>&nbsp;<\/p>\n<p style=\"text-align: justify;\"><span style=\"text-decoration: underline;\"><strong>Ufficio Stampa<\/strong><\/span><\/p>\n<ul>\n<li style=\"text-align: justify;\">Telefono: +852 2522 7167<\/li>\n<li style=\"text-align: justify;\">Email:\u00a0<a href=\"mailto:hongkong.events@esteri.it\">hongkong.events@esteri.it<\/a><\/li>\n<\/ul>\n<p>&nbsp;<\/p>\n<p style=\"text-align: justify;\"><span style=\"text-decoration: underline;\"><strong>Istituto di Cultura<\/strong><\/span><\/p>\n<p style=\"text-align: justify;\">Direttrice Alice FRATARCANGELI<\/p>\n<ul>\n<li style=\"text-align: justify;\">Email: <a href=\"mailto:iichongkong@esteri.it\">iichongkong@esteri.it<\/a><\/li>\n<li style=\"text-align: justify;\">Sito web: <a href=\"https:\/\/iichongkong.esteri.it\">https:\/\/iichongkong.esteri.it<\/a><\/li>\n<\/ul>\n<p>&nbsp;<\/p>\n<hr \/>\n<p style=\"text-align: justify;\"><strong>EMERGENZE<\/strong><\/p>\n<p style=\"text-align: justify;\"><span style=\"color: #ff0000;\"><strong>Telefono di emergenza: +852 9131 5535<\/strong><\/span><\/p>\n<p style=\"text-align: justify;\"><strong>Servizio riservato esclusivamente ai cittadini italiani, solo per casi di effettiva ed estrema urgenza e\/o di pericolo di vita.<\/strong><\/p>\n<p style=\"text-align: justify;\">Il servizio e&#8217; operativo ogni giorno lavorativo dalle ore 17 fino alle ore 8.30 del giorno lavorativo successivo. Nei weekend e nei giorni festivi il servizio e&#8217; operativo h24.<\/p>\n<p style=\"text-align: justify;\">Per informazioni generali e operative sulla sicurezza nella Repubblica Popolare Cinese, si suggerisce di consultare il sito dell\u2019Unit\u00e0 di crisi della Farnesina \u201c<a href=\"https:\/\/www.viaggiaresicuri.it\/\"><span style=\"text-decoration: underline;\"><strong>Viaggiare Sicuri<\/strong><\/span><\/a>\u201d.<\/p>\n<p style=\"text-align: justify;\">Se programmi un viaggio o risiedi nella Repubblica Popolare Cinese, non dimenticare di registrarti al sito \u201c<strong><a href=\"https:\/\/www.dovesiamonelmondo.it\/home.html\">Dove siamo nel Mondo<\/a><\/strong>&#8221; per essere rintracciato in caso di emergenza.<\/p>\n<hr \/>\n<p style=\"text-align: justify;\"><strong>ORARI DI APERTURA IN CASO DI SEGNALE DI ALLERTA TIFONE O TESPESTA DI PIOGGIA<\/strong><\/p>\n<p style=\"text-align: justify;\">Le informazioni sulle condizioni meteorologiche e le misure precauzionali da adottare in caso di segnale tifone n.8 (o superiore) o segnale nero di pioggia sono disponibili sul sito web dell&#8217;<a href=\"http:\/\/www.hko.gov.hk\/contente.htm\">Osservatorio di Hong Kong<\/a>, regolarmente aggiornato dalle autorit\u00e0 di Hong Kong. In caso di segnale tifone n.8 (o superiore), si raccomanda vivamente di non uscire, in linea con leraccomandazioni delle Autorita\u2019 locali.<\/p>\n<p style=\"text-align: justify;\">In base al livello di segnale e ai protocolli di sicurezza locali indicati dalle Autorit\u00e0 locali, il Consolato Generale d&#8217;Italia rimarr\u00e0 chiuso se il segnale tifone n.8 (o superiore) o il segnale nero di pioggia viene emesso dall\u2019Osservatorio di Hong Kong. Se il segnale tifone n.8 (o superiore) viene ridimensionato a n.3, o se il segnale nero di pioggia viene abbassato a rosso prima delle ore 12:00, i servizi consolari riprenderanno il giorno stesso dalle ore 14:00, secondo l&#8217;orario di apertura dell&#8217;ufficio.<\/p>\n<p style=\"text-align: justify;\">Gli appuntamenti cancellati a causa dell&#8217;allerta meteo saranno riprogrammati e ogni utente verr\u00e0 contattato dal personale del Consolato non appena l&#8217;ufficio sar\u00e0 riaperto.<\/p>\n<p style=\"text-align: justify;\">Solo per emergenze (non per la riprogrammazione dell\u2019appuntamento) si potra\u2019 contattare il numero 9131 5535<\/p>\n<p style=\"text-align: justify;\"><em>\u00a0<\/em><\/p>\n","protected":false},"excerpt":{"rendered":"CONSOLATO GENERALE D&#8217;ITALIA A HONG KONG Suite 3201, 32\/F, Central Plaza Building, 18 Harbour Road, Wan Chai, Hong Kong Telefono: +852 2522 0033\/4\/5 Fax: +852 2845 9678 ORGANIGRAMMA Console Generale Carmelo FICARRA Segreteria del Console Generale Telefono: +852 2522 7835 email (per contatti istituzionali): segreteria.hongkong@esteri.it Ufficio Consolare Francesco PARODI Servizi per i cittadini italiani esclusivamente\u00a0previo [&hellip;]","protected":false},"author":3,"featured_media":0,"parent":9,"menu_order":6,"comment_status":"closed","ping_status":"closed","template":"","meta":{"footnotes":""},"class_list":["post-68","page","type-page","status-publish","hentry"],"_links":{"self":[{"href":"https:\/\/conshongkong.esteri.it\/it\/wp-json\/wp\/v2\/pages\/68","targetHints":{"allow":["GET"]}}],"collection":[{"href":"https:\/\/conshongkong.esteri.it\/it\/wp-json\/wp\/v2\/pages"}],"about":[{"href":"https:\/\/conshongkong.esteri.it\/it\/wp-json\/wp\/v2\/types\/page"}],"author":[{"embeddable":true,"href":"https:\/\/conshongkong.esteri.it\/it\/wp-json\/wp\/v2\/users\/3"}],"replies":[{"embeddable":true,"href":"https:\/\/conshongkong.esteri.it\/it\/wp-json\/wp\/v2\/comments?post=68"}],"version-history":[{"count":6,"href":"https:\/\/conshongkong.esteri.it\/it\/wp-json\/wp\/v2\/pages\/68\/revisions"}],"predecessor-version":[{"id":8243,"href":"https:\/\/conshongkong.esteri.it\/it\/wp-json\/wp\/v2\/pages\/68\/revisions\/8243"}],"up":[{"embeddable":true,"href":"https:\/\/conshongkong.esteri.it\/it\/wp-json\/wp\/v2\/pages\/9"}],"wp:attachment":[{"href":"https:\/\/conshongkong.esteri.it\/it\/wp-json\/wp\/v2\/media?parent=68"}],"curies":[{"name":"wp","href":"https:\/\/api.w.org\/{rel}","templated":true}]}}