{"id":633,"date":"2023-01-09T09:46:39","date_gmt":"2023-01-09T08:46:39","guid":{"rendered":"https:\/\/conshongkong.esteri.it\/?page_id=633"},"modified":"2023-01-09T09:46:39","modified_gmt":"2023-01-09T08:46:39","slug":"cose-lautocertificazione","status":"publish","type":"page","link":"https:\/\/conshongkong.esteri.it\/it\/servizi-consolari-e-visti\/servizi-per-il-cittadino-italiano\/autocertificazione\/cose-lautocertificazione\/","title":{"rendered":"Cos&#8217;\u00e8 l\u2019autocertificazione?"},"content":{"rendered":"<h2 style=\"text-align: justify;\">Cos&#8217;\u00e8 l\u2019autocertificazione?<\/h2>\n<p style=\"text-align: justify;\">E&#8217; una dichiarazione che l&#8217;interessato redige e sottoscrive nel proprio interesse su stati, fatti e qualit\u00e0 personali e che utilizza nei rapporti con la Pubblica Amministrazione e con i concessionari ed i gestori di pubblici servizi.<\/p>\n<p>Nel rapporto con un soggetto privato il ricorso all&#8217;autocertificazione \u00e8 rimandato alla discrezionalit\u00e0 di quest&#8217;ultimo. Le dichiarazioni possono sostituire le normali certificazioni e gli atti notori.<\/p>\n<p>Infatti, con l&#8217;entrata in vigore del D.P.R. 28 dicembre 2000 n\u00b0 445, si \u00e8 messo in atto un importante processo di semplificazione amministrativa per riformare la Pubblica Amministrazione e farla funzionare in maniera pi\u00f9 efficace e trasparente.<\/p>\n<p><strong>Autocertificazione<\/strong><\/p>\n<p>Rappresenta la possibilit\u00e0 per il cittadino di fornire le stesse notizie presenti in un registro pubblico in modo pi\u00f9 semplice e con meno oneri. La possibilit\u00e0 di avvalersi dell\u2019autocertificazione \u00e8 concessa a tutti i cittadini italiani e dei Paesi europei. La facolt\u00e0 di avvalersi di dichiarazioni sostitutive \u00e8 stata estesa anche ai cittadini extracomunitari regolarmente soggiornanti in Italia limitatamente ai dati verificabili o certificabili in Italia da soggetti pubblici. L\u2019autocertificazione e le dichiarazioni sostitutive possono essere utilizzate nei rapporti con la Pubblica Amministrazione e con i concessionari e i gestori di pubblici servizi. Non possono invece essere utilizzate nei rapporti tra i privati, salvo che gli stessi non vi acconsentano, e davanti all\u2019autorit\u00e0 giudiziaria nello svolgimento di funzioni giurisdizionali.<\/p>\n<p><strong>CERTIFICATI CHE POSSONO ESSERE SOSTITUITI DA AUTOCERTIFICAZIONI<\/strong><\/p>\n<p>1. Regolari Certificati<br \/>\nAutocertificazioni possono essere utilizzate per la verifica dei seguenti dati:<\/p>\n<p>\u00b7 data e luogo di nascita;<\/p>\n<p>\u00b7 residenza;<\/p>\n<p>\u00b7 cittadinanza;<\/p>\n<p>\u00b7 godimento dei diritti civili e politici;<\/p>\n<p>\u00b7 stato di celibe, coniugato, vedovo o stato libero;<\/p>\n<p>\u00b7 stato di famiglia;<\/p>\n<p>\u00b7 esistenza in vita;<\/p>\n<p>\u00b7 nascita del figlio, decesso del coniuge, dell\u2019ascendente o discendente;<\/p>\n<p>\u00b7 iscrizione ad albi, registri o elenchi tenuti da pubbliche amministrazioni;<\/p>\n<p>\u00b7 appartenenza a ordini professionali;<\/p>\n<p>\u00b7 titolo di studio;<\/p>\n<p>\u00b7 esami sostenuti;<\/p>\n<p>\u00b7 qualifica professionale posseduta;<\/p>\n<p>\u00b7 titolo di specializzazione;<\/p>\n<p>\u00b7 titolo di abilitazione;<\/p>\n<p>\u00b7 titolo di formazione;<\/p>\n<p>\u00b7 titolo di aggiornamento e di qualifica tecnica;<\/p>\n<p>\u00b7 situazione reddituale o economica anche ai fini della concessione dei benefici di<br \/>\nqualsiasi tipo previsti da leggi speciali;<\/p>\n<p>\u00b7 assolvimento di specifici obblighi copntributivi con l\u2019indicazione dell\u2019ammontare corrisposto;<\/p>\n<p>\u00b7 possesso e numero del codice fiscale, della partita iva, e di qualsiasi dato presente nell\u2019archivio dell\u2019anagrafe tributaria;<\/p>\n<p>\u00b7 stato di disoccupazione;<\/p>\n<p>\u00b7 qualita\u2019 di pensionato e categoria di pensione;<\/p>\n<p>\u00b7 qualita\u2019 di studente;<\/p>\n<p>\u00b7 qualita\u2019 di legale rappresentante di persone fisiche o giuridiche, di tutore, di curatore e simili;<\/p>\n<p>\u00b7 iscrizione presso associazioni o formazioni sociali di questo tipo;<\/p>\n<p>\u00b7 tutte le situazioni relative all\u2019adempimento degli obblighi militari, ivi comprese quelle<br \/>\nattestate nel foglio matricolare dello stato di servizio;<\/p>\n<p>\u00b7 di non avere riportato condanne penali e di non essere destinatario di provvedimenti che riguardano l\u2019applicazione di misure di prevenzione, di decisioni civili e di provvedimenti amministrativi iscritti nel casellario giudiziale ai sensi della vigente normativa;<\/p>\n<p>\u00b7 di non essere a conoscenza di essere sottoposto a procedimenti penali;<\/p>\n<p>\u00b7 qualita\u2019 di vivenza a carico;<\/p>\n<p>\u00b7 tutti i dati a diretta conoscenza dell\u2019interessato contenutio nei registri dello stato civile;<\/p>\n<p>\u00b7 di non trovarsi in stato di liquidazione o di fallimento e di non aver presentato domanda di concordato.<\/p>\n<p><strong>COME FARE LA DICHIARAZIONE SOSTITUTIVA DI ATTI NOTORI<br \/>\n<\/strong><br \/>\nLe dichiarazioni sostitutive possono essere scritte su carta semplice non intestata e firmando sotto la propria ed esclusiva responsabilit\u00e0 (non \u00e8 necessario firmare davanti all\u2019impiegato) o compilando appositi moduli di dichiarazioni sostitutive. Inoltre, \u00e8 possibile trasmettere documenti, atti e certificati per fax, per porta o mezzo telematico e informatico, alle Amministrazioni Pubbliche.Gli interessati possono ricorrere all\u2019autocertificazione per tutti gli stati, fatti e qualit\u00e0 personali che non siano certificabili da parte di una pubblica amministrazione, mediante dichiarazione sostitutiva dell\u2019atto di notoriet\u00e0 ai sensi dell\u2019art.47 del DPR 445\/2000. Inoltre, la dichiarazione sostitutiva dell\u2019atto di notoriet\u00e0 pu\u00f2 riguardare anche circostanze relative ad altri soggetti e di cui il dichiarante abbia diretta conoscenza, nonch\u00e9 la possibilit\u00e0 di attestare la conformit\u00e0 all\u2019originale di una pubblicazione.<br \/>\nLa dichiarazione sostitutiva di atti notori pu\u00f2 essere fatta dichiarando fatti, stati o qualit\u00e0 personali a diretta conoscenza dell\u2019interessato dinanzi al funzionario competente a ricevere la documentazione, o dinanzi a un notaio, cancelliere, segretario comunale o altro funzionario incaricato dal sindaco . Qualora si tratti di stati, fatti e qualit\u00e0 personali certificabili o attestabili da parte di un altro soggetto pubblico e l\u2019amministrazione ritenga necessario controllare la veridicit\u00e0 delle dichiarazioni, ha a disposizione 15 giorni di tempo dalle dichiarazioni per richiedere la necessaria documentazione.<br \/>\nValidita\u2019 di autocertificazioni e atti notori:<br \/>\nLe dichiarazioni sostitutive hanno la stessa validita\u2019 degli atti che sostituiscono. Normalmente i certificati hanno validit\u00e0 per sei mesi dalla data in cui sono stati rilasciati, salvo che norme di legge o regolamentari non dispongano una validit\u00e0 superiore. La validit\u00e0 delle certificazioni anagrafiche e quelle relative allo stato civile \u00e8 prolungabile se l\u2019interessato dichiara che i dati contenuti nel certificato non hanno subito modifiche e sottoscrive tale dichiarazione. Hanno validit\u00e0 illimitata, invece, i certificati e le dichiarazioni sostitutive che attestano stati fatti personali che non sono soggetti a modificazioni ( certificati di nascita, di morte, titoli di studio, ecc.).<\/p>\n<p><strong>I CASI IN CUI L\u2019AUTOCERTIFICAZIONE NON E\u2019 AMMESSA<\/strong><\/p>\n<p>L\u2019autocertificazione <strong>NON E&#8217; MAI<\/strong>\u00a0ammessa per i seguenti casi:<br \/>\nmedici;<br \/>\nsanitari;<br \/>\nveterinari;<br \/>\ndi origine;<br \/>\ndi conformita\u2019 all\u2019UE;<br \/>\nmarchi;<br \/>\nbrevetti;<\/p>\n<p><strong>CASI IN CUI LA P.A. NON PUO&#8217; CHIEDERE CERTIFICAZIONI AI CITTADINI<\/strong><\/p>\n<p>Nel caso in cui si debba certificare dati relativi a cognome, nome, luogo e data di nascita, cittadinanza, stato civile e residenza, la Pubblica Amministrazione non pu\u00f2 pi\u00f9 chiedere certificazioni ma \u00e8 sufficiente l\u2019esibizione di un documento di riconoscimento. La registrazione dei dati avviene attraverso la fotocopia non autenticata del documento stesso. Se il documento non \u00e8 pi\u00f9 valido, l\u2019interessato deve dichiarare, in margine alla fotocopia, che i dati contenuti nel documento non sono variati dalla data del rilascio.<\/p>\n<p><strong>SANZIONI PER I CITTADINI CHE FORNISCONO DICHIARAZIONI NON VERITIERE<\/strong><\/p>\n<p>Se le Amministrazioni hanno dubbi sulla veridicita\u2019 delle autocertificazioni, sono tenute ad effettuare i controlli necessari. Nel caso vengano riscontrate dichiarazioni mendaci, la falsit\u00e0 negli atti e l\u2019uso di atti falsi sono puniti ai sensi del codice penale e delle leggi speciali in materia. Il dichiarante inoltre decade dai benefici eventualmente conseguiti da provvedimenti sulla base di dichiarazioni non veritiere.<\/p>\n<p><strong>DOCUMENTI D\u2019IDENTITA\u2019<\/strong><\/p>\n<p>In tutti i casi in cui nel testo unico viene richiesto un documento di identit\u00e0 esso pu\u00f2 essere sostituito da un documento di riconoscimento equipollente. Sono equipollenti alla carta di identit\u00e0:<\/p>\n<p>il passaporto;<\/p>\n<p>la patente di guida;<\/p>\n<p>la patente nautica;<\/p>\n<p>il libretto di pensione;<\/p>\n<p>il patentino di abilitazione alla conduzione di impianti tecnici;<\/p>\n<p>il porto d\u2019armi;<\/p>\n<p>le tessere di riconoscimento rilasciate da un\u2019Amministrazione dello Stato, purche\u2019 munite<br \/>\ndi fotografia e di timbro o altra segnatura equivalente.<\/p>\n<p>Il documento sia scaduto possa essere ugualmente esibito, con una dichiarazione dell\u2019interessato sulla fotocopia del documento che i dati in esso contenuti non sono cambiati<\/p>\n","protected":false},"excerpt":{"rendered":"Cos&#8217;\u00e8 l\u2019autocertificazione? E&#8217; una dichiarazione che l&#8217;interessato redige e sottoscrive nel proprio interesse su stati, fatti e qualit\u00e0 personali e che utilizza nei rapporti con la Pubblica Amministrazione e con i concessionari ed i gestori di pubblici servizi. Nel rapporto con un soggetto privato il ricorso all&#8217;autocertificazione \u00e8 rimandato alla discrezionalit\u00e0 di quest&#8217;ultimo. Le dichiarazioni [&hellip;]","protected":false},"author":6,"featured_media":0,"parent":392,"menu_order":0,"comment_status":"closed","ping_status":"closed","template":"","meta":{"footnotes":""},"class_list":["post-633","page","type-page","status-publish","hentry"],"_links":{"self":[{"href":"https:\/\/conshongkong.esteri.it\/it\/wp-json\/wp\/v2\/pages\/633","targetHints":{"allow":["GET"]}}],"collection":[{"href":"https:\/\/conshongkong.esteri.it\/it\/wp-json\/wp\/v2\/pages"}],"about":[{"href":"https:\/\/conshongkong.esteri.it\/it\/wp-json\/wp\/v2\/types\/page"}],"author":[{"embeddable":true,"href":"https:\/\/conshongkong.esteri.it\/it\/wp-json\/wp\/v2\/users\/6"}],"replies":[{"embeddable":true,"href":"https:\/\/conshongkong.esteri.it\/it\/wp-json\/wp\/v2\/comments?post=633"}],"version-history":[{"count":1,"href":"https:\/\/conshongkong.esteri.it\/it\/wp-json\/wp\/v2\/pages\/633\/revisions"}],"predecessor-version":[{"id":634,"href":"https:\/\/conshongkong.esteri.it\/it\/wp-json\/wp\/v2\/pages\/633\/revisions\/634"}],"up":[{"embeddable":true,"href":"https:\/\/conshongkong.esteri.it\/it\/wp-json\/wp\/v2\/pages\/392"}],"wp:attachment":[{"href":"https:\/\/conshongkong.esteri.it\/it\/wp-json\/wp\/v2\/media?parent=633"}],"curies":[{"name":"wp","href":"https:\/\/api.w.org\/{rel}","templated":true}]}}