{"id":6172,"date":"2025-07-22T16:35:18","date_gmt":"2025-07-22T08:35:18","guid":{"rendered":"https:\/\/conshongkong.esteri.it\/?page_id=6172"},"modified":"2026-03-18T15:54:58","modified_gmt":"2026-03-18T07:54:58","slug":"studenti-cinesi-richiedenti-preiscrizione-presso-le-universita-istituzioni-afam-italiane-tramite-il-pogramma-marco-polo-e-turandot","status":"publish","type":"page","link":"https:\/\/conshongkong.esteri.it\/it\/italia-e-hong-kong\/diplomazia-culturale\/studiare-in-italia\/studenti-cinesi-richiedenti-preiscrizione-presso-le-universita-istituzioni-afam-italiane-tramite-il-pogramma-marco-polo-e-turandot\/","title":{"rendered":"Studenti cinesi richiedenti preiscrizione presso le universita&#8217;\/ istituzioni AFAM italiane tramite il programma Marco Polo e Turandot"},"content":{"rendered":"<p style=\"text-align: justify;\">STUDENTI CINESI RICHIEDENTI PREISCRIZIONE PRESSO LE UNIVERSIT\u00c0\/ ISTITUZIONI AFAM ITALIANE TRAMITE IL POGRAMMA MARCO POLO E TURANDOT<\/p>\n<p style=\"text-align: justify;\">Gli studenti cinesi interessati ad iscriversi presso Universit\u00e0\/Istituzioni AFAM\/SSML per l\u2019<strong>anno accademico 2024-2025<\/strong>\u00a0tramite il programma Marco Polo Turandot, dovranno accedere al portale\u00a0<a href=\"https:\/\/www.universitaly.it\/index.php\/registration\/firststep\"><strong>Universitaly<\/strong><\/a>\u00a0al fine di compilare la relativa domanda di preiscrizione in modalit\u00e0 telematica e scegliere la Scuola dove vorranno seguire il corso di lingua italiana. Il corso di lingua, che potr\u00e0 essere somministrato anche in modalit\u00e0 telematica, dovr\u00e0 altres\u00ec prevedere parte del tempo dedicato alla cultura italiana e\/o ai linguaggi settoriali.<\/p>\n<p style=\"text-align: justify;\">Per i corsi di lingua della\u00a0<strong>durata di 10 mesi<\/strong>\u00a0la scadenza ultima per la presentazione della candidatura da parte degli studenti cinesi \u00e8 stabilita al\u00a0<strong>26 agosto 2023<\/strong>, mentre per i corsi di lingua italiana della\u00a0<strong>durata di 11 mesi<\/strong>\u00a0la scadenza ultima di presentazione delle domande da parte degli studenti cinesi \u00e8 anticipata al\u00a0<strong>29 luglio 2023<\/strong>.<\/p>\n<p style=\"text-align: justify;\">L\u2019elenco dei corsi con la corrispondente riserva di posti e\u2019 pubblicato in autonomia dagli atenei all\u2019interno dei propri portali. Per informazioni dettagliate sui corsi si prega di rivolgersi a\u00a0<strong><a href=\"http:\/\/www.uni-italia.it\/it\/\">Uni-Italia<\/a><\/strong>.<\/p>\n","protected":false},"excerpt":{"rendered":"STUDENTI CINESI RICHIEDENTI PREISCRIZIONE PRESSO LE UNIVERSIT\u00c0\/ ISTITUZIONI AFAM ITALIANE TRAMITE IL POGRAMMA MARCO POLO E TURANDOT Gli studenti cinesi interessati ad iscriversi presso Universit\u00e0\/Istituzioni AFAM\/SSML per l\u2019anno accademico 2024-2025\u00a0tramite il programma Marco Polo Turandot, dovranno accedere al portale\u00a0Universitaly\u00a0al fine di compilare la relativa domanda di preiscrizione in modalit\u00e0 telematica e scegliere la Scuola dove [&hellip;]","protected":false},"author":6,"featured_media":0,"parent":564,"menu_order":0,"comment_status":"closed","ping_status":"closed","template":"","meta":{"footnotes":""},"class_list":["post-6172","page","type-page","status-publish","hentry"],"_links":{"self":[{"href":"https:\/\/conshongkong.esteri.it\/it\/wp-json\/wp\/v2\/pages\/6172","targetHints":{"allow":["GET"]}}],"collection":[{"href":"https:\/\/conshongkong.esteri.it\/it\/wp-json\/wp\/v2\/pages"}],"about":[{"href":"https:\/\/conshongkong.esteri.it\/it\/wp-json\/wp\/v2\/types\/page"}],"author":[{"embeddable":true,"href":"https:\/\/conshongkong.esteri.it\/it\/wp-json\/wp\/v2\/users\/6"}],"replies":[{"embeddable":true,"href":"https:\/\/conshongkong.esteri.it\/it\/wp-json\/wp\/v2\/comments?post=6172"}],"version-history":[{"count":2,"href":"https:\/\/conshongkong.esteri.it\/it\/wp-json\/wp\/v2\/pages\/6172\/revisions"}],"predecessor-version":[{"id":8330,"href":"https:\/\/conshongkong.esteri.it\/it\/wp-json\/wp\/v2\/pages\/6172\/revisions\/8330"}],"up":[{"embeddable":true,"href":"https:\/\/conshongkong.esteri.it\/it\/wp-json\/wp\/v2\/pages\/564"}],"wp:attachment":[{"href":"https:\/\/conshongkong.esteri.it\/it\/wp-json\/wp\/v2\/media?parent=6172"}],"curies":[{"name":"wp","href":"https:\/\/api.w.org\/{rel}","templated":true}]}}