{"id":6136,"date":"2025-07-18T16:32:36","date_gmt":"2025-07-18T08:32:36","guid":{"rendered":"https:\/\/conshongkong.esteri.it\/italia-e-hong-kong\/diplomazia-culturale\/scholarship-opportunities-in-hong-kong-for-international-students\/"},"modified":"2025-11-13T17:43:36","modified_gmt":"2025-11-13T09:43:36","slug":"scholarship-opportunities-in-hong-kong-for-international-students","status":"publish","type":"page","link":"https:\/\/conshongkong.esteri.it\/it\/italia-e-hong-kong\/diplomazia-culturale\/opportunita-di-borse-di-studio-in-italia-e-hong-kong\/scholarship-opportunities-in-hong-kong-for-international-students\/","title":{"rendered":"Opportunit\u00e0 di borse di studio a Hong Kong per studenti internazionali"},"content":{"rendered":"<p><strong>Opportunit\u00e0 di borse di studio offerte dalle Universit\u00e0 a Hong Kong<\/strong><\/p>\n<ul>\n<li><a href=\"https:\/\/conshongkong.esteri.it\/it\/italia-e-hong-kong\/diplomazia-culturale\/opportunita-di-borse-di-studio-in-italia-e-hong-kong\/scholarship-opportunities-in-hong-kong-for-international-students\/le-piu-recenti-opportunita-di-borse-di-studio-offerte-dalle-universita-a-hong-kong\/\">Le pi\u00f9 recenti opportunit\u00e0 di studio offerte dalle Universit\u00e0 a Hong Kong<\/a><\/li>\n<\/ul>\n<p>Si invita a consultare i siti web delle universit\u00e0 a Hong Kong elencati di seguito per maggiori informazioni sulle opportunit\u00e0 di borse di studio destinate agli studenti internazionali:<\/p>\n<ul>\n<li><a href=\"https:\/\/admissions.hku.hk\/fees-and-scholarships\/scholarships\">The University of Hong Kong<\/a><\/li>\n<li><a href=\"https:\/\/admission.cuhk.edu.hk\/fees-financing-your-studies\/scholarships\/scholarships\/\">The Chinese University of Hong Kong<\/a><\/li>\n<li><a href=\"https:\/\/www.polyu.edu.hk\/admissions\/tuition-fees-and-scholarships\/\">The Hong Kong Polytechnic University<\/a><\/li>\n<li><a href=\"https:\/\/www.cityu.edu.hk\/international\/fees-scholarships\/scholarships\">City University of Hong Kong<\/a><\/li>\n<li><a href=\"https:\/\/join.hkust.edu.hk\/intlscholarships\">The Hong Kong University of Science and Technology<\/a><\/li>\n<li>Hong Kong Baptist University\n<ul>\n<li><a href=\"https:\/\/admissions.hkbu.edu.hk\/en\/scholarships.html#NonlocalStudents\">Admission Scholarships<\/a><\/li>\n<li><a href=\"https:\/\/bus.hkbu.edu.hk\/study\/international-postgraduate-scholarships.html\">International Postgraduate Scholarships<\/a><\/li>\n<\/ul>\n<\/li>\n<li><a href=\"https:\/\/www.apply.eduhk.hk\/ug\/scholarships\">The Education University of Hong Kong<\/a><\/li>\n<li><a href=\"https:\/\/www.ln.edu.hk\/admissions\/ug\/your-future-begins-now-apply\/fees-and-scholarships#nonlocalscholarships\">Lingnan University<\/a><\/li>\n<\/ul>\n<p>&nbsp;<\/p>\n<p><strong>Opportunit\u00e0 di borse di studio offerte dal Governo di Hong Kong<\/strong><\/p>\n<p>Si invita a consultare il sito &#8220;<a href=\"https:\/\/www.studyinhongkong.edu.hk\/en\/hong-kong-education\/scholarships.php\"><strong>Study in Hong Kong<\/strong><\/a>&#8221; per maggiori informazioni sulle borse di studio disponibili per studenti internazionali<\/p>\n","protected":false},"excerpt":{"rendered":"Opportunit\u00e0 di borse di studio offerte dalle Universit\u00e0 a Hong Kong Le pi\u00f9 recenti opportunit\u00e0 di studio offerte dalle Universit\u00e0 a Hong Kong Si invita a consultare i siti web delle universit\u00e0 a Hong Kong elencati di seguito per maggiori informazioni sulle opportunit\u00e0 di borse di studio destinate agli studenti internazionali: The University of Hong [&hellip;]","protected":false},"author":6,"featured_media":0,"parent":6121,"menu_order":0,"comment_status":"closed","ping_status":"closed","template":"","meta":{"footnotes":""},"class_list":["post-6136","page","type-page","status-publish","hentry"],"_links":{"self":[{"href":"https:\/\/conshongkong.esteri.it\/it\/wp-json\/wp\/v2\/pages\/6136","targetHints":{"allow":["GET"]}}],"collection":[{"href":"https:\/\/conshongkong.esteri.it\/it\/wp-json\/wp\/v2\/pages"}],"about":[{"href":"https:\/\/conshongkong.esteri.it\/it\/wp-json\/wp\/v2\/types\/page"}],"author":[{"embeddable":true,"href":"https:\/\/conshongkong.esteri.it\/it\/wp-json\/wp\/v2\/users\/6"}],"replies":[{"embeddable":true,"href":"https:\/\/conshongkong.esteri.it\/it\/wp-json\/wp\/v2\/comments?post=6136"}],"version-history":[{"count":5,"href":"https:\/\/conshongkong.esteri.it\/it\/wp-json\/wp\/v2\/pages\/6136\/revisions"}],"predecessor-version":[{"id":7118,"href":"https:\/\/conshongkong.esteri.it\/it\/wp-json\/wp\/v2\/pages\/6136\/revisions\/7118"}],"up":[{"embeddable":true,"href":"https:\/\/conshongkong.esteri.it\/it\/wp-json\/wp\/v2\/pages\/6121"}],"wp:attachment":[{"href":"https:\/\/conshongkong.esteri.it\/it\/wp-json\/wp\/v2\/media?parent=6136"}],"curies":[{"name":"wp","href":"https:\/\/api.w.org\/{rel}","templated":true}]}}