{"id":6121,"date":"2025-07-18T16:00:08","date_gmt":"2025-07-18T08:00:08","guid":{"rendered":"https:\/\/conshongkong.esteri.it\/?page_id=6121"},"modified":"2025-08-06T11:37:49","modified_gmt":"2025-08-06T03:37:49","slug":"opportunita-di-borse-di-studio-in-italia-e-hong-kong","status":"publish","type":"page","link":"https:\/\/conshongkong.esteri.it\/it\/italia-e-hong-kong\/diplomazia-culturale\/opportunita-di-borse-di-studio-in-italia-e-hong-kong\/","title":{"rendered":"Opportunit\u00e0 di Borse di Studio in Italia e Hong Kong"},"content":{"rendered":"<p style=\"text-align: justify;\" data-start=\"128\" data-end=\"420\">In questa sezione \u00e8 possibile consultare le pi\u00f9 recenti opportunit\u00e0 di borse di studio offerte dalle Universit\u00e0 italiane a cittadini stranieri che desiderano studiare in Italia, e dalle Universit\u00e0 di Hong Kong a cittadini italiani che intendono intraprendere un percorso di studi a Hong Kong.<\/p>\n<ul>\n<li style=\"text-align: justify;\" data-start=\"422\" data-end=\"605\"><a href=\"https:\/\/conshongkong.esteri.it\/it\/italia-e-hong-kong\/diplomazia-culturale\/studiare-in-italia\/borse-di-studio-per-cittadini-stranieri\/\"><strong data-start=\"422\" data-end=\"522\">Borse di studio offerte dal Governo italiano e dalle Universit\u00e0 italiane per cittadini stranieri<\/strong><\/a><\/li>\n<li style=\"text-align: justify;\" data-start=\"422\" data-end=\"605\"><a href=\"https:\/\/conshongkong.esteri.it\/it\/italia-e-hong-kong\/diplomazia-culturale\/scholarship-opportunities-in-hong-kong-for-international-students\/\"><strong data-start=\"525\" data-end=\"605\">Borse di studio offerte dalle Universit\u00e0 a Hong Kong per cittadini italiani<\/strong><\/a><\/li>\n<\/ul>\n<p style=\"text-align: justify;\" data-start=\"607\" data-end=\"750\">Si invita i cittadini stranieri a consultare la pagina &#8220;<a href=\"https:\/\/conshongkong.esteri.it\/it\/italia-e-hong-kong\/diplomazia-culturale\/studiare-in-italia\/\"><span style=\"text-decoration: underline;\"><strong>Study in Italy<\/strong><\/span><\/a>&#8221; per ulteriori informazioni.<\/p>\n<p data-start=\"607\" data-end=\"750\">Si invita i cittadini italiani a consultare la pagina &#8220;<a href=\"https:\/\/www.studyinhongkong.edu.hk\/en\/hong-kong-education\/scholarships.php\"><strong>Study in\u00a0<\/strong><strong>Hong Kong<\/strong><\/a>&#8221; per ulteriori informazioni.<\/p>\n","protected":false},"excerpt":{"rendered":"In questa sezione \u00e8 possibile consultare le pi\u00f9 recenti opportunit\u00e0 di borse di studio offerte dalle Universit\u00e0 italiane a cittadini stranieri che desiderano studiare in Italia, e dalle Universit\u00e0 di Hong Kong a cittadini italiani che intendono intraprendere un percorso di studi a Hong Kong. Borse di studio offerte dal Governo italiano e dalle Universit\u00e0 [&hellip;]","protected":false},"author":6,"featured_media":5216,"parent":75,"menu_order":0,"comment_status":"closed","ping_status":"closed","template":"","meta":{"footnotes":""},"class_list":["post-6121","page","type-page","status-publish","has-post-thumbnail","hentry"],"_links":{"self":[{"href":"https:\/\/conshongkong.esteri.it\/it\/wp-json\/wp\/v2\/pages\/6121","targetHints":{"allow":["GET"]}}],"collection":[{"href":"https:\/\/conshongkong.esteri.it\/it\/wp-json\/wp\/v2\/pages"}],"about":[{"href":"https:\/\/conshongkong.esteri.it\/it\/wp-json\/wp\/v2\/types\/page"}],"author":[{"embeddable":true,"href":"https:\/\/conshongkong.esteri.it\/it\/wp-json\/wp\/v2\/users\/6"}],"replies":[{"embeddable":true,"href":"https:\/\/conshongkong.esteri.it\/it\/wp-json\/wp\/v2\/comments?post=6121"}],"version-history":[{"count":6,"href":"https:\/\/conshongkong.esteri.it\/it\/wp-json\/wp\/v2\/pages\/6121\/revisions"}],"predecessor-version":[{"id":6249,"href":"https:\/\/conshongkong.esteri.it\/it\/wp-json\/wp\/v2\/pages\/6121\/revisions\/6249"}],"up":[{"embeddable":true,"href":"https:\/\/conshongkong.esteri.it\/it\/wp-json\/wp\/v2\/pages\/75"}],"wp:featuredmedia":[{"embeddable":true,"href":"https:\/\/conshongkong.esteri.it\/it\/wp-json\/wp\/v2\/media\/5216"}],"wp:attachment":[{"href":"https:\/\/conshongkong.esteri.it\/it\/wp-json\/wp\/v2\/media?parent=6121"}],"curies":[{"name":"wp","href":"https:\/\/api.w.org\/{rel}","templated":true}]}}