{"id":607,"date":"2023-01-09T08:49:34","date_gmt":"2023-01-09T07:49:34","guid":{"rendered":"https:\/\/conshongkong.esteri.it\/?page_id=607"},"modified":"2026-02-23T16:26:25","modified_gmt":"2026-02-23T08:26:25","slug":"social-media","status":"publish","type":"page","link":"https:\/\/conshongkong.esteri.it\/it\/news\/dal_consolato\/social-media\/","title":{"rendered":"Social media"},"content":{"rendered":"<p style=\"text-align: justify;\"><strong>Social media<\/strong><br \/>\nSe volete rimanere sempre informati sulle notizie di carattere istituzionale, sulla promozione del made in Italy, del turismo e delle eccellenze italiane, seguite gli account ufficiali <a href=\"https:\/\/x.com\/ItalyinHongKong\/\">X<\/a>, <a href=\"https:\/\/www.instagram.com\/italyinhongkong\/\">Intagram<\/a> e <a href=\"https:\/\/www.facebook.com\/ItalyinHongKong\/\">Facebook<\/a> del Consolato Generale d\u2019Italia a Hong Kong.<\/p>\n<p style=\"text-align: justify;\">Il Consolato Generale d\u2019Italia a Hong Kong utilizza i social media per finalit\u00e0 istituzionali, per accrescere la trasparenza e la conoscenza delle proprie attivit\u00e0: informa, comunica, ascolta e pubblica contenuti di carattere istituzionale.<\/p>\n<p style=\"text-align: justify;\">I contenuti pubblicati comprendono fotografie, video istituzionali, comunicati stampa, informazioni di servizio, notizie relative all\u2019attivit\u00e0 di questa sede nonch\u00e9 opportunit\u00e0 di coinvolgimento e partecipazione dei cittadini. I dati personali sono utilizzati nel rispetto della normativa a relativa protezione, la cui informativa \u00e8 disponibile <a href=\"https:\/\/conshongkong.esteri.it\/wp-content\/uploads\/2023\/03\/social_media_informativa_sul_trattamento_dei_dati_personali.pdf\"><strong>qui<\/strong><\/a>.<\/p>\n<p style=\"text-align: justify;\">Attraverso i propri canali social, questa sede pu\u00f2 condividere e rilanciare contenuti e messaggi di pubblico interesse e utilit\u00e0 pubblicate da altri utenti.<\/p>\n<p style=\"text-align: justify;\">Il Consolato Generale si impegna a gestire spazi di comunicazione e dialogo all\u2019interno dei propri profili social media chiedendo ai propri utenti il rispetto di alcune semplici regole:<\/p>\n<p style=\"text-align: justify;\">A tutti si chiede di esporre la propria opinione con correttezza, misura e rispetto. Nei social media ognuno \u00e8 responsabile dei contenuti che pubblica e delle opinioni che esprime. Non saranno comunque tollerati insulti, volgarit\u00e0, offese, minacce e, in generale, atteggiamenti violenti o diffamatori.I contenuti pubblicati devono rispettare sempre la protezione di dati personali. Vanno evitati riferimenti a fatti o a dettagli privi di rilevanza pubblica e che ledano la sfera personale di terzi.L\u2019interesse degli argomenti rispetto alle attivit\u00e0 di questa sede \u00e8 un requisito essenziale: non \u00e8 possibile in alcun modo utilizzare questi spazi per scopi diversi da quelli istituzionali.Ogni discussione \u00e8 legata a un tema specifico: a tutti i partecipanti \u00e8 richiesto di rispettarlo, evitando di allargare il confronto in modo generico e indiscriminato.Non sar\u00e0 tollerata alcuna forma di pubblicit\u00e0, spam o promozione di interessi privati o di attivit\u00e0 illegali.Non sono ammessi contenuti che violino il diritto d\u2019autore n\u00e9 l\u2019utilizzo non autorizzato di marchi registrati.<\/p>\n<p style=\"text-align: justify;\">In ogni caso, ove il social media lo permetta, saranno rimossi dallo staff tutti i post, i commenti o i materiali audio\/video che:<\/p>\n<p style=\"text-align: justify;\">presentano un linguaggio inappropriato e\/o un tono minaccioso, violento, volgare o irrispettoso;presentano contenuti illeciti o di incitamento a compiere attivit\u00e0 illecite;hanno contenuti offensivi, ingannevoli, allarmistici, o in violazione di diritti di terzi;divulgano dati e informazioni personali o che possono cagionare danni o ledere la reputazione di terzi;presentano contenuti a contenuto osceno, pornografico o pedopornografico, o tale da offendere la sensibilit\u00e0 degli utenti;hanno un contenuto discriminatorio per genere, razza, etnia, lingua, credo religioso, opinioni politiche, orientamento sessuale, et\u00e0, condizioni personali e sociali;promuovono o sostengono attivit\u00e0 illegali, che violano la protezione del diritto di autore o che utilizzano in modo improprio un marchio registrato.<\/p>\n<p style=\"text-align: justify;\">Per chi dovesse violare ripetutamente queste condizioni o quelle contenute nelle policy degli strumenti adottati, questa sede, coerentemente con la Social Media Policy del MAECI, si riserva il diritto di usare il ban o il blocco (quando possibile dopo un primo avvertimento) per impedire ulteriori interventi, e di segnalare l\u2019utente ai responsabili della piattaforma ed eventualmente alle forze dell\u2019ordine<\/p>\n<p style=\"text-align: justify;\">Questa sede interagisce con gli utenti attraverso i propri profili social, ma non garantisce tempestivit\u00e0 nel riscontro.<\/p>\n<p style=\"text-align: justify;\">I canali social media si affiancano ai consueti canali di accesso del pubblico ai servizi di informazione e assistenza. \u00c8 possibile contattare la sede anche come indicato nella <a href=\"https:\/\/conshongkong.esteri.it\/it\/chi-siamo\/\"><strong>sezione dedicata del sito.<\/strong><\/a><\/p>\n<p style=\"text-align: justify;\">\n","protected":false},"excerpt":{"rendered":"Social media Se volete rimanere sempre informati sulle notizie di carattere istituzionale, sulla promozione del made in Italy, del turismo e delle eccellenze italiane, seguite gli account ufficiali X, Intagram e Facebook del Consolato Generale d\u2019Italia a Hong Kong. Il Consolato Generale d\u2019Italia a Hong Kong utilizza i social media per finalit\u00e0 istituzionali, per accrescere [&hellip;]","protected":false},"author":6,"featured_media":0,"parent":60,"menu_order":0,"comment_status":"closed","ping_status":"closed","template":"","meta":{"footnotes":""},"class_list":["post-607","page","type-page","status-publish","hentry"],"_links":{"self":[{"href":"https:\/\/conshongkong.esteri.it\/it\/wp-json\/wp\/v2\/pages\/607","targetHints":{"allow":["GET"]}}],"collection":[{"href":"https:\/\/conshongkong.esteri.it\/it\/wp-json\/wp\/v2\/pages"}],"about":[{"href":"https:\/\/conshongkong.esteri.it\/it\/wp-json\/wp\/v2\/types\/page"}],"author":[{"embeddable":true,"href":"https:\/\/conshongkong.esteri.it\/it\/wp-json\/wp\/v2\/users\/6"}],"replies":[{"embeddable":true,"href":"https:\/\/conshongkong.esteri.it\/it\/wp-json\/wp\/v2\/comments?post=607"}],"version-history":[{"count":6,"href":"https:\/\/conshongkong.esteri.it\/it\/wp-json\/wp\/v2\/pages\/607\/revisions"}],"predecessor-version":[{"id":7798,"href":"https:\/\/conshongkong.esteri.it\/it\/wp-json\/wp\/v2\/pages\/607\/revisions\/7798"}],"up":[{"embeddable":true,"href":"https:\/\/conshongkong.esteri.it\/it\/wp-json\/wp\/v2\/pages\/60"}],"wp:attachment":[{"href":"https:\/\/conshongkong.esteri.it\/it\/wp-json\/wp\/v2\/media?parent=607"}],"curies":[{"name":"wp","href":"https:\/\/api.w.org\/{rel}","templated":true}]}}