{"id":5989,"date":"2025-07-17T12:56:14","date_gmt":"2025-07-17T04:56:14","guid":{"rendered":"https:\/\/conshongkong.esteri.it\/?page_id=5989"},"modified":"2026-04-13T17:34:05","modified_gmt":"2026-04-13T09:34:05","slug":"matrimonio-e-unione-civile","status":"publish","type":"page","link":"https:\/\/conshongkong.esteri.it\/it\/servizi-consolari-e-visti\/servizi-per-il-cittadino-italiano\/stato-civile\/matrimonio-e-unione-civile\/","title":{"rendered":"Matrimonio e Unione Civile"},"content":{"rendered":"<p style=\"text-align: justify;\"><span style=\"text-decoration: underline;\"><strong>Matrimonio in Italia<\/strong><\/span><\/p>\n<p style=\"text-align: justify;\">I cittadini italiani che sono iscritti all\u2019AIRE e residenti presso questa circoscrizione consolare che intendono sposarsi in Italia dovranno chiedere le pubblicazioni presso il Consolato Generale.<br \/>\nE\u2019 necessario contattare i nostri Uffici con due-tre mesi di anticipo rispetto alla data di matrimonio prevista per concordare un appuntamento con l\u2019Ufficio Notarile.<\/p>\n<p style=\"text-align: justify;\">E\u2019 necessario presentare la seguente documentazione:<\/p>\n<ul style=\"text-align: justify;\">\n<li style=\"text-align: justify;\">Per il nubendo di nazionalit\u00e0 italiana:\n<ol>\n<li style=\"text-align: justify;\">Passaporto in corso di validit\u00e0;<\/li>\n<li style=\"text-align: justify;\">Dichiarazione sostitutiva di certificazione (vedasi apposito modulo nella sezione modulistica). Dopo aver inserito i propri dati anagrafici occorrer\u00e0 spuntare le seguenti informazioni:\n<ul>\n<li style=\"text-align: justify;\"><span style=\"text-decoration: underline;\">cittadinanza<\/span><\/li>\n<li style=\"text-align: justify;\"><span style=\"text-decoration: underline;\">residenza<\/span><\/li>\n<li style=\"text-align: justify;\"><span style=\"text-decoration: underline;\">stato civile;<\/span><\/li>\n<\/ul>\n<\/li>\n<li style=\"text-align: justify;\">Certificazione di stato libero rilasciato dalle Autorit\u00e0 di Hong Kong (certificate of absence of marriage record \u201cCAMR\u201d), con apostilla.<\/li>\n<\/ol>\n<\/li>\n<\/ul>\n<ul style=\"text-align: justify;\">\n<li style=\"text-align: justify;\">Per il nubendo di nazionalit\u00e0 straniera:\n<ul>\n<li>Passaporto in corso di validit\u00e0;<\/li>\n<li>Certificato di nascita su modello internazionale plurilingue (per i cittadini UE) Per i cittadini non comunitari occorre il certificato di nascita apostillato\/legalizzato a seconda del Paese di nascita;<\/li>\n<li>Certificato di capacit\u00e0 matrimoniale\/nulla osta rilasciato dalle Autorit\u00e0 del Paese di cittadinanza del nubendo, apostillato\/legalizzato e tradotto in italiano\n<p>Inoltre, se \u00e8 residente a Hong Kong:<\/li>\n<li>Certificazione di stato libero rilasciato dalle Autorit\u00e0 di Hong Kong (certificate of absence of marriage record \u201cCAMR\u201d) con apostilla.<\/li>\n<\/ul>\n<\/li>\n<\/ul>\n<p style=\"text-align: justify;\">In caso di nubendi divorziati o vedovi si prega di contattare il Consolato Generale per chiarimenti.<\/p>\n<p style=\"text-align: justify;\">I futuri coniugi dovranno entrambi presentarsi per la richiesta di pubblicazioni. Se uno dei futuri coniugi non conosce la lingua italiana, sar\u00e0 necessario che i futuri sposi si presentino in Consolato insieme ad un interprete scelto fra quelli della lista consolare. Il Consolato Generale, una volta verificata la documentazione, affigger\u00e0 all\u2019Albo Consolare sul sito web l\u2019avviso di pubblicazione che rimarr\u00e0 esposto per almeno 8 giorni consecutivi, trascorsi i quali rilascer\u00e0 il certificato di eseguite pubblicazioni matrimoniali.<\/p>\n<p style=\"text-align: justify;\">Per recarsi in Italia per la celebrazione del matrimonio, se il\/la futuro sposa\/a possiede un passaporto cinese dovr\u00e0 ottenere un visto turistico, mentre chi \u00e8 in possesso di passaporto della HKSAR non ne avr\u00e0 bisogno.<\/p>\n<p style=\"text-align: justify;\">Le procedure legate al permesso di soggiorno potranno essere espletate in Italia dopo il matrimonio.<\/p>\n<p>&nbsp;<\/p>\n<p style=\"text-align: justify;\"><span style=\"text-decoration: underline;\"><strong>Matrimonio ad Hong Kong di cittadini italiani<\/strong><\/span><\/p>\n<p style=\"text-align: justify;\">I cittadini italiani che intendano contrarre matrimonio ad Hong Kong devono rivolgersi direttamente all\u2019Hong Kong Marriage Registry.<br \/>\nLa procedura \u00e8 abbastanza semplice e non richiede, di norma, certificazioni da parte del Consolato Generale.<br \/>\nIn questo caso non \u00e8 necessario fare le pubblicazioni presso il Consolato. Una volta sposati, \u00e8 un obbligo di legge registrare il matrimonio in Italia. A tal fine occorre portare presso i nostri Uffici al pi\u00f9 presto:<\/p>\n<ol style=\"text-align: justify;\">\n<li style=\"text-align: justify;\">originale o duplicato del certificato di matrimonio rilasciato dalle Autorit\u00e0 di Hong Kong o, se il matrimonio \u00e8 stato celebrato a Macao, dalla Conservatoria do Registro Civil, debitamente <a href=\"https:\/\/conshongkong.esteri.it\/it\/servizi-consolari-e-visti\/servizi-per-il-cittadino-italiano\/apostilla\/\">apostillato;<\/a><\/li>\n<li style=\"text-align: justify;\">fotocopia dei passaporti degli sposi;<\/li>\n<li style=\"text-align: justify;\"><a href=\"https:\/\/conshongkong.esteri.it\/wp-content\/uploads\/2023\/03\/S2_modulorichiestatrascrizionecertificatodimatrimonio2.pdf\" target=\"_blank\" rel=\"noopener\"><strong>modulo<\/strong><\/a>\u00a0di richiesta di trascrizione del matrimonio.<\/li>\n<\/ol>\n<p style=\"text-align: justify;\">La mancata registrazione del matrimonio comporta ritardi in caso di richiesta di nuovo passaporto e nell\u2019erogazione degli altri servizi consolari.<\/p>\n<p style=\"text-align: justify;\">Si sottolinea che il certificato di matrimonio originale o il duplicato rilasciato dall\u2019Hong Kong Marriage Registry viene trattenuto negli archivi consolari e non pu\u00f2 essere restituito. Si consiglia pertanto ai connazionali di farsi rilasciare subito vari duplicati del certificato di matrimonio da apostillare per eventuali usi futuri.<\/p>\n<p style=\"text-align: justify;\">Il Consolato Generale provveder\u00e0 ad inviare l\u2019atto, dopo averlo tradotto, al Comune italiano di competenza.<\/p>\n<p>&nbsp;<\/p>\n<p style=\"text-align: justify;\"><span style=\"text-decoration: underline;\"><strong>Celebrazione matrimonio consolare<\/strong><\/span><\/p>\n<p style=\"text-align: justify;\">Esso \u00e8 possibile per i cittadini entrambi residenti nella circoscrizione consolare e quando non vi si oppongono le leggi locali (<strong><a href=\"https:\/\/www.esteri.it\/it\/servizi-consolari-e-visti\/italiani-all-estero\/stato-civile\/matrimonio_0\/\">cliccare qui<\/a><\/strong> per maggiori informazioni).<\/p>\n<p style=\"text-align: justify;\">Quando gli sposi sono entrambi cittadini italiani o uno di essi \u00e8 cittadino italiano e l\u2019altro \u00e8 cittadino straniero, il matrimonio all\u2019estero pu\u00f2 essere celebrato davanti all\u2019Autorit\u00e0 consolare competente.<\/p>\n<p>&nbsp;<\/p>\n<p style=\"text-align: justify;\"><span style=\"text-decoration: underline;\"><strong>UNIONE CIVILE<\/strong><\/span><\/p>\n<p style=\"text-align: justify;\">Si informano i connazionali che, a seguito dell\u2019adozione della legge n. 76 del 20 maggio 2016 e del Decreto del Presidente del Consiglio dei Ministri n. 144 del 23 luglio 2016, \u00e8 possibile contrarre unioni civili con persone dello stesso sesso presso gli uffici consolari all\u2019estero, ed \u00e8 obbligatorio per i cittadini italiani che abbiano contratto in un Paese estero, secondo la legge locale, matrimonio o unione civile con persone dello stesso sesso trasmetterne gli atti mediante l\u2019ufficio consolare, per la trascrizione in Italia.<\/p>\n<p>&nbsp;<\/p>\n<p style=\"text-align: justify;\"><span style=\"text-decoration: underline;\"><strong>Competenza circoscrizione consolare<\/strong><\/span><\/p>\n<p style=\"text-align: justify;\">Le unioni civili all\u2019estero vengono costituite presso l\u2019ufficio consolare competente in base alla residenza di una delle due parti (art. 8, comma 1 del DPCM 144\/2016). Le richieste di costituzione dell\u2019unione civile possono dunque essere presentate esclusivamente presso l\u2019ufficio consolare nella cui circoscrizione risiede una delle due parti.<\/p>\n<p style=\"text-align: justify;\">Presso il Consolato Generale d\u2019Italia a Hong Kong, come anche per i matrimoni consolari, potranno essere celebrate le unioni civili solo se uno dei due contraenti e\u2019 cittadino italiano residente a Hong Kong o Macao.<\/p>\n<p>&nbsp;<\/p>\n<p style=\"text-align: justify;\"><span style=\"text-decoration: underline;\"><strong>Richiesta di costituzione dell\u2019unione civile<\/strong><\/span><\/p>\n<p style=\"text-align: justify;\">La richiesta di costituzione di un unione civile pu\u00f2 essere presentata da due persone maggiorenni dello stesso sesso presso l\u2019ufficio consolare competente. Almeno una delle due persone deve essere in possesso della cittadinanza italiana.<br \/>\nLa richiesta deve essere presentata congiuntamente da entrambi i richiedenti all\u2019ufficiale di stato civile competente, e in essa ciascuna parte deve dichiarare:<\/p>\n<ol style=\"text-align: justify;\">\n<li style=\"text-align: justify;\">Il nome e il cognome; la data e il luogo di nascita; la cittadinanza; il luogo di residenza (si ricorda ai richiedenti di venire muniti di valido documento di identit\u00e0);<\/li>\n<li style=\"text-align: justify;\">L\u2019insussistenza delle cause impeditive alla costituzione dell\u2019unione, cos\u00ec come stabilite dall\u2019art. 1, comma 4 della legge n. 76 del 20 maggio 2016.<\/li>\n<\/ol>\n<p style=\"text-align: justify;\">A fronte della presentazione della richiesta verr\u00e0 fissata una data affinch\u00e9 le parti, a seguito delle verifiche sull\u2019esattezza dei dati previste dalla normativa, rendano congiuntamente la dichiarazione costitutiva dell\u2019unione, davanti all\u2019ufficiale di stato civile e alla presenza di due testimoni. In sede di dichiarazione le parti possono rendere anche la dichiarazione di scelta del regime patrimoniale di separazione dei beni (art. 1, comma 13 legge 76\/2016).<\/p>\n<p style=\"text-align: justify;\">La registrazione dell\u2019unione civile viene trasmessa dall\u2019ufficio consolare al Comune di riferimento in Italia.<\/p>\n<p>&nbsp;<\/p>\n<p style=\"text-align: justify;\"><span style=\"text-decoration: underline;\"><strong>Dichiarazioni di scioglimento dell\u2019unione civile<\/strong><\/span><\/p>\n<p style=\"text-align: justify;\">La manifestazione di volont\u00e0 allo scioglimento di un\u2019unione civile gi\u00e0 registrata deve essere indirizzata direttamente al Comune presso cui la dichiarazione costitutiva dell\u2019unione \u00e8 iscritta o trascritta (art. 6 del DPCM 144\/2016). Gli uffici consolari non sono competenti a ricevere dichiarazioni di scioglimento dell\u2019unione civile.<\/p>\n<p style=\"text-align: justify;\">Riferimenti normativi utili:<\/p>\n<p style=\"text-align: justify;\"><a href=\"http:\/\/www.gazzettaufficiale.it\/atto\/vediMenuHTML?atto.dataPubblicazioneGazzetta=2016-05-21&amp;atto.codiceRedazionale=16G00082&amp;tipoSerie=serie_generale&amp;tipoVigenza=originario\">Legge n. 76 del 20 maggio 2016<\/a><br \/>\n<a href=\"http:\/\/www.gazzettaufficiale.it\/eli\/id\/2016\/07\/28\/16G00156\/sg\">Decreto del Presidente del Consiglio dei Ministri n. 144 del 23 luglio 2016<\/a><\/p>\n<p style=\"text-align: justify;\">Per ulteriori chiarimenti e per prenotare un appuntamento, si prega di scrivere a\u00a0<a href=\"mailto:consolare.hongkong@esteri.it\">consolare.hongkong@esteri.it<\/a><\/p>\n<p>&nbsp;<\/p>\n<p style=\"text-align: justify;\"><span style=\"text-decoration: underline;\"><strong>Rilascio certificati di capacit\u00e0 matrimoniale o attestazioni circa l\u2019assenza di impedimenti<\/strong><\/span><\/p>\n<p style=\"text-align: justify;\">Qualora necessari alla costituzione in loco e secondo le forme locali di unioni civili e matrimoni tra persone dello stesso sesso, \u00e8 possibile richiedere all\u2019ufficio consolare il rilascio di certificati di capacit\u00e0 matrimoniale o attestazioni circa l\u2019assenza di impedimenti alla fine della costituzione in loco di unioni civili o matrimoni. I cittadini italiani che ne necessitano dovranno presentare autocertificazione presso l\u2019ufficio consolare ove sono iscritti AIRE.<\/p>\n","protected":false},"excerpt":{"rendered":"Matrimonio in Italia I cittadini italiani che sono iscritti all\u2019AIRE e residenti presso questa circoscrizione consolare che intendono sposarsi in Italia dovranno chiedere le pubblicazioni presso il Consolato Generale. E\u2019 necessario contattare i nostri Uffici con due-tre mesi di anticipo rispetto alla data di matrimonio prevista per concordare un appuntamento con l\u2019Ufficio Notarile. E\u2019 necessario [&hellip;]","protected":false},"author":6,"featured_media":0,"parent":179,"menu_order":0,"comment_status":"closed","ping_status":"closed","template":"","meta":{"footnotes":""},"class_list":["post-5989","page","type-page","status-publish","hentry"],"_links":{"self":[{"href":"https:\/\/conshongkong.esteri.it\/it\/wp-json\/wp\/v2\/pages\/5989","targetHints":{"allow":["GET"]}}],"collection":[{"href":"https:\/\/conshongkong.esteri.it\/it\/wp-json\/wp\/v2\/pages"}],"about":[{"href":"https:\/\/conshongkong.esteri.it\/it\/wp-json\/wp\/v2\/types\/page"}],"author":[{"embeddable":true,"href":"https:\/\/conshongkong.esteri.it\/it\/wp-json\/wp\/v2\/users\/6"}],"replies":[{"embeddable":true,"href":"https:\/\/conshongkong.esteri.it\/it\/wp-json\/wp\/v2\/comments?post=5989"}],"version-history":[{"count":4,"href":"https:\/\/conshongkong.esteri.it\/it\/wp-json\/wp\/v2\/pages\/5989\/revisions"}],"predecessor-version":[{"id":8454,"href":"https:\/\/conshongkong.esteri.it\/it\/wp-json\/wp\/v2\/pages\/5989\/revisions\/8454"}],"up":[{"embeddable":true,"href":"https:\/\/conshongkong.esteri.it\/it\/wp-json\/wp\/v2\/pages\/179"}],"wp:attachment":[{"href":"https:\/\/conshongkong.esteri.it\/it\/wp-json\/wp\/v2\/media?parent=5989"}],"curies":[{"name":"wp","href":"https:\/\/api.w.org\/{rel}","templated":true}]}}