{"id":5910,"date":"2025-07-17T11:48:04","date_gmt":"2025-07-17T03:48:04","guid":{"rendered":"https:\/\/conshongkong.esteri.it\/?page_id=5910"},"modified":"2025-07-17T11:48:04","modified_gmt":"2025-07-17T03:48:04","slug":"dichiarazione-di-accompagnamento-per-i-minori-di-anni-14","status":"publish","type":"page","link":"https:\/\/conshongkong.esteri.it\/it\/servizi-consolari-e-visti\/servizi-per-il-cittadino-italiano\/passaporti\/passaporto-per-minori\/dichiarazione-di-accompagnamento-per-i-minori-di-anni-14\/","title":{"rendered":"Dichiarazione di accompagnamento per i minori di anni 14"},"content":{"rendered":"<p style=\"text-align: justify;\">Dal 4 giugno 2014 \u00e8 entrata in vigore la nuova disciplina riguardante la dichiarazione di accompagnamento, finalizzata a garantire una maggiore tutela del minore, necessaria nel caso in cui un minore sia affidato dai genitori ad un\u2019altra persona per il compimento di un viaggio.<br \/>\nLa dichiarazione di accompagnamento pu\u00f2 riguardare uno o pi\u00f9 viaggi dal Paese di residenza del minore con destinazione e date determinate e non pu\u00f2 eccedere, di norma, il termine massimo di sei mesi.<br \/>\nGli esercenti la responsabilit\u00e0 genitoriale o tutoria possono indicare fino ad un massimo di due accompagnatori, che saranno tuttavia alternativi fra di loro.<\/p>\n<p style=\"text-align: justify;\">Per il rilascio della dichiarazione \u00e8 necessario compilare il\u00a0modulo (<a href=\"https:\/\/conshongkong.esteri.it\/it\/servizi-consolari-e-visti\/servizi-per-il-cittadino-italiano\/modulistica\/\">link<\/a>) e presentarlo al Consolato insieme alla copia del biglietto di viaggio, alla copia dei passaporti dell&#8217;accompagnatore, del minore e dei genitori. Nel caso in cui uno dei due genitori sia impossibilitato a presentarsi, se \u00e8 cittadino UE, la presenza fisica potr\u00e0 essere sostituita dall\u2019invio tramite email della copia del passaporto, inclusa la pagina della firma, all\u2019indirizzo\u00a0<a href=\"mailto:consolare.hongkong@esteri.it\">consolare.hongkong@esteri.it<\/a>. Per tutte le altre cittadinanze, \u00e8 necessario presentarsi in Consolato.<\/p>\n","protected":false},"excerpt":{"rendered":"Dal 4 giugno 2014 \u00e8 entrata in vigore la nuova disciplina riguardante la dichiarazione di accompagnamento, finalizzata a garantire una maggiore tutela del minore, necessaria nel caso in cui un minore sia affidato dai genitori ad un\u2019altra persona per il compimento di un viaggio. La dichiarazione di accompagnamento pu\u00f2 riguardare uno o pi\u00f9 viaggi dal [&hellip;]","protected":false},"author":6,"featured_media":0,"parent":5895,"menu_order":0,"comment_status":"closed","ping_status":"closed","template":"","meta":{"footnotes":""},"class_list":["post-5910","page","type-page","status-publish","hentry"],"_links":{"self":[{"href":"https:\/\/conshongkong.esteri.it\/it\/wp-json\/wp\/v2\/pages\/5910","targetHints":{"allow":["GET"]}}],"collection":[{"href":"https:\/\/conshongkong.esteri.it\/it\/wp-json\/wp\/v2\/pages"}],"about":[{"href":"https:\/\/conshongkong.esteri.it\/it\/wp-json\/wp\/v2\/types\/page"}],"author":[{"embeddable":true,"href":"https:\/\/conshongkong.esteri.it\/it\/wp-json\/wp\/v2\/users\/6"}],"replies":[{"embeddable":true,"href":"https:\/\/conshongkong.esteri.it\/it\/wp-json\/wp\/v2\/comments?post=5910"}],"version-history":[{"count":1,"href":"https:\/\/conshongkong.esteri.it\/it\/wp-json\/wp\/v2\/pages\/5910\/revisions"}],"predecessor-version":[{"id":5913,"href":"https:\/\/conshongkong.esteri.it\/it\/wp-json\/wp\/v2\/pages\/5910\/revisions\/5913"}],"up":[{"embeddable":true,"href":"https:\/\/conshongkong.esteri.it\/it\/wp-json\/wp\/v2\/pages\/5895"}],"wp:attachment":[{"href":"https:\/\/conshongkong.esteri.it\/it\/wp-json\/wp\/v2\/media?parent=5910"}],"curies":[{"name":"wp","href":"https:\/\/api.w.org\/{rel}","templated":true}]}}