{"id":5895,"date":"2025-07-17T11:45:18","date_gmt":"2025-07-17T03:45:18","guid":{"rendered":"https:\/\/conshongkong.esteri.it\/?page_id=5895"},"modified":"2025-07-17T11:45:18","modified_gmt":"2025-07-17T03:45:18","slug":"passaporto-per-minori","status":"publish","type":"page","link":"https:\/\/conshongkong.esteri.it\/it\/servizi-consolari-e-visti\/servizi-per-il-cittadino-italiano\/passaporti\/passaporto-per-minori\/","title":{"rendered":"Passaporto per minori"},"content":{"rendered":"<p style=\"text-align: justify;\">Il giorno dell\u2019appuntamento, occorre presentarsi di persona al Consolato Generale con il minore (occorre vedere il minore per certificarne la foto e, per quelli che hanno compiuto 12 anni, rilevarne le impronte) e la seguente documentazione:<\/p>\n<p style=\"text-align: justify;\">1. Passaporto originale in corso di validit\u00e0 del minore e dei genitori;<br \/>\n2. Fotocopia delle pagine 2, 3, 4, 5 del passaporto del minore e dei genitori;<br \/>\n3. Due foto ICAO (vedi <a href=\"https:\/\/conshongkong.esteri.it\/wp-content\/uploads\/2025\/07\/PASSAPORTI-REQUISITI-ICAO-07.2025.pdf\"><strong>qui<\/strong><\/a>) del minore;<br \/>\n4.\u00a0Modulo (<a href=\"https:\/\/conshongkong.esteri.it\/it\/servizi-consolari-e-visti\/servizi-per-il-cittadino-italiano\/modulistica\/\">link<\/a>) di richiesta passaporto per minori compilato e firmato dai genitori in Consolato. Se uno dei genitori non pu\u00f2 presentarsi in Consolato ed \u00e8 cittadino UE sar\u00e0 sufficiente che invii il modulo di assenso (<a href=\"https:\/\/conshongkong.esteri.it\/it\/servizi-consolari-e-visti\/servizi-per-il-cittadino-italiano\/modulistica\/\">link<\/a>) tramite email, con copia del passaporto inclusa la pagina della firma, all\u2019indirizzo\u00a0<a href=\"mailto:consolare.hongkong@esteri.it\">consolare.hongkong@esteri.it<\/a>. Per tutte le altre cittadinanze, l\u2019altro genitore dovr\u00e0 presentarsi di persona in Consolato per l\u2019autentica della firma sul modulo di assenso.<\/p>\n<p style=\"text-align: justify;\">Tutti i moduli sono disponibili alla pagina\u00a0<a href=\"https:\/\/conshongkong.esteri.it\/it\/servizi-consolari-e-visti\/servizi-per-il-cittadino-italiano\/modulistica\/\">Modulistica<\/a><\/p>\n<p style=\"text-align: justify;\">Sui passaporti di nuovo tipo rilasciati a minori (passaporti elettronici), a pagina 5, su richiesta dei genitori, vengono stampati i nomi del padre e della madre, il minore pu\u00f2 pertanto viaggiare con uno di loro o entrambi.<br \/>\nOve i nomi dei genitori non fossero presenti, il Consolato Generale potr\u00e0 aggiungerli manualmente, onde evitare qualsiasi tipo di problema alla frontiera.<br \/>\nIn alternativa, si consiglia ai genitori (o al genitore che parte da solo con il minore) di viaggiare con un certificato di nascita del minore.<\/p>\n<p style=\"text-align: justify;\"><strong>IN CASO DI PRIMO PASSAPORTO<\/strong>\u00a0occorre prima trascrivere l\u2019atto di nascita del minore (vedere\u00a0<a href=\"https:\/\/conshongkong.esteri.it\/it\/servizi-consolari-e-visti\/servizi-per-il-cittadino-italiano\/stato-civile\/\">sezione Stato Civile<\/a>\u00a0relativa agli atti di nascita).<\/p>\n<p style=\"text-align: justify;\">\n<p style=\"text-align: justify;\"><span style=\"text-decoration: underline;\"><strong>Dichiarazione di accompagnamento per i minori di anni 14<\/strong><\/span><\/p>\n<p style=\"text-align: justify;\">Dal 4 giugno 2014 \u00e8 entrata in vigore la nuova disciplina riguardante la dichiarazione di accompagnamento, finalizzata a garantire una maggiore tutela del minore, necessaria nel caso in cui un minore sia affidato dai genitori ad un\u2019altra persona per il compimento di un viaggio.<br \/>\nLa dichiarazione di accompagnamento pu\u00f2 riguardare uno o pi\u00f9 viaggi dal Paese di residenza del minore con destinazione e date determinate e non pu\u00f2 eccedere, di norma, il termine massimo di sei mesi.<br \/>\nGli esercenti la responsabilit\u00e0 genitoriale o tutoria possono indicare fino ad un massimo di due accompagnatori, che saranno tuttavia alternativi fra di loro.<\/p>\n<p style=\"text-align: justify;\">Per il rilascio della dichiarazione \u00e8 necessario compilare il\u00a0modulo (<a href=\"https:\/\/conshongkong.esteri.it\/it\/servizi-consolari-e-visti\/servizi-per-il-cittadino-italiano\/modulistica\/\">link<\/a>) e presentarlo al Consolato insieme alla copia del biglietto di viaggio, alla copia dei passaporti dell&#8217;accompagnatore, del minore e dei genitori. Nel caso in cui uno dei due genitori sia impossibilitato a presentarsi, se \u00e8 cittadino UE, la presenza fisica potr\u00e0 essere sostituita dall\u2019invio tramite email della copia del passaporto, inclusa la pagina della firma, all\u2019indirizzo\u00a0<a href=\"mailto:consolare.hongkong@esteri.it\">consolare.hongkong@esteri.it<\/a>. Per tutte le altre cittadinanze, \u00e8 necessario presentarsi in Consolato.<\/p>\n","protected":false},"excerpt":{"rendered":"Il giorno dell\u2019appuntamento, occorre presentarsi di persona al Consolato Generale con il minore (occorre vedere il minore per certificarne la foto e, per quelli che hanno compiuto 12 anni, rilevarne le impronte) e la seguente documentazione: 1. Passaporto originale in corso di validit\u00e0 del minore e dei genitori; 2. Fotocopia delle pagine 2, 3, 4, [&hellip;]","protected":false},"author":6,"featured_media":0,"parent":172,"menu_order":0,"comment_status":"closed","ping_status":"closed","template":"","meta":{"footnotes":""},"class_list":["post-5895","page","type-page","status-publish","hentry"],"_links":{"self":[{"href":"https:\/\/conshongkong.esteri.it\/it\/wp-json\/wp\/v2\/pages\/5895","targetHints":{"allow":["GET"]}}],"collection":[{"href":"https:\/\/conshongkong.esteri.it\/it\/wp-json\/wp\/v2\/pages"}],"about":[{"href":"https:\/\/conshongkong.esteri.it\/it\/wp-json\/wp\/v2\/types\/page"}],"author":[{"embeddable":true,"href":"https:\/\/conshongkong.esteri.it\/it\/wp-json\/wp\/v2\/users\/6"}],"replies":[{"embeddable":true,"href":"https:\/\/conshongkong.esteri.it\/it\/wp-json\/wp\/v2\/comments?post=5895"}],"version-history":[{"count":1,"href":"https:\/\/conshongkong.esteri.it\/it\/wp-json\/wp\/v2\/pages\/5895\/revisions"}],"predecessor-version":[{"id":5898,"href":"https:\/\/conshongkong.esteri.it\/it\/wp-json\/wp\/v2\/pages\/5895\/revisions\/5898"}],"up":[{"embeddable":true,"href":"https:\/\/conshongkong.esteri.it\/it\/wp-json\/wp\/v2\/pages\/172"}],"wp:attachment":[{"href":"https:\/\/conshongkong.esteri.it\/it\/wp-json\/wp\/v2\/media?parent=5895"}],"curies":[{"name":"wp","href":"https:\/\/api.w.org\/{rel}","templated":true}]}}