{"id":5675,"date":"2025-07-16T16:30:42","date_gmt":"2025-07-16T08:30:42","guid":{"rendered":"https:\/\/conshongkong.esteri.it\/?page_id=5675"},"modified":"2026-01-13T16:56:00","modified_gmt":"2026-01-13T08:56:00","slug":"acquisto-cittadinanza-italiana-dei-figli-minorenni-nati-allestero","status":"publish","type":"page","link":"https:\/\/conshongkong.esteri.it\/it\/servizi-consolari-e-visti\/servizi-per-il-cittadino-straniero\/cittadinanza-2\/acquisto-cittadinanza-italiana-dei-figli-minorenni-nati-allestero\/","title":{"rendered":"ACQUISTO CITTADINANZA ITALIANA DEI FIGLI MINORENNI NATI ALL\u2019ESTERO"},"content":{"rendered":"<p style=\"text-align: justify;\"><strong>La Legge n.74 del 23\/05\/2025<\/strong>, che ha convertito con modificazioni il decreto-legge n.36 del 28\/03\/2025,<strong>\u00a0ha introdotto importanti limitazioni alla trasmissione della cittadinanza italiana e di conseguenza anche alla procedura di trascrizione degli atti di nascita dei minori nati all\u2019estero.<\/strong><\/p>\n<p style=\"text-align: justify;\">La nuova legge di cittadinanza ha introdotto il principio per cui \u00e8 considerato<strong>\u00a0non avere mai acquistato la cittadinanza italiana chi \u00e8 nato all\u2019estero,\u00a0<\/strong>anche prima della data di entrata in vigore dalla legge n.74 del 23\/05\/2025,<strong>\u00a0ed \u00e8 in possesso di altra cittadinanza o anche solo del diritto ad acquistarla<\/strong>,\u00a0<strong><u>salvo<\/u><\/strong>\u00a0che ricorra una delle condizioni di seguito illustrate.<\/p>\n<p style=\"text-align: justify;\"><span style=\"text-decoration: underline;\"><strong>3.1 ACQUISTO AUTOMATICO DELLA CITTADINANZA ITALIANA DA PARTE DEI FIGLI MINORENNI NATI ALL\u2019ESTERO DA CITTADINI ITALIANI.<\/strong><\/span><\/p>\n<p style=\"text-align: justify;\"><strong>Il minore nato all\u2019estero da genitori italiani \u00e8 considerato\u00a0cittadino italiano\u00a0<u>solo<\/u>\u00a0se\u00a0ricorre almeno una delle seguenti condizioni:<\/strong><\/p>\n<p style=\"padding-left: 40px; text-align: justify;\"><strong><em>1. Alla data di nascita il minore pu\u00f2 ottenere <u>esclusivamente<\/u> la cittadinanza italiana, cio\u00e8 non ha, n\u00e9 pu\u00f2 avere nessun\u2019altra cittadinanza (ad. es. jure sanguinis, jure soli, cittadinanza per opzione, ecc.)<\/em><\/strong><\/p>\n<p style=\"padding-left: 80px; text-align: justify;\">Alla richiesta di trascrizione devono essere allegati documenti idonei a dimostrare che il minore non si trovi alla nascita nella possibilit\u00e0 di acquisire una qualsiasi cittadinanza straniera.<\/p>\n<p style=\"padding-left: 80px; text-align: justify;\"><u>Per maggiori informazioni sulla documentazione comprovante il possesso esclusivo della cittadinanza italiana, vedi\u00a0<\/u><a href=\"https:\/\/conshongkong.esteri.it\/wp-content\/uploads\/2025\/07\/Documentazione-comprovante-il-possesso-esclusivo-della-cittadinanza-italiana.pdf\"><strong><u>QUI<\/u><\/strong><\/a><u>.<\/u><\/p>\n<p style=\"padding-left: 40px; text-align: justify;\"><strong><em>2. Alla data di nascita del minore, un ascendente <u>di primo o di secondo grado<\/u>\u00a0(genitori\/nonni)\u00a0<u>possiede<\/u>\u00a0(o possedeva al momento della morte),\u00a0<u>esclusivamente<\/u>\u00a0la cittadinanza italiana.<\/em><\/strong><\/p>\n<p style=\"padding-left: 80px; text-align: justify;\">Alla richiesta di trascrizione deve essere allegata documentazione idonea a dimostrare in maniera incontrovertibile che, al momento della nascita del minore, uno dei genitori o dei nonni fosse esclusivamente cittadino italiano (o lo fosse al momento della morte, se essa \u00e8 avvenuta prima della nascita del minore).<\/p>\n<p style=\"padding-left: 80px; text-align: justify;\">Non sar\u00e0 ritenuta valida alcuna autodichiarazione sul mancato possesso di altra cittadinanza.<br \/>\n<u>Per maggiori informazioni sulla documentazione comprovante il possesso esclusivo della cittadinanza italiana di genitori\/nonni, vedi\u00a0<\/u><a href=\"https:\/\/conshongkong.esteri.it\/wp-content\/uploads\/2025\/07\/Documentazione-comprovante-il-possesso-esclusivo-della-cittadinanza-italiana.pdf\"><strong><u>QUI<\/u><\/strong><\/a><u>.<\/u><\/p>\n<p style=\"padding-left: 40px; text-align: justify;\"><strong><em>3. Il <u>genitore<\/u>\u00a0cittadino italiano\u00a0<u>\u00e8 stato residente in Italia per almeno 2 anni continuativi<\/u>\u00a0successivamente all\u2019acquisto della cittadinanza italiana e\u00a0prima della data di nascita del figlio\/a.<\/em><\/strong><\/p>\n<p style=\"padding-left: 80px; text-align: justify;\">Il genitore cittadino italiano che ha acquistato la cittadinanza per matrimonio, per residenza, o per beneficio di legge, deve dimostrare di aver risieduto in Italia per almeno\u00a0<u>2 anni continuativi\u00a0successivamente all\u2019acquisto della cittadinanza italiana e prima della data di nascita del figlio\/a.<\/u><\/p>\n<p style=\"padding-left: 80px; text-align: justify;\">Non rileva la residenza in Italia del cittadino italiano prima dell\u2019acquisto della cittadinanza italiana, n\u00e9 la residenza in Italia del genitore straniero e non sar\u00e0 ritenuta valida alcuna autodichiarazione riguardo alla residenza.<\/p>\n<p style=\"padding-left: 80px; text-align: justify;\">La responsabilit\u00e0 di fornire una valida prova di residenza \u00e8\u00a0<u>esclusivamente a carico del richiedente<\/u>.<br \/>\n<u>Per maggiori informazioni sulla documentazione comprovante la residenza in Italia per almeno due anni continuativi successivamente all\u2019acquisto della cittadinanza italiana e prima della data di nascita del figlio\/a, vedi\u00a0<\/u><a href=\"https:\/\/conshongkong.esteri.it\/wp-content\/uploads\/2025\/07\/Documentazione-comprovante-il-possesso-esclusivo-della-cittadinanza-italiana.pdf\"><strong><u>QUI<\/u><\/strong><\/a><u>.<\/u><\/p>\n<p style=\"text-align: justify;\"><span style=\"text-decoration: underline;\"><strong>3.2 NUOVI CASI DI ACQUISTO DELLA CITTADINANZA ALL\u2019ESTERO DA PARTE DEI FIGLI MINORENNI DI CITTADINI ITALIANI CHE NON TRASMETTONO AUTOMATICAMENTE LA CITTADINANZA ITALIANA (&#8220;PER BENEFICIO DI LEGGE&#8221;).<\/strong><\/span><\/p>\n<p style=\"text-align: justify;\"><strong>Il minore nato all\u2019estero da genitori italiani che non possa essere considerato automaticamente cittadino italiano in conseguenza dei limiti di cui sopra (ovvero: minore in possesso di altra cittadinanza; genitori\/nonni in possesso di altra cittadinanza), potr\u00e0 acquistare la cittadinanza italiana\u00a0<u>per beneficio di legge<\/u> se i genitori o il tutore dichiarano la volont\u00e0 dell\u2019acquisto della cittadinanza entro tre anni dalla nascita del minore e ricorrono <u>congiuntamente<\/u>\u00a0i seguenti requisiti:<\/strong><\/p>\n<ul style=\"text-align: justify;\">\n<li><em>Almeno uno dei genitori \u00e8 cittadino italiano iure sanguinis.<\/em><strong><em><br \/>\n<\/em><\/strong>Si escludono quindi i casi di cittadini italiani per naturalizzazione (art. 9 della legge n. 91\/1992), per beneficio di legge (art. 4 della legge n. 91\/1992), per matrimonio (art. 5 della legge n. 91\/1992 o art. 10 della legge n. 555\/1912), o\u00a0<em>iuris communicatione\u00a0<\/em>(articolo 14 della legge n. 91\/1992)<em>.<\/em><\/li>\n<\/ul>\n<p style=\"padding-left: 40px; text-align: justify;\">La responsabilit\u00e0 di fornire una valida prova di possesso della cittadinanza\u00a0<em>iure sanguinis<\/em>\u00a0\u00e8\u00a0<u>esclusivamente a carico del richiedente<\/u>.<\/p>\n<p style=\"padding-left: 40px; text-align: justify;\">Il possesso della cittadinanza italiana iure sanguinis dei genitori\/nonni pu\u00f2 essere comprovata con un documento di identit\u00e0 valido e un certificato di cittadinanza rilasciato dal competente Comune italiano entro sei mesi dalla data di richiesta di trascrizione della nascita e con l\u2019indicazione\u00a0esplicita\u00a0del possesso della cittadinanza italiana dalla nascita.<\/p>\n<p style=\"padding-left: 40px; text-align: justify;\"><em>Entrambi i genitori (incluso il genitore straniero) o il tutore presentano la\u00a0<\/em><strong><em>dichiarazione di volont\u00e0<\/em><\/strong><em>\u00a0dell\u2019acquisto della cittadinanza\u00a0<u>entro tre anni<\/u>\u00a0dalla nascita del minore o dalla data successiva in cui \u00e8 stabilita la filiazione, anche adottiva durante la minore et\u00e0, da cittadino italiano.<\/em><\/p>\n<p style=\"text-align: justify;\">\u00c8 stata altres\u00ec introdotta una <strong>norma transitoria (art. 1, c. 1-ter del D.L. n. 36\/2025)\u00a0<\/strong>che consente la possibilit\u00e0 di effettuare la suddetta dichiarazione di volont\u00e0 di acquisto della cittadinanza in favore di minore figlio di cittadino\/a, al quale non venga trasmessa automaticamente la cittadinanza, allorch\u00e9 ricorrano\u00a0<strong>tutte\u00a0<\/strong>le condizioni seguenti:<\/p>\n<ul style=\"text-align: justify;\">\n<li><strong><u>minore et\u00e0 del figlio alla data del 24 maggio 2025 (entrata in vigore della legge di conversione del decreto-legge n. 36\/2025)<\/u><\/strong>. In questo caso i genitori potranno presentare la loro dichiarazione di volont\u00e0 \u2013 corredata dalla documentazione completa e corretta \u2013 entro le 23:59, ora di Roma, <u>del\u00a031 maggio 2026<\/u>, presentando la documentazione indicata qui di seguito<strong>;<\/strong><\/li>\n<li><strong>nascita del figlio minore successiva al 24 maggio 2025<\/strong>. In questo caso i genitori devono presentare la loro dichiarazione di volont\u00e0 \u2013 corredata dalla documentazione completa e corretta \u2013 <u>entro tre anni dalla nascita<\/u> (o dalla data in cui \u00e8 stabilita la filiazione in caso di adozioni), presentando la documentazione indicata qui di seguito.<\/li>\n<\/ul>\n<p style=\"text-align: justify;\">Se l\u2019interessato, minorenne alla data del 24 maggio 2025, diviene nel frattempo maggiorenne, la dichiarazione dovr\u00e0 essere presentata da lui personalmente\u00a0<u>entro il 31 maggio 2026<\/u>.<\/p>\n<p style=\"text-align: justify;\"><strong>Tutta<\/strong>\u00a0la documentazione dovr\u00e0 essere presentata in originale il giorno dell\u2019appuntamento.<\/p>\n<p style=\"text-align: justify;\"><span style=\"text-decoration: underline;\"><strong>IMPORTANTE:<\/strong><\/span><\/p>\n<ul style=\"text-align: justify;\">\n<li>Il minore che acquista la cittadinanza italiana\u00a0<u>per beneficio di legge<\/u>\u00a0<strong>non<\/strong>\u00a0\u00e8 cittadino per nascita o\u00a0<em>iure sanguinis<\/em>. In base all\u2019articolo 15 della legge n. 91\/1992, il minore acquista la cittadinanza dal giorno successivo in cui si saranno verificate le condizioni previste dalla legge (per le dichiarazioni presentate in consolato: dal giorno successivo alla dichiarazione effettuata da entrambi i genitori).<\/li>\n<li>Divenuto maggiorenne, chi ha acquistato la cittadinanza\u00a0<u>a seguito di dichiarazione di volont\u00e0<\/u>\u00a0dei genitori, come illustrato sopra, pu\u00f2 rinunciarvi se in possesso di altra cittadinanza.<\/li>\n<\/ul>\n<p style=\"text-align: justify;\"><strong><span style=\"text-decoration: underline;\">Elenco documenti:<\/span><\/strong><\/p>\n<ol style=\"text-align: justify;\">\n<li><strong>Dichiarazione di volont\u00e0 d\u2019acquisto <\/strong>della cittadinanza italiana presentata dai genitori, o dal tutore di minore straniero, da sottoscrivere in Consolato previo appuntamento;<\/li>\n<li><strong>Domanda di trascrizione atto di nascita;<\/strong><\/li>\n<li><strong>Atto di nascita del minore <\/strong>legalizzato con apostilla;<\/li>\n<li><strong>Fotocopia dei passaporti\u00a0 dei genitori<\/strong> <strong>e del minore<\/strong> (se gi\u00e0 in possesso);<\/li>\n<li><strong>Certificato\u00a0di cittadinanza del genitore italiano,\u00a0<\/strong>rilasciato in carta libera per uso cittadinanza (senza imposta di bollo),<strong>con la specifica del luogo, data e modalit\u00e0 di acquisto della cittadinanza italiana,<\/strong>\u00a0rilasciato dal Comune italiano di competenza;<\/li>\n<\/ol>\n<p style=\"text-align: justify;\">Si precisa che in entrambi i casi, trattandosi di\u00a0<strong><u>acquisto della cittadinanza per \u201cbeneficio di legge\u201d,<\/u><\/strong>\u00a0il minore non acquister\u00e0 la cittadinanza dal giorno della nascita ma\u00a0<strong><u>dal giorno successivo alla dichiarazione dei genitori in Consolato<\/u><\/strong>.<\/p>\n<p style=\"text-align: justify;\">\n","protected":false},"excerpt":{"rendered":"La Legge n.74 del 23\/05\/2025, che ha convertito con modificazioni il decreto-legge n.36 del 28\/03\/2025,\u00a0ha introdotto importanti limitazioni alla trasmissione della cittadinanza italiana e di conseguenza anche alla procedura di trascrizione degli atti di nascita dei minori nati all\u2019estero. La nuova legge di cittadinanza ha introdotto il principio per cui \u00e8 considerato\u00a0non avere mai acquistato [&hellip;]","protected":false},"author":6,"featured_media":0,"parent":189,"menu_order":0,"comment_status":"closed","ping_status":"closed","template":"","meta":{"footnotes":""},"class_list":["post-5675","page","type-page","status-publish","hentry"],"_links":{"self":[{"href":"https:\/\/conshongkong.esteri.it\/it\/wp-json\/wp\/v2\/pages\/5675","targetHints":{"allow":["GET"]}}],"collection":[{"href":"https:\/\/conshongkong.esteri.it\/it\/wp-json\/wp\/v2\/pages"}],"about":[{"href":"https:\/\/conshongkong.esteri.it\/it\/wp-json\/wp\/v2\/types\/page"}],"author":[{"embeddable":true,"href":"https:\/\/conshongkong.esteri.it\/it\/wp-json\/wp\/v2\/users\/6"}],"replies":[{"embeddable":true,"href":"https:\/\/conshongkong.esteri.it\/it\/wp-json\/wp\/v2\/comments?post=5675"}],"version-history":[{"count":6,"href":"https:\/\/conshongkong.esteri.it\/it\/wp-json\/wp\/v2\/pages\/5675\/revisions"}],"predecessor-version":[{"id":7440,"href":"https:\/\/conshongkong.esteri.it\/it\/wp-json\/wp\/v2\/pages\/5675\/revisions\/7440"}],"up":[{"embeddable":true,"href":"https:\/\/conshongkong.esteri.it\/it\/wp-json\/wp\/v2\/pages\/189"}],"wp:attachment":[{"href":"https:\/\/conshongkong.esteri.it\/it\/wp-json\/wp\/v2\/media?parent=5675"}],"curies":[{"name":"wp","href":"https:\/\/api.w.org\/{rel}","templated":true}]}}