{"id":564,"date":"2023-01-09T07:37:38","date_gmt":"2023-01-08T23:37:38","guid":{"rendered":"https:\/\/conshongkong.esteri.it\/?page_id=564"},"modified":"2026-03-18T17:22:43","modified_gmt":"2026-03-18T09:22:43","slug":"studiare-in-italia","status":"publish","type":"page","link":"https:\/\/conshongkong.esteri.it\/it\/italia-e-hong-kong\/diplomazia-culturale\/studiare-in-italia\/","title":{"rendered":"Studiare in Italia"},"content":{"rendered":"<p style=\"text-align: justify;\">Il Consolato Generale rilascia <a href=\"https:\/\/conshongkong.esteri.it\/it\/italia-e-hong-kong\/diplomazia-culturale\/studiare-in-italia\/dichiarazione-di-valore\/\"><span style=\"text-decoration: underline;\">dichiarazioni di valore<\/span><\/a> per i titoli conseguiti presso Scuole e Universit\u00e0 della circoscrizione consolare perch\u00e9 gli interessati possano ottenere l\u2019equipollenza dei titoli di studio primari e secondari con analoghi titoli italiani, l\u2019iscrizione a scuole ed Universit\u00e0 italiane, il riconoscimento in Italia degli studi universitari e l\u2019assegnazione di borse di studio.<\/p>\n<p style=\"text-align: justify;\">Per informazioni sulle offerte formative delle Universit\u00e0 ed Istituzioni di alta formazione artistica, musicale e coreutica (AFAM) italiane si pu\u00f2 consultare il portale\u00a0\u201c<strong><a href=\"http:\/\/www.universitaly.it\/\">Universitaly<\/a><\/strong>\u201d dedicato agli studenti stranieri che vogliono studiare in Italia. Il portale, disponibile in lingua inglese e italiana, fornisce tutte le informazioni utili per la scelta del percorso accademico ed \u00e8 articolato in diverse sezioni che presentano il sistema della formazione superiore, le procedure di iscrizione alle universit\u00e0 e suggerimenti utili sulla vita quotidiana e i primi adempimenti accademici e burocratici.<\/p>\n<p style=\"text-align: justify;\">Il portale si affianca al sito del MIUR \u201c<strong><a href=\"http:\/\/www.studiare-in-italia.it\/studentistranieri\/\">Studiare in Italia<\/a><\/strong>\u201d\u00a0\u00a0nel quale sono riportate annualmente le procedure per l\u2019ingresso, il soggiorno e l\u2019immatricolazione degli studenti internazionali ai corsi di formazione superiore presso le Universit\u00e0 e le Istituzioni AFAM e di registrazione alle prove di ammissione relative ai corsi di laurea ad accesso programmato.<\/p>\n<p><strong>INDICE<\/strong><\/p>\n<ul>\n<li><strong><a href=\"https:\/\/conshongkong.esteri.it\/it\/italia-e-hong-kong\/diplomazia-culturale\/studiare-in-italia\/borse-di-studio-per-cittadini-stranieri\/\">Borse di studio per cittadini stranieri<\/a><\/strong><\/li>\n<li><a href=\"https:\/\/conshongkong.esteri.it\/it\/italia-e-hong-kong\/diplomazia-culturale\/studiare-in-italia\/studenti-richiedenti-preiscrizione-presso-le-universita-e-le-istituzioni-afam-italiane\/\"><strong>Studenti stranieri richiedenti preiscrizione presso le universita&#8217; e le istituzioni AFAM italiane<\/strong><\/a><\/li>\n<li><a href=\"https:\/\/conshongkong.esteri.it\/it\/servizi-consolari-e-visti\/servizi-per-il-cittadino-straniero\/studiare-in-italia-dichiarazione-di-valore\/\"><strong>Come ottenere la &#8220;Dichiarazione di Valore&#8221; dal Consolato Generale d&#8217;Italia<\/strong><\/a><\/li>\n<li><a href=\"https:\/\/conshongkong.esteri.it\/it\/italia-e-hong-kong\/diplomazia-culturale\/studiare-in-italia\/studenti-cinesi-richiedenti-preiscrizione-presso-le-universita-istituzioni-afam-italiane-tramite-il-pogramma-marco-polo-e-turandot\/\"><strong>Studenti cinesi richiedenti preiscrizione presso le universita&#8217;\/ istituzioni AFAM italiane tramite il programma Marco Polo e Turandot\u00a0<\/strong><\/a><\/li>\n<li><a href=\"https:\/\/conshongkong.esteri.it\/it\/italia-e-hong-kong\/diplomazia-culturale\/studiare-in-italia\/corsi-universitari-di-lingua-italiana-per-stranieri\/\"><strong>Corsi universitari di lingua italiana per stranieri<\/strong><\/a><\/li>\n<li><a href=\"https:\/\/conshongkong.esteri.it\/wp-content\/uploads\/2023\/02\/formulario_richiesta_attestato_per_iscrizione_scuola_italia.pdf\"><strong>Modulo per richiedere la certificazione consolare per l&#8217;iscrizione a una scuola italiana (non universitaria)<\/strong><\/a><\/li>\n<li><a href=\"https:\/\/conshongkong.esteri.it\/it\/servizi-consolari-e-visti\/servizi-per-il-cittadino-straniero\/visti\/\"><strong>Visti<\/strong><\/a><\/li>\n<\/ul>\n<p>Per maggiori informazioni sulle Universit\u00e0 italiane:<\/p>\n<p style=\"padding-left: 40px;\"><a href=\"https:\/\/studyinitaly.esteri.it\">https:\/\/studyinitaly.esteri.it<\/a><br \/>\n<a href=\"https:\/\/www.universitaly.it\">https:\/\/www.universitaly.it<\/a><\/p>\n<p>Molti corsi sono offerti in inglese. Per tutti i corsi in italiano, la conoscenza della lingua italiana \u00e8 obbligatoria e sar\u00e0 verificata prima dell&#8217;ammissione all&#8217;Universit\u00e0.<\/p>\n","protected":false},"excerpt":{"rendered":"Il Consolato Generale rilascia dichiarazioni di valore per i titoli conseguiti presso Scuole e Universit\u00e0 della circoscrizione consolare perch\u00e9 gli interessati possano ottenere l\u2019equipollenza dei titoli di studio primari e secondari con analoghi titoli italiani, l\u2019iscrizione a scuole ed Universit\u00e0 italiane, il riconoscimento in Italia degli studi universitari e l\u2019assegnazione di borse di studio. Per [&hellip;]","protected":false},"author":6,"featured_media":0,"parent":75,"menu_order":0,"comment_status":"closed","ping_status":"closed","template":"","meta":{"footnotes":""},"class_list":["post-564","page","type-page","status-publish","hentry"],"_links":{"self":[{"href":"https:\/\/conshongkong.esteri.it\/it\/wp-json\/wp\/v2\/pages\/564","targetHints":{"allow":["GET"]}}],"collection":[{"href":"https:\/\/conshongkong.esteri.it\/it\/wp-json\/wp\/v2\/pages"}],"about":[{"href":"https:\/\/conshongkong.esteri.it\/it\/wp-json\/wp\/v2\/types\/page"}],"author":[{"embeddable":true,"href":"https:\/\/conshongkong.esteri.it\/it\/wp-json\/wp\/v2\/users\/6"}],"replies":[{"embeddable":true,"href":"https:\/\/conshongkong.esteri.it\/it\/wp-json\/wp\/v2\/comments?post=564"}],"version-history":[{"count":6,"href":"https:\/\/conshongkong.esteri.it\/it\/wp-json\/wp\/v2\/pages\/564\/revisions"}],"predecessor-version":[{"id":8390,"href":"https:\/\/conshongkong.esteri.it\/it\/wp-json\/wp\/v2\/pages\/564\/revisions\/8390"}],"up":[{"embeddable":true,"href":"https:\/\/conshongkong.esteri.it\/it\/wp-json\/wp\/v2\/pages\/75"}],"wp:attachment":[{"href":"https:\/\/conshongkong.esteri.it\/it\/wp-json\/wp\/v2\/media?parent=564"}],"curies":[{"name":"wp","href":"https:\/\/api.w.org\/{rel}","templated":true}]}}