{"id":513,"date":"2023-01-09T05:40:23","date_gmt":"2023-01-09T04:40:23","guid":{"rendered":"https:\/\/conshongkong.esteri.it\/?page_id=513"},"modified":"2023-01-09T05:40:23","modified_gmt":"2023-01-09T04:40:23","slug":"assistenza-e-promozione","status":"publish","type":"page","link":"https:\/\/conshongkong.esteri.it\/it\/italia-e-hong-kong\/diplomazia-economica\/fare-affari-a-hong-kong\/assistenza-e-promozione\/","title":{"rendered":"Assistenza e Promozione"},"content":{"rendered":"<p><strong>ICE<\/strong><\/p>\n<div style=\"text-align: justify;\">\n<p><strong>(Agenzia per la promozione all\u2019estero e l\u2019internazionalizzazione delle imprese italiane)<\/strong><\/p>\n<p>L\u2019ICE-Agenzia per la promozione all\u2019estero e l\u2019internazionalizzazione delle imprese italiane \u00e8 un ente dotato di personalit\u00e0 giuridica di diritto pubblico, sottoposto ai poteri di indirizzo e vigilanza del Ministero degli Affari Esteri e della Cooperazione Internazionale che li esercita d\u2019intesa con il Ministero dello Sviluppo Economico.<\/p>\n<p>L\u2019ICE-Agenzia ha il compito di agevolare, sviluppare e promuovere i rapporti economici e commerciali italiani con l\u2019estero &#8211; con particolare attenzione alle esigenze delle piccole e medie imprese, dei loro consorzi e raggruppamenti &#8211; e opera al fine di sviluppare l\u2019internazionalizzazione delle imprese italiane nonch\u00e9 la commercializzazione dei beni e servizi italiani nei mercati internazionali.<\/p>\n<p>Attraverso la sede di Roma, l\u2019Ufficio di Milano e la rete nel mondo l\u2019Agenzia svolge attivit\u00e0 di informazione, assistenza, promozione a imprese e istituzioni, di formazione a imprese e a giovani laureati e promuove la cooperazione nei settori industriale, agricolo e agro-alimentare, della distribuzione e del terziario. L\u2019ICE-Agenzia opera all\u2019estero nell\u2019ambito delle Rappresentanze diplomatiche italiane, in sinergia con le organizzazioni imprenditoriali e gli altri soggetti pubblici e privati interessati, assicurando un supporto coordinato alle imprese e reti nazionali che si impegnano nel processo di internazionalizzazione con l\u2019obiettivo di promuovere l\u2019immagine del prodotto italiano nel mondo e l\u2019Italia quale destinazione degli investimenti esteri.<\/p>\n<p>Sito web: <a href=\"https:\/\/www.ice.it\/it\">www.ice.it<\/a><\/p>\n<p>&nbsp;<\/p>\n<p><strong>Assocamerestero<\/strong><\/p>\n<p><strong>(Associazione delle Camere di Commercio Italiane all\u2019Estero)<\/strong><\/p>\n<p>Assocamerestero \u00e8 l\u2019Associazione che rappresenta le esigenze e le potenzialit\u00e0 di servizio delle Camere di Commercio Italiane all\u2019Estero (CCIE) e ricerca collaborazioni e alleanze strategiche con soggetti ed enti pubblici e privati &#8211; italiani e internazionali &#8211; per favorire la conoscenza e l\u2019utilizzo della rete delle CCIE.<\/p>\n<p>L\u2019Associazione provvede alla redazione del Rapporto sulle Opportunit\u00e0 di Business, che prospetta le potenzialit\u00e0 delle CCIE quali fornitori di informazioni sulle opportunit\u00e0 di affari, settore per settore, esistenti nei Paesi di operativit\u00e0 della rete. Essa, inoltre, svolge attivit\u00e0 di assistenza progettuale e coordinamento degli sportelli per l\u2019internazionalizzazione delle Camere di Commercio Italiane all\u2019estero, di raccordo con il progetto di Unioncamere.<\/p>\n<p>Fanno parte del sistema camerale italiano all\u2019estero anche la Camera di Commercio Italiana in Cina, con sede a Pechino, e la Camera di Commercio Italia a Hong Kong e Macao.<\/p>\n<p>Sito web: <a href=\"http:\/\/www.assocamerestero.it\">www.assocamerestero.it<\/a><\/p>\n<p>&nbsp;<\/p>\n<p><strong>Unioncamere<\/strong><\/p>\n<p><strong>(Sportello Informativo delle CCI per l\u2019internazionalizzazione delle imprese)<\/strong><\/p>\n<p>Le Camere di commercio &#8211; insieme alle loro Aziende speciali e alle Unioni regionali &#8211; hanno attivato WORLD-PASS, lo Sportello per l\u2019internazionalizzazione che offre alle imprese servizi di primo orientamento, assistenza e informazioni specialistiche legate alle attivit\u00e0 con l\u2019estero.<\/p>\n<p>Diffusi su tutto il territorio nazionale, gli Sportelli sono a disposizione delle imprese con personale specializzato in grado di rispondere a domande su temi specifici, che possono andare dal marketing alla contrattualistica internazionale, dalle operazioni doganali agli adempimenti per i trasporti internazionali. Supportano imprese nella ricerca di partner all\u2019estero, ed informano su eventuali fonti di finanziamenti e agevolazioni.<\/p>\n<p>Gli ostacoli in cui le imprese si imbattono per superare i confini nazionali sono tanti, e chi vuole allargare all\u2019estero il proprio business ha la costante necessit\u00e0 diessere aggiornato, informato e supportato in campo legale, fiscale, commerciale e doganale.<\/p>\n<p>Con l\u2019ausilio di un pool di esperti, del sistema camerale e professionisti di settore\/paese, gli sportelli possono anche assistere le imprese su tematiche di maggiore approfondimento, entro 2-3 giorni dalla richiesta.<\/p>\n<p>Sito web: <a href=\"http:\/\/www.mercatiaconfronto.it\">www.mercatiaconfronto.it<\/a><\/p>\n<p>&nbsp;<\/p>\n<p><strong>ENIT<\/strong><\/p>\n<p><strong>(Agenzia Nazionale del Turismo)<\/strong><\/p>\n<p>L\u2019Agenzia svolge tutte le funzioni e i compiti ad essa attribuiti dalla legge nel perseguimento della missione di promozione del turismo, e provvede, tra l\u2019altro, a:<\/p>\n<p>1. curare la promozione all\u2019estero dell\u2019immagine turistica italiana e delle varie tipologie dell\u2019offerta turistica nazionale;<\/p>\n<p>2. realizzare le strategie promozionali a livello nazionale ed internazionale e di informazione all\u2019estero, di sostegno alle imprese per la commercializzazione dei prodotti turistici italiani, in collegamento con le produzioni di qualit\u00e0 degli altri settori economici e produttivi, la cultura e l\u2019ambiente;<\/p>\n<p>3. individuare, organizzare, promuovere e commercializzare i servizi turistici e culturali italiani;<\/p>\n<p>4. promuovere il marchio Italia nel settore del turismo;<\/p>\n<p>5. favorire la commercializzazione dei prodotti enogastronomici, tipici e artigianali in Italia e all\u2019estero;<\/p>\n<p>6. svolgere le attivit\u00e0 attribuite dalla legge, dallo statuto e dai regolamenti con particolare utilizzazione di mezzi digitali, piattaforme tecnologiche e rete internet attraverso la gestione del portale \u201cItalia.it\u201d, nonch\u00e9 di ogni altro strumento di comunicazione ritenuto opportuno.<\/p>\n<p>Sito web: <a href=\"http:\/\/www.enit.it\/it\/\">www.enit.it<\/a><\/p>\n<\/div>\n<hr \/>\n","protected":false},"excerpt":{"rendered":"ICE (Agenzia per la promozione all\u2019estero e l\u2019internazionalizzazione delle imprese italiane) L\u2019ICE-Agenzia per la promozione all\u2019estero e l\u2019internazionalizzazione delle imprese italiane \u00e8 un ente dotato di personalit\u00e0 giuridica di diritto pubblico, sottoposto ai poteri di indirizzo e vigilanza del Ministero degli Affari Esteri e della Cooperazione Internazionale che li esercita d\u2019intesa con il Ministero dello [&hellip;]","protected":false},"author":6,"featured_media":0,"parent":169,"menu_order":0,"comment_status":"closed","ping_status":"closed","template":"","meta":{"footnotes":""},"class_list":["post-513","page","type-page","status-publish","hentry"],"_links":{"self":[{"href":"https:\/\/conshongkong.esteri.it\/it\/wp-json\/wp\/v2\/pages\/513","targetHints":{"allow":["GET"]}}],"collection":[{"href":"https:\/\/conshongkong.esteri.it\/it\/wp-json\/wp\/v2\/pages"}],"about":[{"href":"https:\/\/conshongkong.esteri.it\/it\/wp-json\/wp\/v2\/types\/page"}],"author":[{"embeddable":true,"href":"https:\/\/conshongkong.esteri.it\/it\/wp-json\/wp\/v2\/users\/6"}],"replies":[{"embeddable":true,"href":"https:\/\/conshongkong.esteri.it\/it\/wp-json\/wp\/v2\/comments?post=513"}],"version-history":[{"count":2,"href":"https:\/\/conshongkong.esteri.it\/it\/wp-json\/wp\/v2\/pages\/513\/revisions"}],"predecessor-version":[{"id":515,"href":"https:\/\/conshongkong.esteri.it\/it\/wp-json\/wp\/v2\/pages\/513\/revisions\/515"}],"up":[{"embeddable":true,"href":"https:\/\/conshongkong.esteri.it\/it\/wp-json\/wp\/v2\/pages\/169"}],"wp:attachment":[{"href":"https:\/\/conshongkong.esteri.it\/it\/wp-json\/wp\/v2\/media?parent=513"}],"curies":[{"name":"wp","href":"https:\/\/api.w.org\/{rel}","templated":true}]}}