{"id":511,"date":"2023-01-09T05:34:01","date_gmt":"2023-01-09T04:34:01","guid":{"rendered":"https:\/\/conshongkong.esteri.it\/?page_id=511"},"modified":"2023-04-12T16:35:56","modified_gmt":"2023-04-12T08:35:56","slug":"strumenti-pubblici-a-sostegno-dellinternazionalizzazione","status":"publish","type":"page","link":"https:\/\/conshongkong.esteri.it\/it\/italia-e-hong-kong\/diplomazia-economica\/fare-affari-a-hong-kong\/strumenti-pubblici-a-sostegno-dellinternazionalizzazione\/","title":{"rendered":"Strumenti pubblici a sostegno dell&#8217;internazionalizzazione"},"content":{"rendered":"<div>\n<p style=\"text-align: center;\"><strong>Strumenti pubblici a sostegno dell&#8217;internazionalizzazione<\/strong><\/p>\n<p style=\"text-align: justify;\">Le imprese italiane possono usufruire di una vasta gamma di strumenti pubblici al sostegno dell\u2019internazionalizzazione.<\/p>\n<p style=\"text-align: justify;\">Per conoscere gli strumenti disponibili a sostegno dell&#8217;internazionalizzazione del sistema produttivo, visiti la pagina dedicata del Ministero degli Affari Esteri e della Cooperazione Internazionale a questo link: <a href=\"https:\/\/www.esteri.it\/mae\/it\/politica_estera\/diplomaziaeconomica\/chi-siamo\">www.esteri.it<\/a>.<\/p>\n<p style=\"text-align: justify;\">Il 18 settembre \u00e8 stato lanciato <a href=\"https:\/\/export.gov.it\/\">https:\/\/export.gov.it\/<\/a>, il nuovo portale pubblico dedicato alle imprese italiane per orientarsi nel mondo dell&#8217;export e accedere pi\u00f9 agevolmente a tutti i servizi di supporto per l&#8217;internazionalizzazione.<\/p>\n<p style=\"text-align: justify;\">Sviluppato su impulso del Ministero degli Affari Esteri e della Cooperazione Internazionale nel quadro delle strategie promanate dalla Cabina di Regia per l&#8217;internazionalizzazione,\u00a0<a href=\"https:\/\/export.gov.it\/\">https:\/\/export.gov.it\/<\/a> consente alle imprese di potersi orientare con pochi clic verso le iniziative e gli strumenti messi a disposizione dal MAECI, dall&#8217;Agenzia ICE, da SACE e SIMEST per accompagnare le imprese verso le opportunit\u00e0 offerte dai mercati internazionali.<\/p>\n<p style=\"text-align: justify;\">La piattaforma rappresenta un punto di rifermento digitale unico, pensato sia per chi deve intraprendere i primi passi, sia per chi \u00e8 gi\u00e0 presente all&#8217;estero ma intende dare una spinta in pi\u00f9 al proprio business.<\/p>\n<p style=\"text-align: justify;\">Sul portale unico \u00e8 possibile accedere ai contenuti in modo sequenziale, seguendo le varie fasi dell&#8217;export e dell&#8217;internazionalizzazione proposte da un intuitivo percorso in 7 passi (prepararsi a esportare; identificare i Paesi target; pianificare l&#8217;ingresso nel mercato; promuovere e digitalizzare il business; negoziare il contratto commerciale; gestire il rischio e la liquidit\u00e0; continuare a crescere) oppure selezionare direttamente l&#8217;argomento d&#8217;interesse dal menu di navigazione.<\/p>\n<\/div>\n","protected":false},"excerpt":{"rendered":"Strumenti pubblici a sostegno dell&#8217;internazionalizzazione Le imprese italiane possono usufruire di una vasta gamma di strumenti pubblici al sostegno dell\u2019internazionalizzazione. Per conoscere gli strumenti disponibili a sostegno dell&#8217;internazionalizzazione del sistema produttivo, visiti la pagina dedicata del Ministero degli Affari Esteri e della Cooperazione Internazionale a questo link: www.esteri.it. Il 18 settembre \u00e8 stato lanciato https:\/\/export.gov.it\/, [&hellip;]","protected":false},"author":6,"featured_media":0,"parent":169,"menu_order":0,"comment_status":"closed","ping_status":"closed","template":"","meta":{"footnotes":""},"class_list":["post-511","page","type-page","status-publish","hentry"],"_links":{"self":[{"href":"https:\/\/conshongkong.esteri.it\/it\/wp-json\/wp\/v2\/pages\/511","targetHints":{"allow":["GET"]}}],"collection":[{"href":"https:\/\/conshongkong.esteri.it\/it\/wp-json\/wp\/v2\/pages"}],"about":[{"href":"https:\/\/conshongkong.esteri.it\/it\/wp-json\/wp\/v2\/types\/page"}],"author":[{"embeddable":true,"href":"https:\/\/conshongkong.esteri.it\/it\/wp-json\/wp\/v2\/users\/6"}],"replies":[{"embeddable":true,"href":"https:\/\/conshongkong.esteri.it\/it\/wp-json\/wp\/v2\/comments?post=511"}],"version-history":[{"count":1,"href":"https:\/\/conshongkong.esteri.it\/it\/wp-json\/wp\/v2\/pages\/511\/revisions"}],"predecessor-version":[{"id":512,"href":"https:\/\/conshongkong.esteri.it\/it\/wp-json\/wp\/v2\/pages\/511\/revisions\/512"}],"up":[{"embeddable":true,"href":"https:\/\/conshongkong.esteri.it\/it\/wp-json\/wp\/v2\/pages\/169"}],"wp:attachment":[{"href":"https:\/\/conshongkong.esteri.it\/it\/wp-json\/wp\/v2\/media?parent=511"}],"curies":[{"name":"wp","href":"https:\/\/api.w.org\/{rel}","templated":true}]}}