{"id":454,"date":"2023-01-05T09:46:09","date_gmt":"2023-01-05T08:46:09","guid":{"rendered":"https:\/\/conshongkong.esteri.it\/?page_id=454"},"modified":"2023-01-05T09:46:09","modified_gmt":"2023-01-05T08:46:09","slug":"spid-il-sistema-pubblico-di-identita-digitale","status":"publish","type":"page","link":"https:\/\/conshongkong.esteri.it\/it\/servizi-consolari-e-visti\/servizi-per-il-cittadino-italiano\/spid-il-sistema-pubblico-di-identita-digitale\/","title":{"rendered":"SPID, il Sistema Pubblico di Identit\u00e0 Digitale"},"content":{"rendered":"<div>\n<p><strong>SPID (<a href=\"http:\/\/www.spid.gov.it\">www.spid.gov.it<\/a>)<\/strong><\/p>\n<p>SPID, il <strong>Sistema Pubblico di Identit\u00e0 Digitale<\/strong>, \u00e8 la soluzione che permette di accedere ai servizi online della Pubblica Amministrazione e dei soggetti privati aderenti con un\u2019unica Identit\u00e0 Digitale (username e password) utilizzabile da computer, tablet e smartphone.<\/p>\n<p>L\u2019utilizzo dello SPID \u00e8 gratuito.<\/p>\n<p>Anche richiedere SPID \u00e8 gratuito, ma alcune forme di riconoscimento da parte degli operatori potrebbero essere a pagamento.<\/p>\n<p>SPID \u00e8 semplice: prenotazioni sanitarie, iscrizioni scolastiche, accesso alla rete Wi-Fi pubblica, pratiche d\u2019impresa ecc. sempre con le stesse credenziali.<\/p>\n<p>SPID \u00e8 sicuro: il sistema SPID assicura la piena protezione dei tuoi dati personali e non \u00e8 consentito alcun tipo di profilazione; la tua privacy \u00e8 garantita.<\/p>\n<p>SPID \u00e8 veloce: \u00e8 possibile accedere velocemente ai servizi online della Pubblica Amministrazione e dei soggetti privati aderenti ovunque ti trovi e da qualsiasi dispositivo.<\/p>\n<p>&nbsp;<\/p>\n<p><strong>Richiedi SPID<\/strong><\/p>\n<p>Per richiedere e ottenere le tue credenziali SPID, il Sistema Pubblico di Identit\u00e0 Digitale, devi esser maggiorenne.<\/p>\n<p>Avrai bisogno di:<\/p>\n<ul>\n<li>un indirizzo e-mail;<\/li>\n<li>il numero di telefono del cellulare che usi normalmente (anche straniero);<\/li>\n<li>un documento di identit\u00e0 italiano valido (uno tra carta di identit\u00e0, passaporto, patente). Durante la registrazione pu\u00f2 esser necessario fotografarli e allegarli al formulario che compilerai;<\/li>\n<li>il codice fiscale (in assenza di codice fiscale, \u00e8 possibile farne richiesta all\u2019Ufficio consolare, a breve anche tramite la piattaforma <strong><a href=\"https:\/\/serviziconsolari.esteri.it\/ScoFE\/index.sco;jsessionid=4BC3D5D18774B3709921A2608C10A9D7\">FastIT<\/a><\/strong>. Far\u00e0 fede il foglio dell\u2019Agenzia delle Entrate vidimate dall\u2019Ufficio consolare).<\/li>\n<\/ul>\n<p>&nbsp;<\/p>\n<p><strong>Cosa fare per ottenere SPID<\/strong><\/p>\n<p>Scegli uno tra gli Identity Provider (<a href=\"https:\/\/www.spid.gov.it\/cos-e-spid\/come-attivare-spid\/\">https:\/\/www.spid.gov.it\/cos-e-spid\/come-attivare-spid\/<\/a>) e registrati sul loro sito.<br \/>\nLa registrazione consiste in 3 step:<\/p>\n<ol>\n<li>Inserisci i dati anagrafici;<\/li>\n<li>Crea le tue credenziali SPID;<\/li>\n<li>Effettua il riconoscimento a scelta tra le seguenti modalit\u00e0: di persona \/ da remoto via webcam\/ tramite CIE, CNS, passaporto o firma digitale \/audio-video con bonifico bancario (bonifico da un c\/c con IBAN italiano).<\/li>\n<\/ol>\n<p>I tempi di rilascio dell\u2019identit\u00e0 digitale dipendono dai singoli Identity Provider.<\/p>\n<p>&nbsp;<\/p>\n<p><strong>Come scegliere tra i diversi Identity Provider<\/strong><\/p>\n<p>Gli Identity Provider forniscono diverse modalit\u00e0 di registrazione gratuitamente o a pagamento e i rispettivi SPID hanno diversi livelli di sicurezza.<\/p>\n<p>La tabella qui riportata (<a href=\"https:\/\/www.spid.gov.it\/cos-e-spid\/come-scegliere-tra-gli-idp\/\">https:\/\/www.spid.gov.it\/cos-e-spid\/come-scegliere-tra-gli-idp\/<\/a>) fornisce un quadro aggiornato della situazione.<\/p>\n<p>In particolare, si consiglia di soffermarsi sui seguenti parametri:<\/p>\n<ul>\n<li>scegli la modalit\u00e0 di riconoscimento che ti risulta pi\u00f9 comoda:di persona in Italia o presso le Sedi consolari accreditate come RAO (al momento solo Tel Aviv e Gerusalemme), tramite Carta d\u2019Identit\u00e0 Elettronica (CIE), Carta Nazionale dei Servizi (CNS), Passaporto biometrico, Firma Digitale o tramite webcam;<\/li>\n<li>scegli sulla base del livello di sicurezza di SPID che ti serve;<\/li>\n<li>se sei un cittadino italiano residente all\u2019estero, fai attenzione a chi offre il servizio per l\u2019estero: scegli l\u2019Identity Provider che mostra l\u2019icona \u201cMondo\u201d o \u201cEU\u201d;<\/li>\n<\/ul>\n<p>Ricorda che anche usando la CIE, la CNS, il Passaporto biometrico e la firma digitale puoi ottenere SPID da remoto (a distanza). Visita i siti dei diversi gestori per verificare le condizioni di rilascio e scegliere quella pi\u00f9 utile per te.<\/p>\n<p>&nbsp;<\/p>\n<p><strong>Dove si pu\u00f2 usare SPID<\/strong><\/p>\n<p>A questo <a href=\"https:\/\/www.spid.gov.it\/\"><strong>link<\/strong><\/a> puoi cercare tra i servizi abilitati SPID di oltre 4000 Amministrazioni e trovare l\u2019elenco dei fornitori di servizi privati. Puoi accedere al portale \u201c<a href=\"https:\/\/serviziconsolari.esteri.it\/ScoFE\/index.sco\"><strong>Fast It<\/strong><\/a>\u201d della Farnesina dedicato ai servizi consolari con le credenziali SPID.<\/p>\n<p>Domande frequenti: <a href=\"https:\/\/www.spid.gov.it\/domande-frequenti\">https:\/\/www.spid.gov.it\/domande-frequenti<\/a><\/p>\n<p>[Fonte delle informazioni riportate su questa pagina: <a href=\"http:\/\/www.spid.gov.it\"><strong>www.spid.gov.it<\/strong><\/a>, cui si rimanda per aggiornamenti ed approfondimenti]<\/p>\n<\/div>\n","protected":false},"excerpt":{"rendered":"SPID (www.spid.gov.it) SPID, il Sistema Pubblico di Identit\u00e0 Digitale, \u00e8 la soluzione che permette di accedere ai servizi online della Pubblica Amministrazione e dei soggetti privati aderenti con un\u2019unica Identit\u00e0 Digitale (username e password) utilizzabile da computer, tablet e smartphone. L\u2019utilizzo dello SPID \u00e8 gratuito. Anche richiedere SPID \u00e8 gratuito, ma alcune forme di riconoscimento [&hellip;]","protected":false},"author":6,"featured_media":0,"parent":73,"menu_order":38,"comment_status":"closed","ping_status":"closed","template":"","meta":{"footnotes":""},"class_list":["post-454","page","type-page","status-publish","hentry"],"_links":{"self":[{"href":"https:\/\/conshongkong.esteri.it\/it\/wp-json\/wp\/v2\/pages\/454","targetHints":{"allow":["GET"]}}],"collection":[{"href":"https:\/\/conshongkong.esteri.it\/it\/wp-json\/wp\/v2\/pages"}],"about":[{"href":"https:\/\/conshongkong.esteri.it\/it\/wp-json\/wp\/v2\/types\/page"}],"author":[{"embeddable":true,"href":"https:\/\/conshongkong.esteri.it\/it\/wp-json\/wp\/v2\/users\/6"}],"replies":[{"embeddable":true,"href":"https:\/\/conshongkong.esteri.it\/it\/wp-json\/wp\/v2\/comments?post=454"}],"version-history":[{"count":1,"href":"https:\/\/conshongkong.esteri.it\/it\/wp-json\/wp\/v2\/pages\/454\/revisions"}],"predecessor-version":[{"id":455,"href":"https:\/\/conshongkong.esteri.it\/it\/wp-json\/wp\/v2\/pages\/454\/revisions\/455"}],"up":[{"embeddable":true,"href":"https:\/\/conshongkong.esteri.it\/it\/wp-json\/wp\/v2\/pages\/73"}],"wp:attachment":[{"href":"https:\/\/conshongkong.esteri.it\/it\/wp-json\/wp\/v2\/media?parent=454"}],"curies":[{"name":"wp","href":"https:\/\/api.w.org\/{rel}","templated":true}]}}