{"id":392,"date":"2023-01-05T08:42:33","date_gmt":"2023-01-05T07:42:33","guid":{"rendered":"https:\/\/conshongkong.esteri.it\/?page_id=392"},"modified":"2023-03-27T05:39:05","modified_gmt":"2023-03-27T03:39:05","slug":"autocertificazione","status":"publish","type":"page","link":"https:\/\/conshongkong.esteri.it\/it\/servizi-consolari-e-visti\/servizi-per-il-cittadino-italiano\/autocertificazione\/","title":{"rendered":"Autocertificazione"},"content":{"rendered":"<p>Per &#8220;autocertificazione&#8221; si intende &#8220;la certificazione prodotta dall\u2019interessato in sostituzione della normale certificazione&#8221; e rappresenta la possibilit\u00e0 per il cittadino di fornire le stesse notizie presenti presso gli uffici della pubblica amministrazione italiana in modo pi\u00f9 semplice e con meno oneri.<\/p>\n<p>La possibilit\u00e0 di avvalersi dell\u2019autocertificazione \u00e8 concessa a tutti i cittadini italiani, UE e, se regolarmente residenti in Italia, anche extra-UE limitatamente ai dati verificabili o certificabili in Italia da soggetti pubblici.<\/p>\n<p>L\u2019autocertificazione e le dichiarazioni sostitutive possono essere utilizzate nei rapporti con la Pubblica Amministrazione e con i concessionari e i gestori di pubblici servizi.<br \/>\nNon possono invece essere utilizzate nei rapporti tra i privati, salvo che gli stessi non vi acconsentano, e davanti all\u2019autorit\u00e0 giudiziaria nello svolgimento di funzioni giurisdizionali.<\/p>\n<p>Modalit\u00e0 della dichiarazione sostitutiva di certificati:<\/p>\n<p>La dichiarazione sostitutiva delle normali certificazioni si pu\u00f2 fare scrivendo su carta semplice e firmando sotto la propria ed esclusiva responsabilit\u00e0 (non \u00e8 necessario firmare davanti all\u2019impiegato) o compilando dichiarazioni sostitutive e va accompagnata dalla copia di un docdumento d\u2019identit\u00e0.<\/p>\n<p>La possibilit\u00e0 di avvalersi dell\u2019autocertificazione non \u00e8 mai ammessa per i certificati:<\/p>\n<p>&#8211; medici<\/p>\n<p>&#8211; sanitari<\/p>\n<p>&#8211; veterinari<\/p>\n<p>&#8211; di origine<\/p>\n<p>&#8211; di conformit\u00e0 CE<\/p>\n<p>&#8211; marchi o brevetti.<\/p>\n<p><a href=\"https:\/\/conshongkong.esteri.it\/wp-content\/uploads\/2023\/03\/DICHIARAZIONE_SOSTITUTIVA_DI_CERTIFICAZIONE.pdf\">Modello di autocertificazione<\/a><\/p>\n<p>&nbsp;<\/p>\n<p><strong>L\u2019ATTO NOTORIO<\/strong><\/p>\n<p>Gli interessati possono ricorrere all\u2019autocertificazione per tutti gli stati, fatti e qualit\u00e0 personali che non siano certificabili da parte di una pubblica amministrazione, mediante dichiarazione sostitutiva dell\u2019atto di notoriet\u00e0 ai sensi dell\u2019art.47 del DPR 445\/2000.<br \/>\nLa dichiarazione sostitutiva di atti notori pu\u00f2 essere fatta dichiarando fatti, stati o qualit\u00e0 personali a diretta conoscenza dell\u2019interessato dinanzi al funzionario competente a ricevere la documentazione, o dinanzi a un notaio, cancelliere, segretario comunale o altro funzionario incaricato dal sindaco .<br \/>\nQualora si tratti di stati, fatti e qualit\u00e0 personali certificabili o attestabili da parte di un altro soggetto pubblico e l\u2019amministrazione ritenga necessario controllare la veridicit\u00e0 delle dichiarazioni, ha a disposizione 15 giorni di tempo dalle dichiarazioni per richiedere la necessaria documentazione.<\/p>\n<p><a href=\"https:\/\/conshongkong.esteri.it\/wp-content\/uploads\/2023\/03\/DICHIARAZIONE_SOSTITUTIVA_DI_ATTO_DI_NOTORIETA.pdf\">Modello di Dichiarazione Sostitutiva di Atto di Notariet\u00e0<\/a><\/p>\n<p>Sanzioni per i cittadini che forniscono dichiarazioni non veritiere<\/p>\n<p>Se le amministrazioni hanno dubbi sulla veridicit\u00e0 delle autocertificazioni, sono tenute a effettuare i controlli necessari.<br \/>\nNel caso vengano riscontrate dichiarazioni mendaci, la falsit\u00e0 negli atti e l\u2019uso di atti falsi sono puniti ai sensi del codice penale e delle leggi in materia (DPR 445\/2000 art. 45).<br \/>\nIl dichiarante inoltre decade dai benefici eventualmente conseguiti grazie a provvedimenti basati su dichiarazioni non veritiere.<\/p>\n<p><a href=\"https:\/\/www.esteri.it\/it\/servizi-consolari-e-visti\/normativa_consolare\/serviziconsolari\/autocertificazione\/\"><strong>Per maggiori informazioni cliccare qui<\/strong><\/a><\/p>\n","protected":false},"excerpt":{"rendered":"Per &#8220;autocertificazione&#8221; si intende &#8220;la certificazione prodotta dall\u2019interessato in sostituzione della normale certificazione&#8221; e rappresenta la possibilit\u00e0 per il cittadino di fornire le stesse notizie presenti presso gli uffici della pubblica amministrazione italiana in modo pi\u00f9 semplice e con meno oneri. La possibilit\u00e0 di avvalersi dell\u2019autocertificazione \u00e8 concessa a tutti i cittadini italiani, UE e, [&hellip;]","protected":false},"author":6,"featured_media":0,"parent":73,"menu_order":10,"comment_status":"closed","ping_status":"closed","template":"","meta":{"footnotes":""},"class_list":["post-392","page","type-page","status-publish","hentry"],"_links":{"self":[{"href":"https:\/\/conshongkong.esteri.it\/it\/wp-json\/wp\/v2\/pages\/392","targetHints":{"allow":["GET"]}}],"collection":[{"href":"https:\/\/conshongkong.esteri.it\/it\/wp-json\/wp\/v2\/pages"}],"about":[{"href":"https:\/\/conshongkong.esteri.it\/it\/wp-json\/wp\/v2\/types\/page"}],"author":[{"embeddable":true,"href":"https:\/\/conshongkong.esteri.it\/it\/wp-json\/wp\/v2\/users\/6"}],"replies":[{"embeddable":true,"href":"https:\/\/conshongkong.esteri.it\/it\/wp-json\/wp\/v2\/comments?post=392"}],"version-history":[{"count":3,"href":"https:\/\/conshongkong.esteri.it\/it\/wp-json\/wp\/v2\/pages\/392\/revisions"}],"predecessor-version":[{"id":1065,"href":"https:\/\/conshongkong.esteri.it\/it\/wp-json\/wp\/v2\/pages\/392\/revisions\/1065"}],"up":[{"embeddable":true,"href":"https:\/\/conshongkong.esteri.it\/it\/wp-json\/wp\/v2\/pages\/73"}],"wp:attachment":[{"href":"https:\/\/conshongkong.esteri.it\/it\/wp-json\/wp\/v2\/media?parent=392"}],"curies":[{"name":"wp","href":"https:\/\/api.w.org\/{rel}","templated":true}]}}