{"id":381,"date":"2023-01-05T08:08:54","date_gmt":"2023-01-05T07:08:54","guid":{"rendered":"https:\/\/conshongkong.esteri.it\/?page_id=381"},"modified":"2023-01-05T08:08:54","modified_gmt":"2023-01-05T07:08:54","slug":"apostilla","status":"publish","type":"page","link":"https:\/\/conshongkong.esteri.it\/it\/servizi-consolari-e-visti\/servizi-per-il-cittadino-italiano\/apostilla\/","title":{"rendered":"Apostilla"},"content":{"rendered":"<p>Legalizzazione con Apostilla dei documenti<\/p>\n<p>Prima di essere presentati all&#8217;Ufficio consolare per l\u2019inoltro in Italia, tutti i documenti rilasciati dalle Autorit\u00e0 della R.A.S. di Hong Kong e di Macao devono previamente essere essere legalizzati con l\u2019apposizione dell\u2019Apostilla da parte della High Court per Hong Kong e dal Dipartimento di Giustizia per Macao.<\/p>\n<p>Qui di seguito gli indirizzi:<\/p>\n<p><strong><br \/>\nHong Kong<\/strong><\/p>\n<p>Apostille Service Office, High Court Registry<\/p>\n<p>Address: LG115, High Court Building, 38 Queensway, Hong Kong<\/p>\n<p>Telephone: (852) 28254226<\/p>\n<p>Fax: (852) 2524 2034<\/p>\n<p>Email: <a href=\"mailto:apostilleserviceenquiry@judiciary.gov.hk\">apostilleserviceenquiry@judiciary.gov.hk<\/a><\/p>\n<p><strong><\/p>\n<p>Macao<\/strong><\/p>\n<p>Direc\u00e7\u00e3o dos Servi\u00e7os de Assuntos de Justi\u00e7a<\/p>\n<p>Address: Rua do Campo, n. 162, Edificio Administra\u00e7\u00e3o P\u00fablica, 16-20 andar, Macau<\/p>\n<p>Telephone: (853) 564225<\/p>\n<p>Fax: (853) 318 052<\/p>\n<p>Email: <a href=\"mailto:info@dsaj.gov.mo\">info@dsaj.gov.mo<\/a><\/p>\n<p>Per ottenere l&#8217;apostilla occorrono solitamente due giorni lavorativi.<\/p>\n","protected":false},"excerpt":{"rendered":"Legalizzazione con Apostilla dei documenti Prima di essere presentati all&#8217;Ufficio consolare per l\u2019inoltro in Italia, tutti i documenti rilasciati dalle Autorit\u00e0 della R.A.S. di Hong Kong e di Macao devono previamente essere essere legalizzati con l\u2019apposizione dell\u2019Apostilla da parte della High Court per Hong Kong e dal Dipartimento di Giustizia per Macao. Qui di seguito [&hellip;]","protected":false},"author":6,"featured_media":0,"parent":73,"menu_order":5,"comment_status":"closed","ping_status":"closed","template":"","meta":{"footnotes":""},"class_list":["post-381","page","type-page","status-publish","hentry"],"_links":{"self":[{"href":"https:\/\/conshongkong.esteri.it\/it\/wp-json\/wp\/v2\/pages\/381","targetHints":{"allow":["GET"]}}],"collection":[{"href":"https:\/\/conshongkong.esteri.it\/it\/wp-json\/wp\/v2\/pages"}],"about":[{"href":"https:\/\/conshongkong.esteri.it\/it\/wp-json\/wp\/v2\/types\/page"}],"author":[{"embeddable":true,"href":"https:\/\/conshongkong.esteri.it\/it\/wp-json\/wp\/v2\/users\/6"}],"replies":[{"embeddable":true,"href":"https:\/\/conshongkong.esteri.it\/it\/wp-json\/wp\/v2\/comments?post=381"}],"version-history":[{"count":1,"href":"https:\/\/conshongkong.esteri.it\/it\/wp-json\/wp\/v2\/pages\/381\/revisions"}],"predecessor-version":[{"id":382,"href":"https:\/\/conshongkong.esteri.it\/it\/wp-json\/wp\/v2\/pages\/381\/revisions\/382"}],"up":[{"embeddable":true,"href":"https:\/\/conshongkong.esteri.it\/it\/wp-json\/wp\/v2\/pages\/73"}],"wp:attachment":[{"href":"https:\/\/conshongkong.esteri.it\/it\/wp-json\/wp\/v2\/media?parent=381"}],"curies":[{"name":"wp","href":"https:\/\/api.w.org\/{rel}","templated":true}]}}