{"id":357,"date":"2023-01-05T05:48:23","date_gmt":"2023-01-05T04:48:23","guid":{"rendered":"https:\/\/conshongkong.esteri.it\/?page_id=357"},"modified":"2023-01-10T09:21:55","modified_gmt":"2023-01-10T08:21:55","slug":"messaggio-del-console-generale","status":"publish","type":"page","link":"https:\/\/conshongkong.esteri.it\/it\/chi-siamo\/il-console-generale\/messaggio-del-console-generale\/","title":{"rendered":"Messaggio del Console Generale"},"content":{"rendered":"<p style=\"text-align: justify;\">Inizio oggi il mio incarico di Console Generale d\u2019Italia nella Regione Amministrativa Speciale di Hong Kong e in quella di Macao.<\/p>\n<p style=\"text-align: justify;\">Con orgoglio, emozione ed entusiasmo saluto i connazionali che vi risiedono permanentemente e la comunit\u00e0 italiana a vario titolo presente nella circoscrizione.<\/p>\n<p style=\"text-align: justify;\">E\u2019 un autentico onore e una grande responsabilit\u00e0 rappresentare una collettivit\u00e0 cos\u00ec dinamica e qualificata che in tantissimi anni ha contribuito senza sosta allo sviluppo delle relazioni bilaterali ed all\u2019approfondimento della cooperazione in numerosissimi ambiti di comune interesse.<\/p>\n<p style=\"text-align: justify;\">Con gli stessi sentimenti mi rivolgo e saluto la comunit\u00e0 locale, con la quale spero di interagire rapidamente per proseguire lungo la strada intrapresa finora e per individuare nuove sinergie e spunti innovativi di collaborazione.<\/p>\n<p style=\"text-align: justify;\">Insieme alle colleghe e ai colleghi del Consolato, che ringrazio per l\u2019accoglienza calorosa, continueremo ad offrire servizi, fornire informazioni e rispondere ai quesiti ed alle sollecitazioni che ci verranno indirizzate quotidianamente. Lo faremo attraverso i nostri uffici e utilizzando gli strumenti digitali che potremo impiegare per rendere pi\u00f9 immediato ed efficiente il nostro lavoro.<\/p>\n<p style=\"text-align: justify;\">In stretto coordinamento con l\u2019Ambasciata d\u2019Italia a Pechino e con il Sistema Italia attivo nelle due Regioni Amministrative Speciali, continueremo a promuovere il nostro Paese e le sue eccellenze, valorizzandole in ogni contesto, nel quadro di iniziative commerciali, culturali, scientifiche ed accademiche di alto profilo.<\/p>\n<p style=\"text-align: justify;\">Racconteremo il nostro lavoro attraverso i canali di comunicazione pi\u00f9 diffusi, dando spazio a chi opera ininterrottamente per preservare e rafforzare la vitalit\u00e0 dei rapporti con l\u2019Italia.<\/p>\n<p style=\"text-align: justify;\">Il Consolato Generale a Hong Kong rimarr\u00e0 sempre a disposizione e nel perseguire gli obiettivi che ho elencato non potro\u2019 che contare sulla vicinanza e il sostegno di tutti.<\/p>\n<p style=\"text-align: justify;\">Ringrazio per l\u2019attenzione, un caro saluto<\/p>\n<p style=\"text-align: justify;\"><strong>Carmelo Ficarra<\/strong><\/p>\n<p style=\"text-align: justify;\">Hong Kong, 1 settembre 2022<\/p>\n","protected":false},"excerpt":{"rendered":"Inizio oggi il mio incarico di Console Generale d\u2019Italia nella Regione Amministrativa Speciale di Hong Kong e in quella di Macao. Con orgoglio, emozione ed entusiasmo saluto i connazionali che vi risiedono permanentemente e la comunit\u00e0 italiana a vario titolo presente nella circoscrizione. E\u2019 un autentico onore e una grande responsabilit\u00e0 rappresentare una collettivit\u00e0 cos\u00ec [&hellip;]","protected":false},"author":6,"featured_media":0,"parent":66,"menu_order":1,"comment_status":"closed","ping_status":"closed","template":"","meta":{"footnotes":""},"class_list":["post-357","page","type-page","status-publish","hentry"],"_links":{"self":[{"href":"https:\/\/conshongkong.esteri.it\/it\/wp-json\/wp\/v2\/pages\/357","targetHints":{"allow":["GET"]}}],"collection":[{"href":"https:\/\/conshongkong.esteri.it\/it\/wp-json\/wp\/v2\/pages"}],"about":[{"href":"https:\/\/conshongkong.esteri.it\/it\/wp-json\/wp\/v2\/types\/page"}],"author":[{"embeddable":true,"href":"https:\/\/conshongkong.esteri.it\/it\/wp-json\/wp\/v2\/users\/6"}],"replies":[{"embeddable":true,"href":"https:\/\/conshongkong.esteri.it\/it\/wp-json\/wp\/v2\/comments?post=357"}],"version-history":[{"count":5,"href":"https:\/\/conshongkong.esteri.it\/it\/wp-json\/wp\/v2\/pages\/357\/revisions"}],"predecessor-version":[{"id":703,"href":"https:\/\/conshongkong.esteri.it\/it\/wp-json\/wp\/v2\/pages\/357\/revisions\/703"}],"up":[{"embeddable":true,"href":"https:\/\/conshongkong.esteri.it\/it\/wp-json\/wp\/v2\/pages\/66"}],"wp:attachment":[{"href":"https:\/\/conshongkong.esteri.it\/it\/wp-json\/wp\/v2\/media?parent=357"}],"curies":[{"name":"wp","href":"https:\/\/api.w.org\/{rel}","templated":true}]}}