{"id":184,"date":"2022-12-19T00:04:33","date_gmt":"2022-12-18T23:04:33","guid":{"rendered":"https:\/\/conshongkong.esteri.it\/?page_id=184"},"modified":"2025-08-22T16:41:17","modified_gmt":"2025-08-22T08:41:17","slug":"autoveicoli-e-patenti-di-guida-2","status":"publish","type":"page","link":"https:\/\/conshongkong.esteri.it\/it\/servizi-consolari-e-visti\/servizi-per-il-cittadino-italiano\/autoveicoli-e-patenti-di-guida-2\/","title":{"rendered":"Autoveicoli e Patenti di guida"},"content":{"rendered":"<p style=\"text-align: justify;\"><strong>RINNOVO PATENTI DI GUIDA<\/strong><\/p>\n<p style=\"text-align: justify;\">I cittadini italiani residenti a Hong Kong e Macao e regolarmente iscritti all\u2019A.I.R.E. <strong>da almeno 6 mesi<\/strong> o che sono in grado di dimostrare la propria residenza o domicilio nella circoscrizione da almeno 6 mesi, possono richiedere al Consolato Generale a Hong Kong di confermare la validit\u00e0 della propria patente di guida italiana in prossimit\u00e0 di scadenza (4 mesi) o scaduta da non pi\u00f9 di 5 anni.<\/p>\n<p style=\"text-align: justify;\"><strong>Il Consolato Generale<\/strong>, previo accertamento dei requisiti fisici e psichici da parte di medici fiduciari, <strong>rilascia una specifica attestazione (in carta semplice)<\/strong> che estende la durata della validit\u00e0 del documento italiano per:<\/p>\n<ul style=\"text-align: justify;\">\n<li>10 anni: al titolare di et\u00e0 inferiore ai 50 anni<\/li>\n<li>5 anni: al titolare di et\u00e0 compresa tra i 50 e i 70 anni<\/li>\n<li>3 anni: al titolare di et\u00e0 superiore ai 70 anni<\/li>\n<\/ul>\n<p style=\"text-align: justify;\"><strong>Il Consolato Generale non \u00e8 abilitato al rilascio di una nuova patente (tessera plastificata)<\/strong>. <strong>La patente di guida scaduta va conservata e esibita <u>sempre<\/u> assieme all\u2019attestazione di rinnovo prodotta dal Consolato Generale.<\/strong><\/p>\n<p style=\"text-align: justify;\">Per ottenere il rinnovo \u00e8 necessario:<\/p>\n<p><strong>1. Effettuare la visita medica (il cui costo \u00e8 a carico dell\u2019interessato) presso lo studio dei medici di fiducia di questo Consolato Generale previo appuntamento<\/strong>. Occorre presentarsi alla visita medica con patente e 2 foto formato passaporto (sfondo bianco, frontali). Il certificato medico ha la validit\u00e0 massima di 3 mesi dalla data del rilascio.<\/p>\n<ul>\n<li style=\"list-style-type: none;\">\n<ul style=\"text-align: justify;\">\n<li style=\"text-align: justify;\"><span style=\"text-decoration: underline;\">MEDICO DI FIDUCIA A HONG KONG:<\/span><\/li>\n<\/ul>\n<\/li>\n<\/ul>\n<p style=\"padding-left: 80px;\">Dr. Eric AU<\/p>\n<p style=\"padding-left: 80px;\">Unit 8B, KINGSWELL COMMERCIAL TOWER, 171-173 Lockhart Road, Wanchai<\/p>\n<p style=\"padding-left: 80px;\">tel. +852-2519.6232; fax. +852-2589.5612, email:\u00a0<a href=\"mailto:drericau@gmail.com\">drericau@gmail.com<\/a><\/p>\n<ul>\n<li style=\"list-style-type: none;\">\n<ul style=\"text-align: justify;\">\n<li style=\"text-align: justify;\"><span style=\"text-decoration: underline;\">MEDICI DI FIDUCIA A MACAO:<\/span><\/li>\n<\/ul>\n<\/li>\n<\/ul>\n<p style=\"padding-left: 80px;\">Dr. Rui FURTADO<\/p>\n<p style=\"padding-left: 80px;\">Dr. PERES DE SOUSA<\/p>\n<p style=\"padding-left: 80px;\">c\/o GloballMed Medical Centre<\/p>\n<p style=\"padding-left: 80px;\">504-520 Avenida de Guimaraes, Taipa<\/p>\n<p style=\"padding-left: 80px;\">Tel: +853 28282328; Fax: +853 28868640; email:\u00a0<a href=\"mailto:info@globallmed.com\">info@globallmed.com<\/a><\/p>\n<p><strong>2. Presentarsi personalmente in Consolato Generale <a href=\"https:\/\/prenotami.esteri.it\/\">previo appuntamento<\/a><\/strong>\u00a0con l\u2019apposito certificato rilasciato dai suddetti medici, le 2 foto e la patente da rinnovare.<\/p>\n<p>&nbsp;<\/p>\n<p style=\"text-align: justify;\"><span style=\"text-decoration: underline;\"><strong>ATTENZIONE<\/strong>:<\/span> Per poter effettuare il rinnovo della patente scaduta, quest&#8217;ultima deve essere in buono stato di conservazione e tutti i dati in essa riportati, inclusi i bollini di rinnovo, devono essere leggibili.<\/p>\n<p style=\"text-align: justify;\">I connazionali che <strong>riacquistano la residenza in Italia<\/strong> e hanno rinnovato la patente di guida presso il Consolato, hanno l&#8217;obbligo, entro sei mesi dal rientro in Italia, di rinnovare la patente secondo la procedura ordinaria prevista dal comma 8 dell\u2019Art. 126 del Codice della strada, anche nel caso in cui l\u2019attestazione del Consolato sia ancora valida.<\/p>\n<p style=\"text-align: justify;\"><strong>SMARRIMENTO, DISTRUZIONE O FURTO DELLA PATENTE IN PAESI EXTRA-UE<\/strong><\/p>\n<p style=\"text-align: justify;\">Il Consolato Generale non \u00e8 abilitato al rilascio di duplicati per smarrimento, distruzione o furto della patente, che possono essere richiesti esclusivamente in Italia presso il competente ufficio della Motorizzazione.<\/p>\n","protected":false},"excerpt":{"rendered":"RINNOVO PATENTI DI GUIDA I cittadini italiani residenti a Hong Kong e Macao e regolarmente iscritti all\u2019A.I.R.E. da almeno 6 mesi o che sono in grado di dimostrare la propria residenza o domicilio nella circoscrizione da almeno 6 mesi, possono richiedere al Consolato Generale a Hong Kong di confermare la validit\u00e0 della propria patente di [&hellip;]","protected":false},"author":3,"featured_media":0,"parent":73,"menu_order":12,"comment_status":"closed","ping_status":"closed","template":"","meta":{"footnotes":""},"class_list":["post-184","page","type-page","status-publish","hentry"],"_links":{"self":[{"href":"https:\/\/conshongkong.esteri.it\/it\/wp-json\/wp\/v2\/pages\/184","targetHints":{"allow":["GET"]}}],"collection":[{"href":"https:\/\/conshongkong.esteri.it\/it\/wp-json\/wp\/v2\/pages"}],"about":[{"href":"https:\/\/conshongkong.esteri.it\/it\/wp-json\/wp\/v2\/types\/page"}],"author":[{"embeddable":true,"href":"https:\/\/conshongkong.esteri.it\/it\/wp-json\/wp\/v2\/users\/3"}],"replies":[{"embeddable":true,"href":"https:\/\/conshongkong.esteri.it\/it\/wp-json\/wp\/v2\/comments?post=184"}],"version-history":[{"count":7,"href":"https:\/\/conshongkong.esteri.it\/it\/wp-json\/wp\/v2\/pages\/184\/revisions"}],"predecessor-version":[{"id":6472,"href":"https:\/\/conshongkong.esteri.it\/it\/wp-json\/wp\/v2\/pages\/184\/revisions\/6472"}],"up":[{"embeddable":true,"href":"https:\/\/conshongkong.esteri.it\/it\/wp-json\/wp\/v2\/pages\/73"}],"wp:attachment":[{"href":"https:\/\/conshongkong.esteri.it\/it\/wp-json\/wp\/v2\/media?parent=184"}],"curies":[{"name":"wp","href":"https:\/\/api.w.org\/{rel}","templated":true}]}}