{"id":182,"date":"2022-12-19T00:08:03","date_gmt":"2022-12-18T23:08:03","guid":{"rendered":"https:\/\/conshongkong.esteri.it\/?page_id=182"},"modified":"2025-02-25T16:37:33","modified_gmt":"2025-02-25T08:37:33","slug":"servizi-notarili","status":"publish","type":"page","link":"https:\/\/conshongkong.esteri.it\/it\/servizi-consolari-e-visti\/servizi-per-il-cittadino-italiano\/servizi-notarili\/","title":{"rendered":"Servizi notarili"},"content":{"rendered":"<p style=\"text-align: justify;\"><strong>Atti Notarili<\/strong><\/p>\n<p style=\"text-align: justify;\">Il Consolato Generale offre i servizi notarili solo in favore dei cittadini italiani regolarmente registrati in AIRE e presenti nel proprio schedario consolare, <strong>esclusivamente su appuntamento, che andr\u00e0 prenotato sul portale <a href=\"https:\/\/prenotami.esteri.it\/\">Prenot@mi <\/a><\/strong>dopo aver inviato la procura in formato word all\u2019indirizzo email <a href=\"mailto:notarile.hongkong@esteri.it\">notarile.hongkong@esteri.it<\/a>.<\/p>\n<p style=\"text-align: justify;\">Per eventuali informazioni o chiarimenti, scrivere una mail a\u00a0<a href=\"mailto:notarile.hongkong@esteri.it\">notarile.hongkong@esteri.it<\/a>.<\/p>\n<p style=\"text-align: justify;\">L\u2019Ufficio Consolare esercita &#8211; esclusivamente nei confronti di cittadini italiani che si trovino all&#8217;estero in via permanente o temporanea &#8211; talune funzioni notarili previste dal nostro ordinamento.<br \/>\nEssenzialmente si tratta del ricevimento di atti pubblici (procure, testamenti) e di autenticazioni di firma apposte su scritture private.<\/p>\n<p style=\"text-align: justify;\">I servizi pi\u00f9 richiesti sono:<\/p>\n<p style=\"text-align: justify;\">\u00b7 Procure speciali e generali<\/p>\n<p style=\"text-align: justify;\">\u00b7 Atti relativi al regime patrimoniale della famiglia (comunione \/ separazione dei beni)<\/p>\n<p style=\"text-align: justify;\">\u00b7 Attivita&#8217; di autenticazione (autenticazione di firma)<\/p>\n<p style=\"text-align: justify;\">\u00b7 Atti Pubblici<\/p>\n<p style=\"text-align: justify;\">\u00b7 Deleghe<\/p>\n<p style=\"text-align: justify;\">Gli atti sono redatti esclusivamente in italiano ed \u00e8 pertanto richiesta la conoscenza della lingua. Il dichiarante, munito di un documento di riconoscimento in corso di validit\u00e0, deve presentarsi di persona presso l\u2019Ufficio.<\/p>\n<p style=\"text-align: justify;\">Per gli atti di separazione dei beni e le donazioni l\u2019interessato dovr\u00e0 prevedere la presenza di due testimoni, senza i quali l\u2019atto notarile non pu\u00f2 essere sottoscritto.<\/p>\n<p style=\"text-align: justify;\"><strong>PROCEDURA PER LA RICHIESTA DI PROCURA<\/strong><\/p>\n<p style=\"text-align: justify;\">Data la complessit\u00e0 della materia, si consiglia di consultarsi preventivamente con il legale esperto di procure o notaio di fiducia, che in Italia dovr\u00e0 poi ricevere l&#8217;atto predisposto dall&#8217;Ufficio Consolare, e di farsi mandare bozza dei contenuti.<\/p>\n<p style=\"text-align: justify;\">Il testo della procura esclusivamente in formato Word dovr\u00e0 essere inviato all&#8217;indirizzo di posta elettronica dell&#8217;Ufficio Notarile\u00a0<a href=\"mailto:notarile.hongkong@esteri.it\">notarile.hongkong@esteri.it<\/a>\u00a0completo dei seguenti dati:<\/p>\n<p style=\"text-align: justify;\">\u00b7\u00a0<strong>MANDANTE<\/strong>\u00a0(colui che d\u00e0 mandato\/procura): cognome e nome, luogo e data di nascita, luogo di residenza (citt\u00e0, via\/piazza, numero civico), codice fiscale italiano, dati del passaporto utilizzato per accertare l&#8217;identit\u00e0: n.ro passaporto, Questura, Ambasciata o Consolato che lo ha rilasciato, la data di rilascio e la data di scadenza (si raccomanda di inviare scansione sia della pagina con foto e generalit\u00e0 che della pagina dove \u00e8 specificata l&#8217;Autorit\u00e0 di rilascio anzidetta);<\/p>\n<p style=\"text-align: justify;\">\u00b7\u00a0<strong>PROCURATORE<\/strong>\u00a0(colui che riceve mandato\/procura): cognome e nome, luogo e data di nascita, luogo di residenza (citt\u00e0, via\/piazza, numero civico), codice fiscale italiano<\/p>\n<p style=\"text-align: justify;\">\u00b7\u00a0<strong>OGGETTO DELL&#8217;ATTO<\/strong><\/p>\n<p style=\"text-align: justify;\">L\u2019interessato, inviato l\u2019atto all\u2019ufficio notarile, dovr\u00e0 prendere appuntamento sul portale <strong><a href=\"https:\/\/prenotami.esteri.it\/\">Prenot@mi<\/a><\/strong> e comunicare con email all\u2019ufficio notarile <a href=\"mailto:notarile.hongkong@esteri.it\">notarile.hongkong@esteri.it<\/a> la data dell\u2019appuntamento. L\u2019atto sar\u00e0 preparato per quella data.<\/p>\n<p style=\"text-align: justify;\">Per maggiori informazioni, <a href=\"https:\/\/www.esteri.it\/it\/servizi-consolari-e-visti\/italiani-all-estero\/attinotarili\/\">cliccare qui<\/a><\/p>\n<p style=\"text-align: justify;\"><strong>IL TESTAMENTO<\/strong><\/p>\n<p style=\"text-align: justify;\">Il testamento pu\u00f2 essere formalizzato in vari modi.<\/p>\n<p style=\"text-align: justify;\">Il testamento pubblico \u00e8 la dichiarazione di volont\u00e0 del testatore resa ad un funzionario delegato alle funzioni notarili in presenza di due testimoni e redatta in forma scritta.<\/p>\n<p style=\"text-align: justify;\">Diversamente da quello pubblico, nel testamento segreto le funzioni dell\u2019Ufficio notarile si limitano al ricevimento formale dell&#8217;atto (il cui contenuto rimane segreto) ed al suo deposito nell&#8217;Ufficio.<\/p>\n<p style=\"text-align: justify;\">Il testamento olografo, infine, non necessita della stesura da parte di un funzionario dell&#8217;Ufficio notarile e pu\u00f2 essere depositato in ogni luogo e presso chiunque. Solitamente esso viene depositato presso l&#8217;Ufficio notarile al fine di evitare la possibilit\u00e0 di un suo smarrimento e per assicurarne l&#8217;immediata pubblicazione alla morte del testatore.<\/p>\n<p style=\"text-align: justify;\">Per maggiori informazioni\u00a0<a href=\"https:\/\/www.esteri.it\/it\/servizi-consolari-e-visti\/italiani-all-estero\/successioni_0\/testamento_0\/\">cliccare qui<\/a>.<\/p>\n","protected":false},"excerpt":{"rendered":"Atti Notarili Il Consolato Generale offre i servizi notarili solo in favore dei cittadini italiani regolarmente registrati in AIRE e presenti nel proprio schedario consolare, esclusivamente su appuntamento, che andr\u00e0 prenotato sul portale Prenot@mi dopo aver inviato la procura in formato word all\u2019indirizzo email notarile.hongkong@esteri.it. Per eventuali informazioni o chiarimenti, scrivere una mail a\u00a0notarile.hongkong@esteri.it. L\u2019Ufficio [&hellip;]","protected":false},"author":3,"featured_media":0,"parent":73,"menu_order":36,"comment_status":"closed","ping_status":"closed","template":"","meta":{"footnotes":""},"class_list":["post-182","page","type-page","status-publish","hentry"],"_links":{"self":[{"href":"https:\/\/conshongkong.esteri.it\/it\/wp-json\/wp\/v2\/pages\/182","targetHints":{"allow":["GET"]}}],"collection":[{"href":"https:\/\/conshongkong.esteri.it\/it\/wp-json\/wp\/v2\/pages"}],"about":[{"href":"https:\/\/conshongkong.esteri.it\/it\/wp-json\/wp\/v2\/types\/page"}],"author":[{"embeddable":true,"href":"https:\/\/conshongkong.esteri.it\/it\/wp-json\/wp\/v2\/users\/3"}],"replies":[{"embeddable":true,"href":"https:\/\/conshongkong.esteri.it\/it\/wp-json\/wp\/v2\/comments?post=182"}],"version-history":[{"count":6,"href":"https:\/\/conshongkong.esteri.it\/it\/wp-json\/wp\/v2\/pages\/182\/revisions"}],"predecessor-version":[{"id":4665,"href":"https:\/\/conshongkong.esteri.it\/it\/wp-json\/wp\/v2\/pages\/182\/revisions\/4665"}],"up":[{"embeddable":true,"href":"https:\/\/conshongkong.esteri.it\/it\/wp-json\/wp\/v2\/pages\/73"}],"wp:attachment":[{"href":"https:\/\/conshongkong.esteri.it\/it\/wp-json\/wp\/v2\/media?parent=182"}],"curies":[{"name":"wp","href":"https:\/\/api.w.org\/{rel}","templated":true}]}}