{"id":1795,"date":"2023-04-19T10:15:09","date_gmt":"2023-04-19T02:15:09","guid":{"rendered":"https:\/\/conshongkong.esteri.it\/?page_id=1795"},"modified":"2026-03-18T11:14:07","modified_gmt":"2026-03-18T03:14:07","slug":"prenota-un-appuntamento-servizi-consolari-e-visti","status":"publish","type":"page","link":"https:\/\/conshongkong.esteri.it\/it\/chi-siamo\/gli-uffici\/prenota-un-appuntamento-servizi-consolari-e-visti\/","title":{"rendered":"Prenota un appuntamento (servizi consolari e visti)"},"content":{"rendered":"<header class=\"entry-header\"><a href=\"https:\/\/prenotami.esteri.it\"><span style=\"text-decoration: underline;\"><strong>Clicca qui per prenoare un appuntamento per i servizi consolari e visti.<\/strong><\/span><\/a><\/header>\n<div class=\"entry-content\" style=\"text-align: justify;\">\n<hr \/>\n<p style=\"text-align: justify;\"><strong><a href=\"https:\/\/conshongkong.esteri.it\/it\/servizi-consolari-e-visti\/servizi-per-il-cittadino-italiano\/\"><span style=\"text-decoration: underline;\">Servizi Consolari e Notarili<\/span><\/a><br \/>\n<\/strong><\/p>\n<p style=\"text-align: justify;\"><span lang=\"IT\">Il Consolato Generale ricever\u00e0 soltanto su appuntamento, da richiedere sul portale <strong><a href=\"https:\/\/prenotami.esteri.it\/\">PRENOT@MI<\/a><\/strong>:<\/span><\/p>\n<ul>\n<li style=\"text-align: justify;\"><span lang=\"IT\"><strong> dal luned\u00ec al venerd\u00ec dalle 9.00 alle 12.00<\/strong><\/span><\/li>\n<li style=\"text-align: justify;\"><span lang=\"IT\"><strong>luned\u00ec<\/strong> <strong>e<\/strong> <strong>mercoledi&#8217; anche dalle 14 alle 15:30<\/strong><\/span><\/li>\n<\/ul>\n<p style=\"text-align: justify;\">Si ricorda che per le iscrizioni all\u2019AIRE (anagrafe degli italiani residenti all\u2019estero) o per l\u2019aggiornamento dei propri dati personali (indirizzo di residenza, telefono, email etc.) non occorre venire in Consolato, tutte le operazioni possono essere effettuate online sul portale\u00a0<strong><a href=\"https:\/\/serviziconsolarionline.esteri.it\/ScoFE\/index.sco\">FAST.IT<\/a><\/strong>.<\/p>\n<p style=\"text-align: justify;\">Per le pratiche di cittadinanza e i servizi notarili, si consiglia di leggere le informazioni su questo sito o di scrivere a\u00a0<a href=\"mailto:notarile.hongkong@esteri.it\">notarile.hongkong@esteri.it<\/a>.<\/p>\n<p style=\"text-align: justify;\">E\u2019 possibile contattare la sezione consolare scrivendo a\u00a0<a href=\"mailto:consolare.hongkong@esteri.it\">consolare.hongkong@esteri.it<\/a>\u00a0o chiamando il n. +852 2521 9790 durante l\u2019orario d\u2019ufficio (ore 9 \u2013 16.30).<\/p>\n<p><strong>IN CASO DI SEGNALE TIFONE T8, EMESSO DALLE AUTORITA&#8217; LOCALI, IL CONSOLATO RIMARRA&#8217; CHIUSO<\/strong><\/p>\n<hr \/>\n<p style=\"text-align: justify;\"><a href=\"https:\/\/conshongkong.esteri.it\/it\/servizi-consolari-e-visti\/servizi-per-il-cittadino-straniero\/visti\/\"><span style=\"text-decoration: underline;\"><strong>Servizi Visti<\/strong><\/span><\/a><\/p>\n<div class=\"entry-content\">\n<div id=\"phInternaTxtTesto\" class=\"corpoPagina\" style=\"text-align: justify;\">\n<p>L\u2019Ufficio Visti riceve i richiedenti solo <strong><a href=\"https:\/\/prenotami.esteri.it\"><span style=\"text-decoration: underline;\">su appuntamento<\/span><\/a><\/strong><a href=\"https:\/\/prenotami.esteri.it\">, <\/a><span lang=\"IT\">da richiedere sul portale <strong><a href=\"https:\/\/prenotami.esteri.it\/\">PRENOT@MI<\/a><\/strong>:<\/span><\/p>\n<ul>\n<li>dal luned\u00ec al venerd\u00ec dalle ore 9.00 alle 12.30<\/li>\n<li>il luned\u00ec, il mercoled\u00ec e il venerd\u00ec dalle ore 14.30 alle ore 15.30, solo per il ritiro dei visti<\/li>\n<li>il marted\u00ec e il gioved\u00ec dalle ore 14.15 alle ore 15.40, solo per i visti di tipo D (visto nazionale)<\/li>\n<\/ul>\n<p>Le domande di visto vanno sempre e solo presentate di persona. Il Consolato Generale d\u2019Italia a Hong Kong non autorizza agenzie intermediarie alla presentazione di domande di visto.<\/p>\n<p><span style=\"color: #ff0000;\"><strong>Si consiglia di presentare la domanda di visto almeno tre settimane prima della data di partenza.<\/strong><\/span><\/p>\n<p><span lang=\"IT\">Per prendere un appuntamento i richiedenti devono registrarsi sul sito <a href=\"https:\/\/prenotami.esteri.it\"><strong>PRENOT@MI<\/strong><\/a>, inserire le informazioni richieste e il proprio indirizzo email (questi sono i requisiti essenziali).<\/span><\/p>\n<\/div>\n<div class=\"corpoPagina\" style=\"text-align: justify;\"><span lang=\"IT\">Dopo aver completato la propria registrazione, il richiedente ricever\u00e0 una conferma via email a seguito della quale potra\u2019<\/span>\u00a0accedere al programma con il proprio username e password. Dopo la prima registrazione, l\u2019accesso sara\u2019 possibile cliccando su \u201cLogin\u201d e infine selezionando \u201cprenota l\u2019appuntamento\u201d e poi il servizio richiesto (Rilascio passaporto o richiesta di visto).<\/div>\n<div class=\"corpoPagina\" style=\"text-align: justify;\"><\/div>\n<div class=\"corpoPagina\" style=\"text-align: justify;\"><span lang=\"IT\">Per aiutarci a fornire un servizio soddisfacente, l\u2019utente \u00e8 invitato a cancellare eventuali appuntamenti non pi\u00f9 necessari.<\/span><\/div>\n<div class=\"corpoPagina\" style=\"text-align: justify;\"><\/div>\n<div class=\"corpoPagina\" style=\"text-align: justify;\">Si fa presente inoltre che se l\u2019utenza e\u2019 gia\u2019 registrata presso un altro Consolato italiano, e\u2019 necessario richiedere la cancellazione dal Consolato precedente per poter finalizzare, con lo stesso username e password, la nuova registrazione presso questo Consolato Generale. In caso contrario, sara\u2019 necessario procedere con una nuova registrazione (username e password diversi da quelli gia\u2019 precedentemente usati).<\/div>\n<div class=\"corpoPagina\" style=\"text-align: justify;\"><\/div>\n<div class=\"corpoPagina\" style=\"text-align: justify;\">Dopo aver effettuato la prenotazione online,\u00a0<strong>si prega di compilare la domanda di visto online sul sito\u00a0<\/strong><a href=\"http:\/\/e-applicationvisa.esteri.it\/index.html\"><strong>http:\/\/e-applicationvisa.esteri.it\/index.html<\/strong><\/a><strong>,<\/strong>\u00a0di stamparla insieme al codice a barre e di portarla con s\u00e9 il giorno dell\u2019appuntamento.\u00a0<strong>La domanda di visto online pu\u00f2 essere presentata solo per i soggiorni brevi di max. 90 gg.;\u00a0<\/strong>\u00a0per i visti di lunga durata occorre scaricare il modulo di domanda per\u00a0<a href=\"https:\/\/conshongkong.esteri.it\/wp-content\/uploads\/2023\/03\/VISTO-NAZIONALE-FORM.pdf\">Visto Nazionale<\/a>\u00a0dal nostro sito senza codice a barre.<\/div>\n<\/div>\n<div><\/div>\n<div class=\"entry-content\">\n<div>Per casi di particolare urgenza nel rilascio di visto, legati a ragioni di motivate e stringenti necessit\u00e0, si prega di contattare direttamente l\u2019Ufficio inviando un email al seguente indirizzo:\u00a0<a href=\"mailto:visti.hongkong@esteri.it.\">visti.hongkong@esteri.it.<\/a><\/div>\n<div><\/div>\n<\/div>\n<\/div>\n<div style=\"text-align: justify;\">Per quesiti telefonici chiamare il numero dedicato (+852) 2447 1846 dal luned\u00ec al venerd\u00ec dalle 15.00 alle 16.00.<\/div>\n<div><\/div>\n<div><strong>IN CASO DI SEGNALE TIFONE T8, EMESSO DALLE AUTORITA&#8217; LOCALI, IL CONSOLATO RIMARRA&#8217; CHIUSO<\/strong><\/div>\n<div><\/div>\n","protected":false},"excerpt":{"rendered":"Clicca qui per prenoare un appuntamento per i servizi consolari e visti. Servizi Consolari e Notarili Il Consolato Generale ricever\u00e0 soltanto su appuntamento, da richiedere sul portale PRENOT@MI: dal luned\u00ec al venerd\u00ec dalle 9.00 alle 12.00 luned\u00ec e mercoledi&#8217; anche dalle 14 alle 15:30 Si ricorda che per le iscrizioni all\u2019AIRE (anagrafe degli italiani residenti [&hellip;]","protected":false},"author":6,"featured_media":0,"parent":68,"menu_order":0,"comment_status":"closed","ping_status":"closed","template":"","meta":{"footnotes":""},"class_list":["post-1795","page","type-page","status-publish","hentry"],"_links":{"self":[{"href":"https:\/\/conshongkong.esteri.it\/it\/wp-json\/wp\/v2\/pages\/1795","targetHints":{"allow":["GET"]}}],"collection":[{"href":"https:\/\/conshongkong.esteri.it\/it\/wp-json\/wp\/v2\/pages"}],"about":[{"href":"https:\/\/conshongkong.esteri.it\/it\/wp-json\/wp\/v2\/types\/page"}],"author":[{"embeddable":true,"href":"https:\/\/conshongkong.esteri.it\/it\/wp-json\/wp\/v2\/users\/6"}],"replies":[{"embeddable":true,"href":"https:\/\/conshongkong.esteri.it\/it\/wp-json\/wp\/v2\/comments?post=1795"}],"version-history":[{"count":6,"href":"https:\/\/conshongkong.esteri.it\/it\/wp-json\/wp\/v2\/pages\/1795\/revisions"}],"predecessor-version":[{"id":8257,"href":"https:\/\/conshongkong.esteri.it\/it\/wp-json\/wp\/v2\/pages\/1795\/revisions\/8257"}],"up":[{"embeddable":true,"href":"https:\/\/conshongkong.esteri.it\/it\/wp-json\/wp\/v2\/pages\/68"}],"wp:attachment":[{"href":"https:\/\/conshongkong.esteri.it\/it\/wp-json\/wp\/v2\/media?parent=1795"}],"curies":[{"name":"wp","href":"https:\/\/api.w.org\/{rel}","templated":true}]}}