{"id":12,"date":"2022-12-16T14:01:08","date_gmt":"2022-12-16T13:01:08","guid":{"rendered":"https:\/\/conshongkong.esteri.it\/?page_id=12"},"modified":"2024-05-29T16:50:10","modified_gmt":"2024-05-29T08:50:10","slug":"italia-e-hong-kong","status":"publish","type":"page","link":"https:\/\/conshongkong.esteri.it\/it\/italia-e-hong-kong\/","title":{"rendered":"Italia e Hong Kong"},"content":{"rendered":"<p style=\"text-align: justify;\">Hong Kong \u00e8 uno dei pi\u00f9 importanti hub economici e finanziari del Sud Est Asiatico.<\/p>\n<p style=\"text-align: justify;\">In questa pagina abbiamo raccolto gli indirizzi pi\u00f9 importanti e i siti di maggiore utilit\u00e0 per offrire al visitatore una panoramica del quadro istituzionale e normativo di Hong Kong, al fine di potersi meglio orientare tra settore pubblico e privato.<\/p>\n<p style=\"text-align: justify;\"><a href=\"https:\/\/www.gov.hk\/en\/residents\/\"><strong>Hong Kong Government<\/strong><\/a>. Il portale del Governo di Hong Kong, contenente link diretti ai principali siti governativi.<\/p>\n<p style=\"text-align: justify;\"><a href=\"http:\/\/www.customs.gov.hk\/en\/home\/index.html\"><strong>Hong Kong Customs and Excise Department<\/strong><\/a>. Il sito delle Dogane di Hong Kong. All\u2019interno del sito \u00e8 presente una sezione dedicata allo\u00a0<a href=\"http:\/\/www.customs.gov.hk\/en\/trade_facilitation\/aeo\/index.html\">Hong Kong Authorized Economic Operator (AEO) Programme<\/a>. Le aziende presenti a Hong Kong che desiderino aderire al Programma devono superare un assessment da parte delle Dogane, passato il quale si ottiene un certificato di abilitazione che garantisce un risparmio di tempi (e quindi di costi) grazie ad una semplificazione delle procedure ispettive della merce che entra ed esce da Hong Kong e alla concessione di una corsia preferenziale nello sdoganamento. Il Programma \u00e8 stato attivato con i seguenti Paesi: Cina, Giappone, Corea del Sud, Singapore, Malaysia, Thailandia, India, Australia, Nuova Zelanda, Israele, Canada e Messico.<\/p>\n<p style=\"text-align: justify;\"><a href=\"https:\/\/www.cedb.gov.hk\/en\/\"><strong>Commerce and Economic Development Bureau<\/strong><\/a>. Il sito del Dipartimento per lo sviluppo dell\u2019economia e del commercio di Hong Kong.<\/p>\n<p style=\"text-align: justify;\"><a href=\"http:\/\/www.ird.gov.hk\/eng\/welcome.htm\"><strong>Inland Revenue Department<\/strong><\/a>. Raccoglie on-line tutta la documentazione e le informazioni relative al sistema della tassazione nella Hong Kong SAR.<\/p>\n<p style=\"text-align: justify;\"><a href=\"http:\/\/www.immd.gov.hk\/eng\/\"><strong>Immigration Department<\/strong><\/a>. Il sito dell\u2019immigrazione fornisce tutte le informazioni sui servizi e le procedure in vigore a Hong Kong valide per i residenti e per chiunque volesse chiedere un visto di soggiorno.<\/p>\n<p style=\"text-align: justify;\"><a href=\"http:\/\/www.hkma.gov.hk\/eng\/index.shtml\"><strong>Hong Kong Monetary Authority<\/strong><\/a>. Autorit\u00e0 governativa responsabile del mantenimento della stabilit\u00e0 monetaria e bancaria di Hong Kong.<\/p>\n<p style=\"text-align: justify;\"><a href=\"https:\/\/www.censtatd.gov.hk\/en\/\"><strong>Hong Kong Census and Statistics Department<\/strong><\/a>. Sito del Dipartimento di Statistica, contenente dati statistici aggiornati sull\u2019economia e sul tessuto sociale di Hong Kong.<\/p>\n<p style=\"text-align: justify;\"><a href=\"http:\/\/www.hktdc.com\/\"><strong>Hong Kong Trade Development Council<\/strong><\/a>. Lo Hong Kong Trade Development Council (HKTDC) \u00e8 l\u2019Ente responsabile per la promozione del commercio estero e il principale ente fieristico di Hong Kong.<\/p>\n<p style=\"text-align: justify;\"><a href=\"http:\/\/www.investhk.gov.hk\/index.html\"><strong>Invest Hong Kong<\/strong><\/a>. InvestHK \u00e8 l\u2019agenzia governativa per la promozione degli investimenti e fornisce assistenza agli investitori stranieri.<\/p>\n<p style=\"text-align: justify;\"><a href=\"http:\/\/www.hkicpa.org.hk\/en\/\"><strong>Certified Public Accountants<\/strong><\/a>. Sito ufficiale dell\u2019Istituto di Accounting, ha lo scopo di autoregolamentare gli studi di accounting operanti in Hong Kong.<\/p>\n<p style=\"text-align: justify;\"><a href=\"http:\/\/www.chamber.org.hk\/en\/index.aspx\"><strong>Hong Kong General Chamber of Commerce<\/strong><\/a>. Il sito fornisce informazioni utili sulle principali attivit\u00e0 svolte dalla Camera a favore della business community di Hong Kong.<\/p>\n<p style=\"text-align: justify;\"><a href=\"https:\/\/www.industryhk.org\/en\/\"><strong>Federation of Hong Kong Industries<\/strong><\/a>. La Federazione, fondata nel 1960, promuove e incentiva gli interessi del settore industriale di Hong Kong e facilita le opportunit\u00e0 di scambi commerciali.<\/p>\n<p style=\"text-align: justify;\"><a href=\"https:\/\/www.hkfederation.org.hk\/\"><strong>Federation of Hong Kong Business Associations Worldwide<\/strong><\/a>. Network internazionale delle business associations di Hong Kong.<\/p>\n<p style=\"text-align: justify;\"><a href=\"http:\/\/www.exporters.org.hk\/\"><strong>Hong Kong Exporters\u2019 Association<\/strong><\/a>. Informazioni utili su date, settori e luoghi per chiunque volesse visitare o partecipare a fiere che si tengono a Hong Kong, in Cina e nel mondo.<\/p>\n<p style=\"text-align: justify;\"><a href=\"https:\/\/www.hkab.org.hk\/\"><strong>Hong Kong Association of Banks<\/strong><\/a>. Creata nel 1981, \u00e8 l\u2019organo di autoregolamentazione del sistema bancario in Hong Kong.<\/p>\n<p style=\"text-align: justify;\"><a href=\"http:\/\/www.chamber.org.hk\/en\/committees\/committee_detail.aspx?cid=2\"><strong>Hong Kong Coalition of Service Industries<\/strong><\/a>. Fondata nel 1990, la Coalizione \u00e8 la principale voce del settore dei servizi in Hong Kong.<\/p>\n<p style=\"text-align: justify;\"><a href=\"http:\/\/www.cr.gov.hk\/en\/home\/index.htm\"><strong>Companies Registry<\/strong><\/a>. Il Registro delle Imprese di Hong Kong. Le informazioni sono organizzate in modo efficiente e chiaro e sono disponibili al pubblico a pagamento.<\/p>\n<p style=\"text-align: justify;\"><a href=\"http:\/\/www.doj.gov.hk\/eng\/legal\/\"><strong>Il sistema legale a Hong Kong<\/strong><\/a>. Informazioni sul sistema legale e giudiziario di Hong Kong. Il sito fornisce informazioni utili per le aziende per tutto quello che concerne i settori della vendita, del marketing, della produzione, della distribuzione e in ultimo, ma molto importante, per i problemi di dispute commerciali.<\/p>\n<p style=\"text-align: justify;\"><a href=\"http:\/\/www.hklii.org\/eng\/\"><strong>Istituto per le Informazioni Legali di Hong Kong<\/strong><\/a>. Il sito fornisce informazioni gratuite al pubblico su materie legali non solo riguardanti la Hong Kong SAR, ma anche Taiwan, Macao e la Repubblica Popolare Cinese.<\/p>\n<p style=\"text-align: justify;\"><a href=\"https:\/\/www.elegislation.gov.hk\/\"><strong>Hong Kong e-Legislation<\/strong><\/a>. Database contenente le leggi di Hong Kong, a cura del Dipartimento della Giustizia.<\/p>\n<p style=\"text-align: justify;\"><a href=\"https:\/\/www.hklawsoc.org.hk\/en\/\"><strong>Studi legali a Hong Kong<\/strong><\/a>. Il sito raccoglie tutti gli studi legali di Hong Kong suddivisi per categorie di interesse giuridico.<\/p>\n<p><a href=\"https:\/\/conshongkong.esteri.it\/it\/italia-e-hong-kong\/diplomazia-economica\/professionisti-di-riferimento-nel-settore-legale-e-o-fiscale\/\"><strong>Professionisti di riferimento nel settore legale e\/o fiscale<\/strong><\/a><\/p>\n","protected":false},"excerpt":{"rendered":"Hong Kong \u00e8 uno dei pi\u00f9 importanti hub economici e finanziari del Sud Est Asiatico. In questa pagina abbiamo raccolto gli indirizzi pi\u00f9 importanti e i siti di maggiore utilit\u00e0 per offrire al visitatore una panoramica del quadro istituzionale e normativo di Hong Kong, al fine di potersi meglio orientare tra settore pubblico e privato. [&hellip;]","protected":false},"author":2,"featured_media":0,"parent":0,"menu_order":4,"comment_status":"closed","ping_status":"closed","template":"","meta":{"footnotes":""},"class_list":["post-12","page","type-page","status-publish","hentry"],"_links":{"self":[{"href":"https:\/\/conshongkong.esteri.it\/it\/wp-json\/wp\/v2\/pages\/12","targetHints":{"allow":["GET"]}}],"collection":[{"href":"https:\/\/conshongkong.esteri.it\/it\/wp-json\/wp\/v2\/pages"}],"about":[{"href":"https:\/\/conshongkong.esteri.it\/it\/wp-json\/wp\/v2\/types\/page"}],"author":[{"embeddable":true,"href":"https:\/\/conshongkong.esteri.it\/it\/wp-json\/wp\/v2\/users\/2"}],"replies":[{"embeddable":true,"href":"https:\/\/conshongkong.esteri.it\/it\/wp-json\/wp\/v2\/comments?post=12"}],"version-history":[{"count":5,"href":"https:\/\/conshongkong.esteri.it\/it\/wp-json\/wp\/v2\/pages\/12\/revisions"}],"predecessor-version":[{"id":3406,"href":"https:\/\/conshongkong.esteri.it\/it\/wp-json\/wp\/v2\/pages\/12\/revisions\/3406"}],"wp:attachment":[{"href":"https:\/\/conshongkong.esteri.it\/it\/wp-json\/wp\/v2\/media?parent=12"}],"curies":[{"name":"wp","href":"https:\/\/api.w.org\/{rel}","templated":true}]}}