{"id":1189,"date":"2023-04-12T16:51:20","date_gmt":"2023-04-12T08:51:20","guid":{"rendered":"https:\/\/conshongkong.esteri.it\/?page_id=1189"},"modified":"2023-04-12T16:51:20","modified_gmt":"2023-04-12T08:51:20","slug":"assicurazione-allexport","status":"publish","type":"page","link":"https:\/\/conshongkong.esteri.it\/it\/italia-e-hong-kong\/diplomazia-economica\/fare-affari-a-hong-kong\/assicurazione-allexport\/","title":{"rendered":"Assicurazione all&#8217;export"},"content":{"rendered":"<div>\n<p class=\"boxLevel03\" style=\"text-align: justify;\"><strong>SACE SpA<\/strong><\/p>\n<p style=\"text-align: justify;\">SACE, societ\u00e0 controllata dal Ministero dell&#8217;Economia e delle Finanze, offre un\u2019ampia gamma di prodotti assicurativi e finanziari: credito all\u2019esportazione, assicurazione del credito, protezione degli investimenti, garanzie finanziarie, cauzioni e factoring. La missione della societ\u00e0 \u00e8 di sostenere tutte le imprese nel loro percorso di export e internazionalizzazione, aiutandole a cogliere le opportunit\u00e0 nelle aree geografiche ad alto potenziale attraverso una gamma completa di servizi assicurativi e finanziari. In questo modo si intende fornire un nuovo impulso alla competitivit\u00e0 del sistema produttivo italiano sui mercati internazionali, in linea con la mission della capogruppo Cassa Depositi e Prestiti.<\/p>\n<p style=\"text-align: justify;\">Sito web: <a href=\"http:\/\/www.sace.it\/\">www.sace.it<\/a><\/p>\n<\/div>\n","protected":false},"excerpt":{"rendered":"SACE SpA SACE, societ\u00e0 controllata dal Ministero dell&#8217;Economia e delle Finanze, offre un\u2019ampia gamma di prodotti assicurativi e finanziari: credito all\u2019esportazione, assicurazione del credito, protezione degli investimenti, garanzie finanziarie, cauzioni e factoring. La missione della societ\u00e0 \u00e8 di sostenere tutte le imprese nel loro percorso di export e internazionalizzazione, aiutandole a cogliere le opportunit\u00e0 nelle [&hellip;]","protected":false},"author":6,"featured_media":0,"parent":169,"menu_order":0,"comment_status":"closed","ping_status":"closed","template":"","meta":{"footnotes":""},"class_list":["post-1189","page","type-page","status-publish","hentry"],"_links":{"self":[{"href":"https:\/\/conshongkong.esteri.it\/it\/wp-json\/wp\/v2\/pages\/1189","targetHints":{"allow":["GET"]}}],"collection":[{"href":"https:\/\/conshongkong.esteri.it\/it\/wp-json\/wp\/v2\/pages"}],"about":[{"href":"https:\/\/conshongkong.esteri.it\/it\/wp-json\/wp\/v2\/types\/page"}],"author":[{"embeddable":true,"href":"https:\/\/conshongkong.esteri.it\/it\/wp-json\/wp\/v2\/users\/6"}],"replies":[{"embeddable":true,"href":"https:\/\/conshongkong.esteri.it\/it\/wp-json\/wp\/v2\/comments?post=1189"}],"version-history":[{"count":2,"href":"https:\/\/conshongkong.esteri.it\/it\/wp-json\/wp\/v2\/pages\/1189\/revisions"}],"predecessor-version":[{"id":1191,"href":"https:\/\/conshongkong.esteri.it\/it\/wp-json\/wp\/v2\/pages\/1189\/revisions\/1191"}],"up":[{"embeddable":true,"href":"https:\/\/conshongkong.esteri.it\/it\/wp-json\/wp\/v2\/pages\/169"}],"wp:attachment":[{"href":"https:\/\/conshongkong.esteri.it\/it\/wp-json\/wp\/v2\/media?parent=1189"}],"curies":[{"name":"wp","href":"https:\/\/api.w.org\/{rel}","templated":true}]}}