{"id":383,"date":"2023-01-05T08:08:54","date_gmt":"2023-01-05T00:08:54","guid":{"rendered":"https:\/\/conshongkong.esteri.it\/?page_id=383"},"modified":"2023-05-12T16:41:54","modified_gmt":"2023-05-12T08:41:54","slug":"apostilla","status":"publish","type":"page","link":"https:\/\/conshongkong.esteri.it\/en\/servizi-consolari-e-visti\/servizi-per-il-cittadino-italiano\/apostilla\/","title":{"rendered":"Apostille"},"content":{"rendered":"<div>\n<p><strong>Legalisation with Apostille of documents<\/strong><\/p>\n<p>Documents issued locally in Hong Kong and Macao cannot be used overseas without being legalised with Apostille first.<\/p>\n<p>This Consulate General can only forward documents to Italy that have been previously legalised.<\/p>\n<p>In Hong Kong the legalisation Authority is the High Court and in Macao the Department of Justice.<\/p>\n<p>Here below their addresses:<\/p>\n<p><strong><br \/>\nHong Kong<\/strong><\/p>\n<p>Apostille Service Office, High Court Registry<\/p>\n<p>Address: LG115, High Court Building, 38 Queensway, Hong Kong<\/p>\n<p>Telephone: (852) 28254226<\/p>\n<p>Fax: (852) 2524 2034<\/p>\n<p>Email: <a href=\"mailto:apostilleserviceenquiry@judiciary.gov.hk\">apostilleserviceenquiry@judiciary.gov.hk<\/a><\/p>\n<p>&nbsp;<\/p>\n<p>Macao<\/p>\n<p>Direc\u00e7\u00e3o dos Servi\u00e7os de Assuntos de Justi\u00e7a<\/p>\n<p>Address: Rua do Campo, n. 162, Edificio Administra\u00e7\u00e3o P\u00fablica, 16-20 andar, Macau<\/p>\n<p>Telephone: (853) 564225<\/p>\n<p>Fax: (853) 318 052<\/p>\n<p>Email: <a href=\"mailto:info@dsaj.gov.mo\">info@dsaj.gov.mo<\/a><\/p>\n<p>&nbsp;<\/p>\n<p>It takes usually two working days for obtaining the Apostille.<\/p>\n<\/div>\n","protected":false},"excerpt":{"rendered":"Legalisation with Apostille of documents Documents issued locally in Hong Kong and Macao cannot be used overseas without being legalised with Apostille first. This Consulate General can only forward documents to Italy that have been previously legalised. In Hong Kong the legalisation Authority is the High Court and in Macao the Department of Justice. Here [&hellip;]","protected":false},"author":6,"featured_media":0,"parent":108,"menu_order":5,"comment_status":"closed","ping_status":"closed","template":"","meta":{"footnotes":""},"class_list":["post-383","page","type-page","status-publish","hentry"],"_links":{"self":[{"href":"https:\/\/conshongkong.esteri.it\/en\/wp-json\/wp\/v2\/pages\/383","targetHints":{"allow":["GET"]}}],"collection":[{"href":"https:\/\/conshongkong.esteri.it\/en\/wp-json\/wp\/v2\/pages"}],"about":[{"href":"https:\/\/conshongkong.esteri.it\/en\/wp-json\/wp\/v2\/types\/page"}],"author":[{"embeddable":true,"href":"https:\/\/conshongkong.esteri.it\/en\/wp-json\/wp\/v2\/users\/6"}],"replies":[{"embeddable":true,"href":"https:\/\/conshongkong.esteri.it\/en\/wp-json\/wp\/v2\/comments?post=383"}],"version-history":[{"count":3,"href":"https:\/\/conshongkong.esteri.it\/en\/wp-json\/wp\/v2\/pages\/383\/revisions"}],"predecessor-version":[{"id":1273,"href":"https:\/\/conshongkong.esteri.it\/en\/wp-json\/wp\/v2\/pages\/383\/revisions\/1273"}],"up":[{"embeddable":true,"href":"https:\/\/conshongkong.esteri.it\/en\/wp-json\/wp\/v2\/pages\/108"}],"wp:attachment":[{"href":"https:\/\/conshongkong.esteri.it\/en\/wp-json\/wp\/v2\/media?parent=383"}],"curies":[{"name":"wp","href":"https:\/\/api.w.org\/{rel}","templated":true}]}}